{"id":1505,"date":"2025-12-19T14:07:24","date_gmt":"2025-12-19T13:07:24","guid":{"rendered":"https:\/\/seaja.org\/?page_id=1505"},"modified":"2026-03-25T10:36:30","modified_gmt":"2026-03-25T09:36:30","slug":"la-charte-de-seaja","status":"publish","type":"page","link":"https:\/\/seaja.org\/en\/la-charte-de-seaja\/","title":{"rendered":"SEAJA's charter"},"content":{"rendered":"<div class=\"wp-block-group alignfull is-style-ext-preset--group--natural-1--section has-background-background-color has-background has-global-padding is-layout-constrained wp-container-core-group-is-layout-8874b4f4 wp-block-group-is-layout-constrained\" style=\"margin-top:0;margin-bottom:0;padding-top:0;padding-bottom:0\">\n<div class=\"wp-block-group alignfull is-vertical is-content-justification-stretch is-layout-flex wp-container-core-group-is-layout-7ef65091 wp-block-group-is-layout-flex\" style=\"padding-top:var(--wp--preset--spacing--70);padding-bottom:var(--wp--preset--spacing--30)\">\n<div class=\"wp-block-group has-global-padding is-content-justification-left is-layout-constrained wp-container-core-group-is-layout-09d77c9f wp-block-group-is-layout-constrained\" style=\"padding-right:var(--wp--preset--spacing--70);padding-left:var(--wp--preset--spacing--70)\">\n<h2 class=\"wp-block-heading has-text-align-left\" style=\"font-size:clamp(1.092rem, 1.092rem + ((1vw - 0.2rem) * 1.013), 1.7rem);\">Discover the structure and operation of SEAJA, a volunteer organization that emphasizes transparency, responsiveness, and local collaboration to successfully carry out its projects.<\/h2>\n\n\n\n<p class=\"has-text-align-left\">SEAJA is run by dedicated volunteers and is based on concepts that combine flexibility and complementarity with major associations active in Cambodia and other Asian countries. Our main, long-term objective is to intervene quickly and effectively on simple but high-impact local projects in villages far from major urban centers.<\/p>\n\n\n\n<p class=\"has-text-align-left\">Our primary mission is to support families in difficulty in providing their children with a dignified living environment and genuine educational opportunities. We help them value their culture and environment, while also raising their awareness, if necessary, of the importance of respecting their surroundings.<\/p>\n<\/div>\n<\/div>\n\n\n\n<div class=\"wp-block-group alignwide has-global-padding is-layout-constrained wp-container-core-group-is-layout-6eb5b29a wp-block-group-is-layout-constrained\">\n<div class=\"wp-block-media-text alignfull is-stacked-on-mobile is-image-fill-element is-style-ext-preset--media-text--natural-1--card-1 has-tertiary-background-color has-background is-style-ext-preset--media-text--natural-1--card-1--2\" style=\"padding-top:0;padding-bottom:0;grid-template-columns:35% auto\"><figure class=\"wp-block-media-text__media\"><img fetchpriority=\"high\" decoding=\"async\" width=\"1024\" height=\"683\" src=\"https:\/\/seaja.org\/wp-content\/uploads\/2025\/10\/38c65b9731a5f400582aada8df7b7a1e5c952cea-1024x683.jpg\" alt=\"\" class=\"wp-image-1429 size-full\" style=\"object-position:50% 50%\" srcset=\"https:\/\/seaja.org\/wp-content\/uploads\/2025\/10\/38c65b9731a5f400582aada8df7b7a1e5c952cea-1024x683.jpg 1024w, https:\/\/seaja.org\/wp-content\/uploads\/2025\/10\/38c65b9731a5f400582aada8df7b7a1e5c952cea-300x200.jpg 300w, https:\/\/seaja.org\/wp-content\/uploads\/2025\/10\/38c65b9731a5f400582aada8df7b7a1e5c952cea-768x512.jpg 768w, https:\/\/seaja.org\/wp-content\/uploads\/2025\/10\/38c65b9731a5f400582aada8df7b7a1e5c952cea-18x12.jpg 18w, https:\/\/seaja.org\/wp-content\/uploads\/2025\/10\/38c65b9731a5f400582aada8df7b7a1e5c952cea.jpg 1440w\" sizes=\"(max-width: 1024px) 100vw, 1024px\" \/><\/figure><div class=\"wp-block-media-text__content\">\n<div class=\"wp-block-group is-style-default has-global-padding is-layout-constrained wp-container-core-group-is-layout-4fdaa807 wp-block-group-is-layout-constrained\" style=\"padding-top:var(--wp--preset--spacing--50);padding-right:var(--wp--preset--spacing--30);padding-bottom:var(--wp--preset--spacing--50);padding-left:var(--wp--preset--spacing--30)\">\n<h3 class=\"wp-block-heading\" style=\"font-size:clamp(15.747px, 0.984rem + ((1vw - 3.2px) * 0.86), 24px);\">SEAJA's scope of action<\/h3>\n\n\n\n<p>Villages far from major urban centers <\/p>\n\n\n\n<ul class=\"wp-block-list\">\n<li>Well construction<\/li>\n\n\n\n<li>Purchase of tools and materials<\/li>\n\n\n\n<li>Construction or renovation of schools and orphanages<\/li>\n\n\n\n<li>Assistance in recruiting qualified teachers<\/li>\n\n\n\n<li>Provision of essential school supplies<\/li>\n\n\n\n<li>Medical help<\/li>\n\n\n\n<li>Support for local NGOs<\/li>\n<\/ul>\n<\/div>\n<\/div><\/div>\n\n\n\n<div class=\"wp-block-media-text alignfull is-stacked-on-mobile is-image-fill-element is-style-ext-preset--media-text--natural-1--card-1 has-tertiary-background-color has-background is-style-ext-preset--media-text--natural-1--card-1--3\" style=\"padding-top:0;padding-bottom:0;grid-template-columns:35% auto\"><figure class=\"wp-block-media-text__media\"><img decoding=\"async\" width=\"1024\" height=\"768\" src=\"https:\/\/seaja.org\/wp-content\/uploads\/2025\/09\/20190517_095634-edited-1-1024x768.jpg\" alt=\"\" class=\"wp-image-204 size-full\" style=\"object-position:50% 50%\" srcset=\"https:\/\/seaja.org\/wp-content\/uploads\/2025\/09\/20190517_095634-edited-1-1024x768.jpg 1024w, https:\/\/seaja.org\/wp-content\/uploads\/2025\/09\/20190517_095634-edited-1-300x225.jpg 300w, https:\/\/seaja.org\/wp-content\/uploads\/2025\/09\/20190517_095634-edited-1-768x576.jpg 768w, https:\/\/seaja.org\/wp-content\/uploads\/2025\/09\/20190517_095634-edited-1-1536x1152.jpg 1536w, https:\/\/seaja.org\/wp-content\/uploads\/2025\/09\/20190517_095634-edited-1-2048x1536.jpg 2048w\" sizes=\"(max-width: 1024px) 100vw, 1024px\" \/><\/figure><div class=\"wp-block-media-text__content\">\n<div class=\"wp-block-group is-style-default has-global-padding is-layout-constrained wp-container-core-group-is-layout-4fdaa807 wp-block-group-is-layout-constrained\" style=\"padding-top:var(--wp--preset--spacing--50);padding-right:var(--wp--preset--spacing--30);padding-bottom:var(--wp--preset--spacing--50);padding-left:var(--wp--preset--spacing--30)\">\n<h3 class=\"wp-block-heading\" style=\"font-size:clamp(15.747px, 0.984rem + ((1vw - 3.2px) * 0.86), 24px);\">SEAJA's ethics and credo<\/h3>\n\n\n\n<ul class=\"wp-block-list\">\n<li>Honor and respect local culture and rules<\/li>\n\n\n\n<li>Humility and altruism: acting without expecting recognition or reward<\/li>\n\n\n\n<li style=\"padding-top:0;padding-bottom:0\">Exploring with our beneficiaries strategies to achieve financial autonomy: how to become independent of our support<\/li>\n\n\n\n<li>Agility and responsiveness in a streamlined process: assessment, evaluation, arbitration, and launch<\/li>\n\n\n\n<li>Transparency and efficiency in the use of donations. Saying what we do and doing what we say. <\/li>\n\n\n\n<li>Projects that rely on local stakeholders and lasting mutual trust<\/li>\n\n\n\n<li>A field-based approach that excludes all condescension and avoids miserabilism<\/li>\n<\/ul>\n<\/div>\n<\/div><\/div>\n\n\n\n<div class=\"wp-block-media-text alignfull is-stacked-on-mobile is-image-fill-element is-style-ext-preset--media-text--natural-1--card-1 has-tertiary-background-color has-background is-style-ext-preset--media-text--natural-1--card-1--4\" style=\"grid-template-columns:35% auto\"><figure class=\"wp-block-media-text__media\"><img decoding=\"async\" width=\"775\" height=\"1024\" src=\"https:\/\/seaja.org\/wp-content\/uploads\/2025\/08\/logo-seaja-775x1024.png\" alt=\"\" class=\"wp-image-81 size-full\" style=\"object-position:50% 50%\" srcset=\"https:\/\/seaja.org\/wp-content\/uploads\/2025\/08\/logo-seaja-775x1024.png 775w, https:\/\/seaja.org\/wp-content\/uploads\/2025\/08\/logo-seaja-227x300.png 227w, https:\/\/seaja.org\/wp-content\/uploads\/2025\/08\/logo-seaja-768x1015.png 768w, https:\/\/seaja.org\/wp-content\/uploads\/2025\/08\/logo-seaja-1162x1536.png 1162w, https:\/\/seaja.org\/wp-content\/uploads\/2025\/08\/logo-seaja.png 1361w\" sizes=\"(max-width: 775px) 100vw, 775px\" \/><\/figure><div class=\"wp-block-media-text__content\">\n<div class=\"wp-block-group is-style-default has-global-padding is-layout-constrained wp-container-core-group-is-layout-4fdaa807 wp-block-group-is-layout-constrained\" style=\"padding-top:var(--wp--preset--spacing--50);padding-right:var(--wp--preset--spacing--30);padding-bottom:var(--wp--preset--spacing--50);padding-left:var(--wp--preset--spacing--30)\">\n<h3 class=\"wp-block-heading\" style=\"font-size:clamp(15.747px, 0.984rem + ((1vw - 3.2px) * 0.86), 24px);\">How SEAJA works<\/h3>\n\n\n\n<p style=\"margin-top:var(--wp--preset--spacing--20)\">The association is composed of a small, entirely volunteer board to minimize operating costs while ensuring agility and responsiveness in line with our objectives and projects.<\/p>\n\n\n\n<p>Our approach is primarily participatory, open to the best ideas and proposals for collaboration. The topics we address are important, but we approach them as much as possible in a positive atmosphere and in the spirit of a sporting team!<\/p>\n\n\n\n<p>Meeting, helping, opening up, discovering, learning: so many sources of happiness!<\/p>\n\n\n\n<p>We do not receive any funding other than private donations from individuals and companies.<\/p>\n<\/div>\n<\/div><\/div>\n<\/div>\n<\/div>\n\n\n\n<p><\/p>","protected":false},"excerpt":{"rendered":"<p>D\u00e9couvrez la structure et le fonctionnement de SEAJA, une organisation b\u00e9n\u00e9vole qui met l\u2019accent sur la transparence, la r\u00e9activit\u00e9 et la collaboration locale pour mener \u00e0 bien ses projets SEAJA est anim\u00e9e par des b\u00e9n\u00e9voles engag\u00e9s et repose sur des concepts alliant flexibilit\u00e9 et compl\u00e9mentarit\u00e9 avec des associations majeures actives au Cambodge et dans d&rsquo;autres [&hellip;]<\/p>\n","protected":false},"author":1,"featured_media":0,"parent":0,"menu_order":0,"comment_status":"closed","ping_status":"closed","template":"page-with-title","meta":{"give_campaign_id":0,"om_disable_all_campaigns":false,"_monsterinsights_skip_tracking":false,"_monsterinsights_sitenote_active":false,"_monsterinsights_sitenote_note":"","_monsterinsights_sitenote_category":0,"footnotes":""},"class_list":["post-1505","page","type-page","status-publish","hentry"],"aioseo_notices":[],"campaignId":"","_links":{"self":[{"href":"https:\/\/seaja.org\/en\/wp-json\/wp\/v2\/pages\/1505","targetHints":{"allow":["GET"]}}],"collection":[{"href":"https:\/\/seaja.org\/en\/wp-json\/wp\/v2\/pages"}],"about":[{"href":"https:\/\/seaja.org\/en\/wp-json\/wp\/v2\/types\/page"}],"author":[{"embeddable":true,"href":"https:\/\/seaja.org\/en\/wp-json\/wp\/v2\/users\/1"}],"replies":[{"embeddable":true,"href":"https:\/\/seaja.org\/en\/wp-json\/wp\/v2\/comments?post=1505"}],"version-history":[{"count":36,"href":"https:\/\/seaja.org\/en\/wp-json\/wp\/v2\/pages\/1505\/revisions"}],"predecessor-version":[{"id":1747,"href":"https:\/\/seaja.org\/en\/wp-json\/wp\/v2\/pages\/1505\/revisions\/1747"}],"wp:attachment":[{"href":"https:\/\/seaja.org\/en\/wp-json\/wp\/v2\/media?parent=1505"}],"curies":[{"name":"wp","href":"https:\/\/api.w.org\/{rel}","templated":true}]}}