{"id":173,"date":"2025-09-03T16:15:15","date_gmt":"2025-09-03T16:15:15","guid":{"rendered":"https:\/\/seaja.org\/?page_id=173"},"modified":"2026-04-03T17:12:07","modified_gmt":"2026-04-03T15:12:07","slug":"les-renovations-a-lorphelinat-de-kampong-thom","status":"publish","type":"page","link":"https:\/\/seaja.org\/en\/les-renovations-a-lorphelinat-de-kampong-thom\/","title":{"rendered":"Renovations in Kampong Thom orphanage"},"content":{"rendered":"<div class=\"wp-block-group alignfull has-background-background-color has-background has-global-padding is-layout-constrained wp-container-core-group-is-layout-7276a2bb wp-block-group-is-layout-constrained\" style=\"margin-top:0;margin-bottom:0;padding-top:var(--wp--preset--spacing--60);padding-right:var(--wp--preset--spacing--30);padding-bottom:var(--wp--preset--spacing--60);padding-left:var(--wp--preset--spacing--30)\">\n<div class=\"wp-block-columns alignwide are-vertically-aligned-center is-layout-flex wp-container-core-columns-is-layout-47c06fe3 wp-block-columns-is-layout-flex\">\n<div class=\"wp-block-column is-vertically-aligned-center is-layout-flow wp-block-column-is-layout-flow\" style=\"flex-basis:60%\">\n<div class=\"wp-block-group has-global-padding is-layout-constrained wp-block-group-is-layout-constrained\">\n<h2 class=\"wp-block-heading has-large-font-size\">The restoration of the Orphanage<\/h2>\n\n\n\n<p style=\"margin-top:16px\">Apr\u00e8s une visite compl\u00e8te et un \u00e9tat des lieux d\u00e9taill\u00e9 de l&rsquo;orphelinat avec Ramine en juin 2025, nous avions demand\u00e9 et obtenu des devis pour la r\u00e9alisation <mark style=\"background-color:rgba(0, 0, 0, 0)\" class=\"has-inline-color has-foreground-color\">des travaux que nous jugeons essentiels et urgents<\/mark>. <\/p>\n<\/div>\n\n\n\n<figure class=\"wp-block-image size-large\"><img fetchpriority=\"high\" decoding=\"async\" width=\"1024\" height=\"768\" src=\"https:\/\/seaja.org\/wp-content\/uploads\/2025\/09\/20250627_110110-1024x768.jpg\" alt=\"\" class=\"wp-image-280\" style=\"aspect-ratio:4\/3;object-fit:cover\" srcset=\"https:\/\/seaja.org\/wp-content\/uploads\/2025\/09\/20250627_110110-1024x768.jpg 1024w, https:\/\/seaja.org\/wp-content\/uploads\/2025\/09\/20250627_110110-300x225.jpg 300w, https:\/\/seaja.org\/wp-content\/uploads\/2025\/09\/20250627_110110-768x576.jpg 768w, https:\/\/seaja.org\/wp-content\/uploads\/2025\/09\/20250627_110110-1536x1152.jpg 1536w, https:\/\/seaja.org\/wp-content\/uploads\/2025\/09\/20250627_110110-2048x1536.jpg 2048w\" sizes=\"(max-width: 1024px) 100vw, 1024px\" \/><\/figure>\n<\/div>\n\n\n\n<div class=\"wp-block-column is-vertically-aligned-center is-layout-flow wp-container-core-column-is-layout-f5bb311e wp-block-column-is-layout-flow\" style=\"flex-basis:50%\">\n<figure class=\"wp-block-image size-full\"><img decoding=\"async\" width=\"1280\" height=\"720\" src=\"https:\/\/seaja.org\/wp-content\/uploads\/2026\/03\/Toit-edited.jpg\" alt=\"\" class=\"wp-image-1910\" srcset=\"https:\/\/seaja.org\/wp-content\/uploads\/2026\/03\/Toit-edited.jpg 1280w, https:\/\/seaja.org\/wp-content\/uploads\/2026\/03\/Toit-edited-300x169.jpg 300w, https:\/\/seaja.org\/wp-content\/uploads\/2026\/03\/Toit-edited-1024x576.jpg 1024w, https:\/\/seaja.org\/wp-content\/uploads\/2026\/03\/Toit-edited-768x432.jpg 768w, https:\/\/seaja.org\/wp-content\/uploads\/2026\/03\/Toit-edited-18x10.jpg 18w\" sizes=\"(max-width: 1280px) 100vw, 1280px\" \/><\/figure>\n\n\n\n<h1 class=\"wp-block-heading has-large-font-size\">Ce que SEAJA a d\u00e9j\u00e0 r\u00e9alis\u00e9 !<\/h1>\n\n\n\n<p style=\"margin-top:16px\">Entre d\u00e9cembre 2025 et janvier 2026, nous avons r\u00e9par\u00e9 ce qui nous a sembl\u00e9 essentiel et urgent avec Ramine<mark style=\"background-color:rgba(0, 0, 0, 0)\" class=\"has-inline-color has-foreground-color\">.<\/mark><\/p>\n\n\n\n<h3 class=\"wp-block-heading\">Des travaux urgents !<\/h3>\n\n\n\n<p style=\"margin-top:16px\">Nous avons entrepris et finalis\u00e9 la r\u00e9novation compl\u00e8te des toits des deux dortoirs : gar\u00e7ons et filles.<\/p>\n\n\n\n<p>Nous avons \u00e9galement r\u00e9nov\u00e9 les toilettes des gar\u00e7ons ainsi que les huisseries chez les filles, et pour terminer, nous avons pu refaire le plafond d&rsquo;une salle de classe pour qu&rsquo;elle redevienne op\u00e9rationnelle.<\/p>\n<\/div>\n<\/div>\n<\/div>\n\n\n\n<div class=\"wp-block-group alignfull has-tertiary-background-color has-background has-global-padding is-layout-constrained wp-container-core-group-is-layout-7276a2bb wp-block-group-is-layout-constrained\" style=\"margin-top:0;margin-bottom:0;padding-top:var(--wp--preset--spacing--60);padding-right:var(--wp--preset--spacing--30);padding-bottom:var(--wp--preset--spacing--60);padding-left:var(--wp--preset--spacing--30)\">\n<div class=\"wp-block-columns alignwide is-layout-flex wp-container-core-columns-is-layout-e1fea541 wp-block-columns-is-layout-flex\" style=\"margin-top:var(--wp--preset--spacing--50)\">\n<div class=\"wp-block-column is-layout-flow wp-block-column-is-layout-flow\">\n<h3 class=\"wp-block-heading\">La r\u00e9paration des toilettes<\/h3>\n\n\n\n<figure class=\"wp-block-image size-large\"><img decoding=\"async\" width=\"1024\" height=\"768\" src=\"https:\/\/seaja.org\/wp-content\/uploads\/2026\/03\/20250627_104318-1024x768.jpg\" alt=\"\" class=\"wp-image-1902\" srcset=\"https:\/\/seaja.org\/wp-content\/uploads\/2026\/03\/20250627_104318-1024x768.jpg 1024w, https:\/\/seaja.org\/wp-content\/uploads\/2026\/03\/20250627_104318-300x225.jpg 300w, https:\/\/seaja.org\/wp-content\/uploads\/2026\/03\/20250627_104318-768x576.jpg 768w, https:\/\/seaja.org\/wp-content\/uploads\/2026\/03\/20250627_104318-1536x1152.jpg 1536w, https:\/\/seaja.org\/wp-content\/uploads\/2026\/03\/20250627_104318-2048x1536.jpg 2048w, https:\/\/seaja.org\/wp-content\/uploads\/2026\/03\/20250627_104318-16x12.jpg 16w\" sizes=\"(max-width: 1024px) 100vw, 1024px\" \/><figcaption class=\"wp-element-caption\"><mark style=\"background-color:rgba(0, 0, 0, 0)\" class=\"has-inline-color has-foreground-color\">Avant les travaux<\/mark><\/figcaption><\/figure>\n<\/div>\n\n\n\n<div class=\"wp-block-column is-vertically-aligned-center is-layout-flow wp-block-column-is-layout-flow\">\n<figure class=\"wp-block-image size-large\"><img loading=\"lazy\" decoding=\"async\" width=\"1024\" height=\"768\" src=\"https:\/\/seaja.org\/wp-content\/uploads\/2026\/03\/IMG-20260109-WA0001-1024x768.jpg\" alt=\"\" class=\"wp-image-1899\" srcset=\"https:\/\/seaja.org\/wp-content\/uploads\/2026\/03\/IMG-20260109-WA0001-1024x768.jpg 1024w, https:\/\/seaja.org\/wp-content\/uploads\/2026\/03\/IMG-20260109-WA0001-300x225.jpg 300w, https:\/\/seaja.org\/wp-content\/uploads\/2026\/03\/IMG-20260109-WA0001-768x576.jpg 768w, https:\/\/seaja.org\/wp-content\/uploads\/2026\/03\/IMG-20260109-WA0001-16x12.jpg 16w, https:\/\/seaja.org\/wp-content\/uploads\/2026\/03\/IMG-20260109-WA0001.jpg 1280w\" sizes=\"(max-width: 1024px) 100vw, 1024px\" \/><figcaption class=\"wp-element-caption\"><mark style=\"background-color:rgba(0, 0, 0, 0)\" class=\"has-inline-color has-foreground-color\">Apr\u00e8s les travaux<\/mark><\/figcaption><\/figure>\n<\/div>\n<\/div>\n\n\n\n<div class=\"wp-block-columns alignwide is-layout-flex wp-container-core-columns-is-layout-e1fea541 wp-block-columns-is-layout-flex\" style=\"margin-top:var(--wp--preset--spacing--50)\">\n<div class=\"wp-block-column is-layout-flow wp-block-column-is-layout-flow\">\n<figure class=\"wp-block-image size-large\"><img loading=\"lazy\" decoding=\"async\" width=\"1200\" height=\"1200\" src=\"https:\/\/seaja.org\/wp-content\/uploads\/2026\/03\/IMG-20251221-WA0003-edited.jpg\" alt=\"\" class=\"wp-image-1909\" srcset=\"https:\/\/seaja.org\/wp-content\/uploads\/2026\/03\/IMG-20251221-WA0003-edited.jpg 1200w, https:\/\/seaja.org\/wp-content\/uploads\/2026\/03\/IMG-20251221-WA0003-edited-300x300.jpg 300w, https:\/\/seaja.org\/wp-content\/uploads\/2026\/03\/IMG-20251221-WA0003-edited-1024x1024.jpg 1024w, https:\/\/seaja.org\/wp-content\/uploads\/2026\/03\/IMG-20251221-WA0003-edited-150x150.jpg 150w, https:\/\/seaja.org\/wp-content\/uploads\/2026\/03\/IMG-20251221-WA0003-edited-768x768.jpg 768w, https:\/\/seaja.org\/wp-content\/uploads\/2026\/03\/IMG-20251221-WA0003-edited-12x12.jpg 12w\" sizes=\"(max-width: 1200px) 100vw, 1200px\" \/><figcaption class=\"wp-element-caption\"><mark style=\"background-color:rgba(0, 0, 0, 0)\" class=\"has-inline-color has-foreground-color\">Travaux en cours&#8230;<\/mark><\/figcaption><\/figure>\n<\/div>\n\n\n\n<div class=\"wp-block-column is-vertically-aligned-center is-layout-flow wp-block-column-is-layout-flow\">\n<h3 class=\"wp-block-heading\">La r\u00e9paration du toit du dortoir des filles<\/h3>\n\n\n\n<figure class=\"wp-block-image size-large\"><img loading=\"lazy\" decoding=\"async\" width=\"1024\" height=\"768\" src=\"https:\/\/seaja.org\/wp-content\/uploads\/2026\/03\/IMG-20251226-WA0001-1-1024x768.jpg\" alt=\"\" class=\"wp-image-1898\" srcset=\"https:\/\/seaja.org\/wp-content\/uploads\/2026\/03\/IMG-20251226-WA0001-1-1024x768.jpg 1024w, https:\/\/seaja.org\/wp-content\/uploads\/2026\/03\/IMG-20251226-WA0001-1-300x225.jpg 300w, https:\/\/seaja.org\/wp-content\/uploads\/2026\/03\/IMG-20251226-WA0001-1-768x576.jpg 768w, https:\/\/seaja.org\/wp-content\/uploads\/2026\/03\/IMG-20251226-WA0001-1-1536x1152.jpg 1536w, https:\/\/seaja.org\/wp-content\/uploads\/2026\/03\/IMG-20251226-WA0001-1-16x12.jpg 16w, https:\/\/seaja.org\/wp-content\/uploads\/2026\/03\/IMG-20251226-WA0001-1.jpg 1600w\" sizes=\"(max-width: 1024px) 100vw, 1024px\" \/><figcaption class=\"wp-element-caption\"><mark style=\"background-color:rgba(0, 0, 0, 0)\" class=\"has-inline-color has-foreground-color\">Travaux finis<\/mark><\/figcaption><\/figure>\n<\/div>\n<\/div>\n\n\n\n<div class=\"wp-block-columns alignwide is-layout-flex wp-container-core-columns-is-layout-e1fea541 wp-block-columns-is-layout-flex\" style=\"margin-top:var(--wp--preset--spacing--50)\">\n<div class=\"wp-block-column is-layout-flow wp-block-column-is-layout-flow\">\n<h3 class=\"wp-block-heading\">Le toit des gar\u00e7ons<\/h3>\n\n\n\n<figure class=\"wp-block-image size-large\"><img loading=\"lazy\" decoding=\"async\" width=\"1024\" height=\"768\" src=\"https:\/\/seaja.org\/wp-content\/uploads\/2026\/03\/IMG-20251217-WA0000-1-1024x768.jpg\" alt=\"\" class=\"wp-image-1903\" srcset=\"https:\/\/seaja.org\/wp-content\/uploads\/2026\/03\/IMG-20251217-WA0000-1-1024x768.jpg 1024w, https:\/\/seaja.org\/wp-content\/uploads\/2026\/03\/IMG-20251217-WA0000-1-300x225.jpg 300w, https:\/\/seaja.org\/wp-content\/uploads\/2026\/03\/IMG-20251217-WA0000-1-768x576.jpg 768w, https:\/\/seaja.org\/wp-content\/uploads\/2026\/03\/IMG-20251217-WA0000-1-16x12.jpg 16w, https:\/\/seaja.org\/wp-content\/uploads\/2026\/03\/IMG-20251217-WA0000-1.jpg 1280w\" sizes=\"(max-width: 1024px) 100vw, 1024px\" \/><figcaption class=\"wp-element-caption\"><mark style=\"background-color:rgba(0, 0, 0, 0)\" class=\"has-inline-color has-foreground-color\">Le toit du dortoir des gar\u00e7ons fini<\/mark> <\/figcaption><\/figure>\n<\/div>\n\n\n\n<div class=\"wp-block-column is-layout-flow wp-block-column-is-layout-flow\">\n<h4 class=\"wp-block-heading has-white-color has-text-color\" style=\"margin-top:20px;font-size:clamp(14px, 0.875rem + ((1vw - 3.2px) * 0.625), 20px);\"><\/h4>\n<\/div>\n\n\n\n<div class=\"wp-block-column is-layout-flow wp-block-column-is-layout-flow\">\n<figure class=\"wp-block-image size-large\"><img loading=\"lazy\" decoding=\"async\" width=\"768\" height=\"1024\" src=\"https:\/\/seaja.org\/wp-content\/uploads\/2026\/03\/IMG-20251223-WA0001-768x1024.jpg\" alt=\"\" class=\"wp-image-1897\" srcset=\"https:\/\/seaja.org\/wp-content\/uploads\/2026\/03\/IMG-20251223-WA0001-768x1024.jpg 768w, https:\/\/seaja.org\/wp-content\/uploads\/2026\/03\/IMG-20251223-WA0001-225x300.jpg 225w, https:\/\/seaja.org\/wp-content\/uploads\/2026\/03\/IMG-20251223-WA0001-9x12.jpg 9w, https:\/\/seaja.org\/wp-content\/uploads\/2026\/03\/IMG-20251223-WA0001.jpg 960w\" sizes=\"(max-width: 768px) 100vw, 768px\" \/><figcaption class=\"wp-element-caption\"><mark style=\"background-color:rgba(0, 0, 0, 0)\" class=\"has-inline-color has-foreground-color\">Huisserie de porte<\/mark><\/figcaption><\/figure>\n<\/div>\n<\/div>\n<\/div>\n\n\n\n<div class=\"wp-block-group alignfull has-background-background-color has-background has-global-padding is-layout-constrained wp-container-core-group-is-layout-7276a2bb wp-block-group-is-layout-constrained\" style=\"margin-top:0;margin-bottom:0;padding-top:var(--wp--preset--spacing--60);padding-right:var(--wp--preset--spacing--30);padding-bottom:var(--wp--preset--spacing--60);padding-left:var(--wp--preset--spacing--30)\">\n<div class=\"wp-block-group alignwide has-global-padding is-content-justification-center is-layout-constrained wp-block-group-is-layout-constrained\">\n<h2 class=\"wp-block-heading has-text-align-center has-large-font-size\">Le bilan du projet de la r\u00e9habilitation en 2025<\/h2>\n<\/div>\n\n\n\n<div class=\"wp-block-columns alignwide is-layout-flex wp-container-core-columns-is-layout-28f84493 wp-block-columns-is-layout-flex\">\n<div class=\"wp-block-column is-vertically-aligned-center is-layout-flow wp-block-column-is-layout-flow\">\n<div class=\"wp-block-group has-tertiary-background-color has-background has-global-padding is-layout-constrained wp-container-core-group-is-layout-659b56d5 wp-block-group-is-layout-constrained\" style=\"padding-top:var(--wp--preset--spacing--30);padding-right:24px;padding-bottom:var(--wp--preset--spacing--30);padding-left:24px\">\n<h3 class=\"wp-block-heading has-text-align-center has-primary-color has-text-color has-x-large-font-size\">76<\/h3>\n\n\n\n<h3 class=\"wp-block-heading has-text-align-center has-medium-font-size\" style=\"margin-top:16px\">Beneficiary children<\/h3>\n\n\n\n<p class=\"has-text-align-center\" style=\"margin-top:8px;font-size:clamp(14px, 0.875rem + ((1vw - 3.2px) * 0.417), 18px);\">Nombre d\u2019enfants dont les conditions de vie sont am\u00e9lior\u00e9es gr\u00e2ce aux travaux.<\/p>\n<\/div>\n\n\n\n<div class=\"wp-block-group has-tertiary-background-color has-background has-global-padding is-layout-constrained wp-container-core-group-is-layout-659b56d5 wp-block-group-is-layout-constrained\" style=\"padding-top:var(--wp--preset--spacing--30);padding-right:24px;padding-bottom:var(--wp--preset--spacing--30);padding-left:24px\">\n<h3 class=\"wp-block-heading has-text-align-center has-primary-color has-text-color has-x-large-font-size\">5 000 $<\/h3>\n\n\n\n<h3 class=\"wp-block-heading has-text-align-center has-medium-font-size\" style=\"margin-top:16px\">Le co\u00fbt des travaux<\/h3>\n\n\n\n<p class=\"has-text-align-center\" style=\"margin-top:8px;font-size:clamp(14px, 0.875rem + ((1vw - 3.2px) * 0.417), 18px);\">Montant investi par SEAJA pour r\u00e9aliser les travaux d\u00e9crits<\/p>\n<\/div>\n<\/div>\n\n\n\n<div class=\"wp-block-column is-vertically-aligned-center is-layout-flow wp-block-column-is-layout-flow\" style=\"padding-right:0;padding-left:0\">\n<div class=\"wp-block-group has-tertiary-background-color has-background is-content-justification-center is-nowrap is-layout-flex wp-container-core-group-is-layout-23441af8 wp-block-group-is-layout-flex\">\n<div class=\"wp-block-group has-tertiary-background-color has-background has-global-padding is-layout-constrained wp-container-core-group-is-layout-659b56d5 wp-block-group-is-layout-constrained\" style=\"padding-top:var(--wp--preset--spacing--30);padding-right:24px;padding-bottom:var(--wp--preset--spacing--30);padding-left:24px\">\n<h3 class=\"wp-block-heading has-text-align-center has-primary-color has-text-color has-x-large-font-size\">4<\/h3>\n\n\n\n<h3 class=\"wp-block-heading has-text-align-center has-medium-font-size\" style=\"margin-top:16px\">Renovated elements<\/h3>\n\n\n\n<p class=\"has-text-align-center\" style=\"font-size:clamp(14px, 0.875rem + ((1vw - 3.2px) * 0.417), 18px);\">Nombre d\u2019el\u00e9ments r\u00e9nov\u00e9 par SEAJA<\/p>\n\n\n\n<ul class=\"wp-block-list\">\n<li>Le toit du dortoir des garcons<\/li>\n<\/ul>\n\n\n\n<ul class=\"wp-block-list\">\n<li>Le toit et huisseries du dortoir des filles<\/li>\n<\/ul>\n\n\n\n<ul class=\"wp-block-list\">\n<li>R\u00e9fection du plafond d\u2019une salle de classe<\/li>\n<\/ul>\n\n\n\n<ul class=\"wp-block-list\">\n<li>Les toilettes des garcons <\/li>\n<\/ul>\n<\/div>\n<\/div>\n<\/div>\n<\/div>\n<\/div>\n\n\n\n<div class=\"wp-block-group alignfull has-tertiary-background-color has-background has-global-padding is-layout-constrained wp-container-core-group-is-layout-bb5bf9b0 wp-block-group-is-layout-constrained\" style=\"margin-top:0;margin-bottom:0;padding-top:var(--wp--preset--spacing--40);padding-right:var(--wp--preset--spacing--30);padding-bottom:var(--wp--preset--spacing--40);padding-left:var(--wp--preset--spacing--30)\">\n<div class=\"wp-block-columns alignwide is-layout-flex wp-container-core-columns-is-layout-28f84493 wp-block-columns-is-layout-flex\">\n<div class=\"wp-block-column is-vertically-aligned-center is-layout-flow wp-block-column-is-layout-flow\">\n<p class=\"has-text-align-left has-large-font-size\" style=\"border-style:none;border-width:0px;margin-top:0;margin-bottom:0;font-style:normal;font-weight:500;line-height:1.3\">Our rehabilitation project is transforming children's lives through renovated infrastructure and unwavering commitment.<\/p>\n<\/div>\n\n\n\n<div class=\"wp-block-column is-layout-flow wp-block-column-is-layout-flow\">\n<figure class=\"wp-block-image aligncenter size-large is-resized is-style-rounded\"><img loading=\"lazy\" decoding=\"async\" width=\"1024\" height=\"768\" src=\"https:\/\/seaja.org\/wp-content\/uploads\/2026\/04\/20260129_111212-1024x768.jpg\" alt=\"\" class=\"wp-image-1973\" style=\"aspect-ratio:1;object-fit:cover;width:260px;height:auto\" srcset=\"https:\/\/seaja.org\/wp-content\/uploads\/2026\/04\/20260129_111212-1024x768.jpg 1024w, https:\/\/seaja.org\/wp-content\/uploads\/2026\/04\/20260129_111212-300x225.jpg 300w, https:\/\/seaja.org\/wp-content\/uploads\/2026\/04\/20260129_111212-768x576.jpg 768w, https:\/\/seaja.org\/wp-content\/uploads\/2026\/04\/20260129_111212-1536x1152.jpg 1536w, https:\/\/seaja.org\/wp-content\/uploads\/2026\/04\/20260129_111212-2048x1536.jpg 2048w, https:\/\/seaja.org\/wp-content\/uploads\/2026\/04\/20260129_111212-16x12.jpg 16w\" sizes=\"(max-width: 1024px) 100vw, 1024px\" \/><\/figure>\n\n\n\n<h4 class=\"wp-block-heading has-text-align-center\" style=\"margin-top:18px;font-size:clamp(14px, 0.875rem + ((1vw - 3.2px) * 0.417), 18px);\">SEAJA<\/h4>\n\n\n\n<p class=\"has-text-align-center has-small-font-size\" style=\"margin-top:4px\">Project coordinators<\/p>\n<\/div>\n<\/div>\n<\/div>","protected":false},"excerpt":{"rendered":"<p>Les travaux de l&rsquo;Orphelinat Apr\u00e8s une visite compl\u00e8te et un \u00e9tat des lieux d\u00e9taill\u00e9 de l&rsquo;orphelinat avec Ramine en juin 2025, nous avions demand\u00e9 et obtenu des devis pour la r\u00e9alisation des travaux que nous jugeons essentiels et urgents. Ce que SEAJA a d\u00e9j\u00e0 r\u00e9alis\u00e9 ! Entre d\u00e9cembre 2025 et janvier 2026, nous avons r\u00e9par\u00e9 [&hellip;]<\/p>\n","protected":false},"author":1,"featured_media":0,"parent":0,"menu_order":0,"comment_status":"closed","ping_status":"closed","template":"page-with-title","meta":{"give_campaign_id":0,"om_disable_all_campaigns":false,"_monsterinsights_skip_tracking":false,"_monsterinsights_sitenote_active":false,"_monsterinsights_sitenote_note":"","_monsterinsights_sitenote_category":0,"footnotes":""},"class_list":["post-173","page","type-page","status-publish","hentry"],"aioseo_notices":[],"campaignId":"","_links":{"self":[{"href":"https:\/\/seaja.org\/en\/wp-json\/wp\/v2\/pages\/173","targetHints":{"allow":["GET"]}}],"collection":[{"href":"https:\/\/seaja.org\/en\/wp-json\/wp\/v2\/pages"}],"about":[{"href":"https:\/\/seaja.org\/en\/wp-json\/wp\/v2\/types\/page"}],"author":[{"embeddable":true,"href":"https:\/\/seaja.org\/en\/wp-json\/wp\/v2\/users\/1"}],"replies":[{"embeddable":true,"href":"https:\/\/seaja.org\/en\/wp-json\/wp\/v2\/comments?post=173"}],"version-history":[{"count":48,"href":"https:\/\/seaja.org\/en\/wp-json\/wp\/v2\/pages\/173\/revisions"}],"predecessor-version":[{"id":2013,"href":"https:\/\/seaja.org\/en\/wp-json\/wp\/v2\/pages\/173\/revisions\/2013"}],"wp:attachment":[{"href":"https:\/\/seaja.org\/en\/wp-json\/wp\/v2\/media?parent=173"}],"curies":[{"name":"wp","href":"https:\/\/api.w.org\/{rel}","templated":true}]}}