{"id":1745,"date":"2026-03-31T13:39:09","date_gmt":"2026-03-31T11:39:09","guid":{"rendered":"https:\/\/seaja.org\/?page_id=1745"},"modified":"2026-04-03T17:03:01","modified_gmt":"2026-04-03T15:03:01","slug":"le-projet-agricole-de-chiro","status":"publish","type":"page","link":"https:\/\/seaja.org\/en\/le-projet-agricole-de-chiro\/","title":{"rendered":"Chiro's agricultural project"},"content":{"rendered":"<div class=\"wp-block-group alignwide is-style-ext-preset--group--natural-1--section has-background-background-color has-background has-global-padding is-layout-constrained wp-container-core-group-is-layout-843e5a6d wp-block-group-is-layout-constrained\" style=\"margin-top:0;margin-bottom:0;padding-top:var(--wp--preset--spacing--70);padding-bottom:var(--wp--preset--spacing--70)\">\n<div class=\"wp-block-columns alignfull is-layout-flex wp-container-core-columns-is-layout-28f84493 wp-block-columns-is-layout-flex\">\n<div class=\"wp-block-column is-layout-flow wp-block-column-is-layout-flow\">\n<h2 class=\"wp-block-heading has-text-align-left ext-animate--on\">Our sustainable agricultural project in Chiro, Cambodia.<\/h2>\n\n\n\n<p class=\"has-text-align-left ext-animate--on\" style=\"margin-top:1.5rem\">In order to reduce its dependence on external funding and ensure the continuity of its educational activities, OBT plans, with the help of SEAJA, to develop sustainable economic projects, designed with and for local communities.<\/p>\n\n\n\n<p class=\"has-text-align-left ext-animate--on\" style=\"margin-top:1.5rem\">This ambitious project is structured in 4 parts:<\/p>\n\n\n\n<ol class=\"wp-block-list\">\n<li>The renovation of an irrigation system<\/li>\n\n\n\n<li>Purchase of sunflower seeds and planting machine<\/li>\n\n\n\n<li>The construction of an agricultural shed<\/li>\n\n\n\n<li>Purchase of a pressing machine (sunflower oil production) <\/li>\n<\/ol>\n\n\n\n<figure class=\"wp-block-image size-large\"><img fetchpriority=\"high\" decoding=\"async\" width=\"1600\" height=\"900\" src=\"https:\/\/seaja.org\/wp-content\/uploads\/2026\/04\/IMG-20260325-WA0000-edited.jpg\" alt=\"\" class=\"wp-image-1999\" srcset=\"https:\/\/seaja.org\/wp-content\/uploads\/2026\/04\/IMG-20260325-WA0000-edited.jpg 1600w, https:\/\/seaja.org\/wp-content\/uploads\/2026\/04\/IMG-20260325-WA0000-edited-300x169.jpg 300w, https:\/\/seaja.org\/wp-content\/uploads\/2026\/04\/IMG-20260325-WA0000-edited-1024x576.jpg 1024w, https:\/\/seaja.org\/wp-content\/uploads\/2026\/04\/IMG-20260325-WA0000-edited-768x432.jpg 768w, https:\/\/seaja.org\/wp-content\/uploads\/2026\/04\/IMG-20260325-WA0000-edited-1536x864.jpg 1536w, https:\/\/seaja.org\/wp-content\/uploads\/2026\/04\/IMG-20260325-WA0000-edited-18x10.jpg 18w\" sizes=\"(max-width: 1600px) 100vw, 1600px\" \/><\/figure>\n\n\n\n<h3 class=\"wp-block-heading\">Promouvoir l\u2019agriculture durable pour construire un avenir ax\u00e9 sur l\u2019\u00e9ducation.<\/h3>\n\n\n\n<p>This project, which encompasses all stages \u2014 irrigation, seed supply, planting machine, oil production machine and agricultural storage shed \u2014 is fully funded by SEAJA.<\/p>\n\n\n\n<p>This project aims primarily to finance the education of children in the village of Chiro, with the objective of opening primary schools by 2027.<\/p>\n<\/div>\n\n\n\n<div class=\"wp-block-column is-vertically-aligned-center is-layout-flow wp-block-column-is-layout-flow\">\n<figure class=\"wp-block-image is-style-ext-preset-image-natural-1-image-1--content-any is-style-ext-preset--image--natural-1--image-1--content-any ext-animate--on is-style-ext-preset--image--natural-1--image-1--content-any--2\"><img decoding=\"async\" width=\"1440\" height=\"1080\" src=\"https:\/\/seaja.org\/wp-content\/uploads\/2026\/03\/3f87bee43592c9367fbc11f5c0d657c85f9e6205.jpg\" alt=\"\" class=\"wp-image-1750\" style=\"aspect-ratio:16\/9;object-fit:cover\" srcset=\"https:\/\/seaja.org\/wp-content\/uploads\/2026\/03\/3f87bee43592c9367fbc11f5c0d657c85f9e6205.jpg 1440w, https:\/\/seaja.org\/wp-content\/uploads\/2026\/03\/3f87bee43592c9367fbc11f5c0d657c85f9e6205-300x225.jpg 300w, https:\/\/seaja.org\/wp-content\/uploads\/2026\/03\/3f87bee43592c9367fbc11f5c0d657c85f9e6205-1024x768.jpg 1024w, https:\/\/seaja.org\/wp-content\/uploads\/2026\/03\/3f87bee43592c9367fbc11f5c0d657c85f9e6205-768x576.jpg 768w, https:\/\/seaja.org\/wp-content\/uploads\/2026\/03\/3f87bee43592c9367fbc11f5c0d657c85f9e6205-16x12.jpg 16w\" sizes=\"(max-width: 1440px) 100vw, 1440px\" \/><\/figure>\n\n\n\n<h3 class=\"wp-block-heading\">A team project!<\/h3>\n\n\n\n<p>This project, designed to strengthen local autonomy and promote sustainable development, was developed and validated in a friendly atmosphere with the teams from SEAJA and OBT, as well as with the valuable collaboration of Coline and Fabien, volunteer helpers.<\/p>\n\n\n\n<figure class=\"wp-block-image size-large\"><img decoding=\"async\" width=\"1024\" height=\"768\" src=\"https:\/\/seaja.org\/wp-content\/uploads\/2026\/04\/OBT_TEAM-1024x768.jpg\" alt=\"\" class=\"wp-image-1981\" srcset=\"https:\/\/seaja.org\/wp-content\/uploads\/2026\/04\/OBT_TEAM-1024x768.jpg 1024w, https:\/\/seaja.org\/wp-content\/uploads\/2026\/04\/OBT_TEAM-300x225.jpg 300w, https:\/\/seaja.org\/wp-content\/uploads\/2026\/04\/OBT_TEAM-768x576.jpg 768w, https:\/\/seaja.org\/wp-content\/uploads\/2026\/04\/OBT_TEAM-1536x1152.jpg 1536w, https:\/\/seaja.org\/wp-content\/uploads\/2026\/04\/OBT_TEAM-16x12.jpg 16w, https:\/\/seaja.org\/wp-content\/uploads\/2026\/04\/OBT_TEAM.jpg 2048w\" sizes=\"(max-width: 1024px) 100vw, 1024px\" \/><\/figure>\n<\/div>\n<\/div>\n<\/div>\n\n\n\n<div class=\"wp-block-group alignfull is-style-ext-preset--group--natural-1--section has-tertiary-background-color has-background has-global-padding is-layout-constrained wp-container-core-group-is-layout-e955bbaf wp-block-group-is-layout-constrained\" style=\"margin-top:0;margin-bottom:0;padding-top:var(--wp--preset--spacing--70);padding-bottom:var(--wp--preset--spacing--70)\">\n<h2 class=\"wp-block-heading has-text-align-center ext-animate--on\">Key figures for the project<\/h2>\n\n\n\n<div class=\"wp-block-columns alignwide is-layout-flex wp-container-core-columns-is-layout-08c01c1c wp-block-columns-is-layout-flex\">\n<div class=\"wp-block-column is-vertically-aligned-stretch ext-animate--on is-layout-flow wp-container-core-column-is-layout-f5bb311e wp-block-column-is-layout-flow\">\n<div class=\"wp-block-group is-style-ext-preset--group--natural-1--item-card-1--align-center has-global-padding is-layout-constrained wp-block-group-is-layout-constrained is-style-ext-preset--group--natural-1--item-card-1--align-center--4\">\n<div class=\"wp-block-group is-style-default has-global-padding is-layout-constrained wp-block-group-is-layout-constrained\">\n<h3 class=\"wp-block-heading has-primary-color has-text-color has-link-color has-x-large-font-size wp-elements-9f0764c86aab62398689089b784fd741\">2 500 euros<\/h3>\n\n\n\n<h3 class=\"wp-block-heading\">Cost of the irrigation system, seeds and planting machine<\/h3>\n\n\n\n<figure class=\"wp-block-image size-large\"><img loading=\"lazy\" decoding=\"async\" width=\"2560\" height=\"2560\" src=\"https:\/\/seaja.org\/wp-content\/uploads\/2026\/04\/20260128_113044-edited-scaled.jpg\" alt=\"\" class=\"wp-image-1952\" srcset=\"https:\/\/seaja.org\/wp-content\/uploads\/2026\/04\/20260128_113044-edited-scaled.jpg 2560w, https:\/\/seaja.org\/wp-content\/uploads\/2026\/04\/20260128_113044-edited-300x300.jpg 300w, https:\/\/seaja.org\/wp-content\/uploads\/2026\/04\/20260128_113044-edited-1024x1024.jpg 1024w, https:\/\/seaja.org\/wp-content\/uploads\/2026\/04\/20260128_113044-edited-150x150.jpg 150w, https:\/\/seaja.org\/wp-content\/uploads\/2026\/04\/20260128_113044-edited-768x768.jpg 768w, https:\/\/seaja.org\/wp-content\/uploads\/2026\/04\/20260128_113044-edited-1536x1536.jpg 1536w, https:\/\/seaja.org\/wp-content\/uploads\/2026\/04\/20260128_113044-edited-2048x2048.jpg 2048w, https:\/\/seaja.org\/wp-content\/uploads\/2026\/04\/20260128_113044-edited-12x12.jpg 12w\" sizes=\"(max-width: 2560px) 100vw, 2560px\" \/><\/figure>\n<\/div>\n<\/div>\n<\/div>\n\n\n\n<div class=\"wp-block-column is-vertically-aligned-stretch ext-animate--on is-layout-flow wp-container-core-column-is-layout-f5bb311e wp-block-column-is-layout-flow\">\n<div class=\"wp-block-group is-style-ext-preset--group--natural-1--item-card-1--align-center has-global-padding is-layout-constrained wp-block-group-is-layout-constrained is-style-ext-preset--group--natural-1--item-card-1--align-center--5\">\n<div class=\"wp-block-group is-style-default has-global-padding is-layout-constrained wp-block-group-is-layout-constrained\">\n<h3 class=\"wp-block-heading has-primary-color has-text-color has-link-color has-x-large-font-size wp-elements-33772e537894fc6344e7ab4cb2e3fe69\">10 000 euros<\/h3>\n\n\n\n<h3 class=\"wp-block-heading\">Estimated cost of the oil press machine<\/h3>\n<\/div>\n<\/div>\n\n\n\n<figure class=\"wp-block-image size-large\"><img loading=\"lazy\" decoding=\"async\" width=\"1024\" height=\"859\" src=\"https:\/\/seaja.org\/wp-content\/uploads\/2026\/03\/presse-1024x859.jpg\" alt=\"\" class=\"wp-image-1800\" srcset=\"https:\/\/seaja.org\/wp-content\/uploads\/2026\/03\/presse-1024x859.jpg 1024w, https:\/\/seaja.org\/wp-content\/uploads\/2026\/03\/presse-300x252.jpg 300w, https:\/\/seaja.org\/wp-content\/uploads\/2026\/03\/presse-768x644.jpg 768w, https:\/\/seaja.org\/wp-content\/uploads\/2026\/03\/presse-1536x1288.jpg 1536w, https:\/\/seaja.org\/wp-content\/uploads\/2026\/03\/presse-14x12.jpg 14w, https:\/\/seaja.org\/wp-content\/uploads\/2026\/03\/presse.jpg 2048w\" sizes=\"(max-width: 1024px) 100vw, 1024px\" \/><\/figure>\n\n\n\n<div class=\"wp-block-buttons is-content-justification-center is-layout-flex wp-container-core-buttons-is-layout-a89b3969 wp-block-buttons-is-layout-flex\">\n<div class=\"wp-block-button\"><a class=\"wp-block-button__link wp-element-button\" href=\"https:\/\/www.helloasso.com\/associations\/solidarite-enfants-d-asie-avec-joseph-et-agnes\/formulaires\/2\" target=\"_blank\" rel=\"noreferrer noopener\">Make a donation<\/a><\/div>\n<\/div>\n<\/div>\n\n\n\n<div class=\"wp-block-column is-vertically-aligned-stretch ext-animate--on is-layout-flow wp-container-core-column-is-layout-f5bb311e wp-block-column-is-layout-flow\">\n<div class=\"wp-block-group is-style-ext-preset--group--natural-1--item-card-1--align-center has-global-padding is-layout-constrained wp-block-group-is-layout-constrained is-style-ext-preset--group--natural-1--item-card-1--align-center--6\">\n<div class=\"wp-block-group is-style-default has-global-padding is-layout-constrained wp-block-group-is-layout-constrained\">\n<h3 class=\"wp-block-heading has-primary-color has-text-color has-link-color has-x-large-font-size wp-elements-ffef121ec60a42b70571614cae97fda5\">5 500 euros<\/h3>\n\n\n\n<h3 class=\"wp-block-heading\">Estimated cost for the construction of the agricultural shed<\/h3>\n<\/div>\n<\/div>\n\n\n\n<figure class=\"wp-block-image\"><img loading=\"lazy\" decoding=\"async\" width=\"1024\" height=\"1024\" src=\"https:\/\/seaja.org\/wp-content\/uploads\/2026\/03\/image-3.jpg\" alt=\"\" class=\"wp-image-1802\" srcset=\"https:\/\/seaja.org\/wp-content\/uploads\/2026\/03\/image-3.jpg 1024w, https:\/\/seaja.org\/wp-content\/uploads\/2026\/03\/image-3-300x300.jpg 300w, https:\/\/seaja.org\/wp-content\/uploads\/2026\/03\/image-3-150x150.jpg 150w, https:\/\/seaja.org\/wp-content\/uploads\/2026\/03\/image-3-768x768.jpg 768w, https:\/\/seaja.org\/wp-content\/uploads\/2026\/03\/image-3-12x12.jpg 12w\" sizes=\"(max-width: 1024px) 100vw, 1024px\" \/><\/figure>\n<\/div>\n<\/div>\n<\/div>","protected":false},"excerpt":{"rendered":"<p>Notre projet agricole durable \u00e0 Chiro, au Cambodge. Afin de r\u00e9duire sa d\u00e9pendance aux financements ext\u00e9rieurs et d\u2019assurer la continuit\u00e9 de ses actions \u00e9ducatives, OBT pr\u00e9voit avec l&rsquo;aide de SEAJA le d\u00e9veloppement de projets \u00e9conomiques durables, con\u00e7us avec et pour les communaut\u00e9s locales. Ce projet ambitieux s&rsquo;articule en 4 parties : Promouvoir l\u2019agriculture durable pour [&hellip;]<\/p>\n","protected":false},"author":1,"featured_media":0,"parent":0,"menu_order":0,"comment_status":"closed","ping_status":"closed","template":"page-with-title","meta":{"give_campaign_id":0,"om_disable_all_campaigns":false,"_monsterinsights_skip_tracking":false,"_monsterinsights_sitenote_active":false,"_monsterinsights_sitenote_note":"","_monsterinsights_sitenote_category":0,"footnotes":""},"class_list":["post-1745","page","type-page","status-publish","hentry"],"aioseo_notices":[],"campaignId":"","_links":{"self":[{"href":"https:\/\/seaja.org\/en\/wp-json\/wp\/v2\/pages\/1745","targetHints":{"allow":["GET"]}}],"collection":[{"href":"https:\/\/seaja.org\/en\/wp-json\/wp\/v2\/pages"}],"about":[{"href":"https:\/\/seaja.org\/en\/wp-json\/wp\/v2\/types\/page"}],"author":[{"embeddable":true,"href":"https:\/\/seaja.org\/en\/wp-json\/wp\/v2\/users\/1"}],"replies":[{"embeddable":true,"href":"https:\/\/seaja.org\/en\/wp-json\/wp\/v2\/comments?post=1745"}],"version-history":[{"count":19,"href":"https:\/\/seaja.org\/en\/wp-json\/wp\/v2\/pages\/1745\/revisions"}],"predecessor-version":[{"id":2011,"href":"https:\/\/seaja.org\/en\/wp-json\/wp\/v2\/pages\/1745\/revisions\/2011"}],"wp:attachment":[{"href":"https:\/\/seaja.org\/en\/wp-json\/wp\/v2\/media?parent=1745"}],"curies":[{"name":"wp","href":"https:\/\/api.w.org\/{rel}","templated":true}]}}