{"id":1788,"date":"2026-04-06T10:39:44","date_gmt":"2026-04-06T08:39:44","guid":{"rendered":"https:\/\/seaja.org\/?page_id=1788"},"modified":"2026-04-06T10:50:25","modified_gmt":"2026-04-06T08:50:25","slug":"le-development-dun-spectacle-de-danse","status":"publish","type":"page","link":"https:\/\/seaja.org\/en\/le-development-dun-spectacle-de-danse\/","title":{"rendered":"Developing a dance show"},"content":{"rendered":"<div class=\"wp-block-columns alignwide is-layout-flex wp-container-core-columns-is-layout-e93f1ee5 wp-block-columns-is-layout-flex\" style=\"padding-top:var(--wp--preset--spacing--70)\">\n<div class=\"wp-block-column is-layout-flow wp-block-column-is-layout-flow\">\n<figure class=\"wp-block-image\"><img fetchpriority=\"high\" decoding=\"async\" width=\"1024\" height=\"768\" src=\"https:\/\/seaja.org\/wp-content\/uploads\/2026\/04\/image-edited.jpg\" alt=\"\" class=\"wp-image-2016\" srcset=\"https:\/\/seaja.org\/wp-content\/uploads\/2026\/04\/image-edited.jpg 1024w, https:\/\/seaja.org\/wp-content\/uploads\/2026\/04\/image-edited-300x225.jpg 300w, https:\/\/seaja.org\/wp-content\/uploads\/2026\/04\/image-edited-768x576.jpg 768w, https:\/\/seaja.org\/wp-content\/uploads\/2026\/04\/image-edited-16x12.jpg 16w\" sizes=\"(max-width: 1024px) 100vw, 1024px\" \/><\/figure>\n\n\n\n<figure class=\"wp-block-video\"><video height=\"478\" style=\"aspect-ratio: 848 \/ 478;\" width=\"848\" controls src=\"https:\/\/seaja.org\/wp-content\/uploads\/2026\/04\/DANSE.mp4\"><\/video><figcaption class=\"wp-element-caption\"><mark style=\"background-color:rgba(0, 0, 0, 0)\" class=\"has-inline-color has-foreground-color\">Traditional dance class<\/mark><\/figcaption><\/figure>\n<\/div>\n\n\n\n<div class=\"wp-block-column is-vertically-aligned-center is-layout-flow wp-block-column-is-layout-flow\">\n<p>As you know, one of SEAJA's fundamental objectives remains to help its beneficiaries achieve, as far as possible, the financial autonomy necessary to finance projects.<\/p>\n\n\n\n<p>The Kampong Thom orphanage needs rehabilitation, but more importantly, it is essential to guarantee funding for the salaries of the teachers who provide support courses in English, mathematics, and more recently in computer science, following the equipping of a dedicated room by SEAJA.<\/p>\n\n\n\n<p>For 20 years, teaching traditional dances has been a routine at the orphanage. SEAJA believes that organizing a show presented by the children, in addition to showcasing their talents, would offer a unique opportunity for them to meet visitors on their way to the temples of Angkor.<\/p>\n\n\n\n<p>To this end, SEAJA will finance the acquisition of new traditional clothing and accessories, while also supporting the organization and promotion of this show.<\/p>\n\n\n\n<h3 class=\"wp-block-heading\"><mark style=\"background-color:rgba(0, 0, 0, 0)\" class=\"has-inline-color has-primary-color\"><strong>Estimated cost of this project = 1 500 Euros<\/strong><\/mark><\/h3>\n\n\n\n<div class=\"wp-block-buttons is-content-justification-left is-layout-flex wp-container-core-buttons-is-layout-fc4fd283 wp-block-buttons-is-layout-flex\">\n<div class=\"wp-block-button\"><a class=\"wp-block-button__link wp-element-button\" href=\"https:\/\/www.helloasso.com\/beta\/associations\/solidarite-enfants-d-asie-avec-joseph-et-agnes\/formulaires\/2\">Make a donation<\/a><\/div>\n<\/div>\n<\/div>\n<\/div>","protected":false},"excerpt":{"rendered":"<p>Vous le savez, un des objectifs fondamentaux de SEAJA demeure d&rsquo;aider ses b\u00e9n\u00e9ficiaires \u00e0 atteindre autant que faire ce peut l&rsquo;autonomie financi\u00e8re permettant de financer des projets. L&rsquo;orphelinat de Kampong Thom n\u00e9cessite une r\u00e9habilitation, mais plus encore, il est essentiel de garantir le financement des salaires des enseignants qui prodigent des cours de soutien en [&hellip;]<\/p>\n","protected":false},"author":1,"featured_media":0,"parent":0,"menu_order":0,"comment_status":"closed","ping_status":"closed","template":"page-with-title","meta":{"give_campaign_id":0,"om_disable_all_campaigns":false,"_monsterinsights_skip_tracking":false,"_monsterinsights_sitenote_active":false,"_monsterinsights_sitenote_note":"","_monsterinsights_sitenote_category":0,"footnotes":""},"class_list":["post-1788","page","type-page","status-publish","hentry"],"aioseo_notices":[],"campaignId":"","_links":{"self":[{"href":"https:\/\/seaja.org\/en\/wp-json\/wp\/v2\/pages\/1788","targetHints":{"allow":["GET"]}}],"collection":[{"href":"https:\/\/seaja.org\/en\/wp-json\/wp\/v2\/pages"}],"about":[{"href":"https:\/\/seaja.org\/en\/wp-json\/wp\/v2\/types\/page"}],"author":[{"embeddable":true,"href":"https:\/\/seaja.org\/en\/wp-json\/wp\/v2\/users\/1"}],"replies":[{"embeddable":true,"href":"https:\/\/seaja.org\/en\/wp-json\/wp\/v2\/comments?post=1788"}],"version-history":[{"count":18,"href":"https:\/\/seaja.org\/en\/wp-json\/wp\/v2\/pages\/1788\/revisions"}],"predecessor-version":[{"id":2035,"href":"https:\/\/seaja.org\/en\/wp-json\/wp\/v2\/pages\/1788\/revisions\/2035"}],"wp:attachment":[{"href":"https:\/\/seaja.org\/en\/wp-json\/wp\/v2\/media?parent=1788"}],"curies":[{"name":"wp","href":"https:\/\/api.w.org\/{rel}","templated":true}]}}