{"id":42,"date":"2025-08-29T09:27:49","date_gmt":"2025-08-29T09:27:49","guid":{"rendered":"https:\/\/seaja.org\/equipe\/"},"modified":"2026-03-31T11:42:22","modified_gmt":"2026-03-31T09:42:22","slug":"equipe","status":"publish","type":"page","link":"https:\/\/seaja.org\/en\/equipe\/","title":{"rendered":"Our team"},"content":{"rendered":"<div class=\"wp-block-group alignfull has-background-background-color has-background has-global-padding is-layout-constrained wp-container-core-group-is-layout-7276a2bb wp-block-group-is-layout-constrained\" id=\"a-propos\" style=\"margin-top:0;margin-bottom:0;padding-top:var(--wp--preset--spacing--60);padding-right:var(--wp--preset--spacing--30);padding-bottom:var(--wp--preset--spacing--60);padding-left:var(--wp--preset--spacing--30)\">\n<div class=\"wp-block-columns alignwide are-vertically-aligned-center is-layout-flex wp-container-core-columns-is-layout-47c06fe3 wp-block-columns-is-layout-flex\">\n<div class=\"wp-block-column is-vertically-aligned-center is-layout-flow wp-block-column-is-layout-flow\" style=\"flex-basis:60%\">\n<h1 class=\"wp-block-heading has-large-font-size\">Promoting education for for disadvantaged children in Asia: a team effort!<\/h1>\n\n\n\n<p style=\"margin-top:16px\">SEAJA's commitment is based on the power of teamwork! Inspired by the spirit of team sports, our NGO is dedicated to providing educational opportunities to children in Asia, based on the values of solidarity, inclusion, and sustainable development.<\/p>\n<\/div>\n\n\n\n<div class=\"wp-block-column is-vertically-aligned-center is-layout-flow wp-container-core-column-is-layout-f5bb311e wp-block-column-is-layout-flow\" style=\"flex-basis:50%\">\n<figure class=\"wp-block-image size-large\"><img fetchpriority=\"high\" decoding=\"async\" width=\"1024\" height=\"768\" src=\"https:\/\/seaja.org\/wp-content\/uploads\/2025\/09\/chiro_team-1024x768.jpg\" alt=\"\" class=\"wp-image-903\" style=\"aspect-ratio:4\/3;object-fit:cover\" srcset=\"https:\/\/seaja.org\/wp-content\/uploads\/2025\/09\/chiro_team-1024x768.jpg 1024w, https:\/\/seaja.org\/wp-content\/uploads\/2025\/09\/chiro_team-300x225.jpg 300w, https:\/\/seaja.org\/wp-content\/uploads\/2025\/09\/chiro_team-768x576.jpg 768w, https:\/\/seaja.org\/wp-content\/uploads\/2025\/09\/chiro_team.jpg 1280w\" sizes=\"(max-width: 1024px) 100vw, 1024px\" \/><\/figure>\n<\/div>\n<\/div>\n<\/div>\n\n\n\n<div class=\"wp-block-group alignfull has-tertiary-background-color has-background has-global-padding is-layout-constrained wp-container-core-group-is-layout-254d6575 wp-block-group-is-layout-constrained\" id=\"equipe\" style=\"margin-top:0;margin-bottom:0;padding-top:var(--wp--preset--spacing--60);padding-right:var(--wp--preset--spacing--30);padding-bottom:var(--wp--preset--spacing--60);padding-left:var(--wp--preset--spacing--30)\">\n<div class=\"wp-block-group alignwide is-vertical is-layout-flex wp-container-core-group-is-layout-fe9cc265 wp-block-group-is-layout-flex\">\n<div class=\"wp-block-group has-global-padding is-layout-constrained wp-block-group-is-layout-constrained\">\n<h2 class=\"wp-block-heading has-large-font-size\">Support the future of disadvantaged children<\/h2>\n\n\n\n<p style=\"margin-top:16px\">Meet the passionate people who drive our humanitarian mission<\/p>\n<\/div>\n<\/div>\n\n\n\n<div class=\"wp-block-columns alignwide is-layout-flex wp-container-core-columns-is-layout-e1fea541 wp-block-columns-is-layout-flex\" style=\"margin-top:var(--wp--preset--spacing--50)\">\n<div class=\"wp-block-column is-layout-flow wp-block-column-is-layout-flow\">\n<figure class=\"wp-block-image has-custom-border\"><img decoding=\"async\" width=\"1512\" height=\"1512\" src=\"https:\/\/seaja.org\/wp-content\/uploads\/2026\/03\/IMG-20260129-WA0001-edited.jpg\" alt=\"\" class=\"wp-image-1814\" style=\"border-top-left-radius:50px;border-top-right-radius:50px;border-bottom-left-radius:50px;border-bottom-right-radius:50px\" srcset=\"https:\/\/seaja.org\/wp-content\/uploads\/2026\/03\/IMG-20260129-WA0001-edited.jpg 1512w, https:\/\/seaja.org\/wp-content\/uploads\/2026\/03\/IMG-20260129-WA0001-edited-300x300.jpg 300w, https:\/\/seaja.org\/wp-content\/uploads\/2026\/03\/IMG-20260129-WA0001-edited-1024x1024.jpg 1024w, https:\/\/seaja.org\/wp-content\/uploads\/2026\/03\/IMG-20260129-WA0001-edited-150x150.jpg 150w, https:\/\/seaja.org\/wp-content\/uploads\/2026\/03\/IMG-20260129-WA0001-edited-768x768.jpg 768w, https:\/\/seaja.org\/wp-content\/uploads\/2026\/03\/IMG-20260129-WA0001-edited-12x12.jpg 12w\" sizes=\"(max-width: 1512px) 100vw, 1512px\" \/><\/figure>\n\n\n\n<h4 class=\"wp-block-heading has-white-color has-text-color\" style=\"margin-top:20px;font-size:clamp(14px, 0.875rem + ((1vw - 3.2px) * 0.625), 20px);\">Sophal Pot<\/h4>\n\n\n\n<p class=\"has-white-color has-text-color has-small-font-size\" style=\"margin-top:4px\">Project Coordinator in Kampong Cham<\/p>\n<\/div>\n\n\n\n<div class=\"wp-block-column is-layout-flow wp-block-column-is-layout-flow\">\n<figure class=\"wp-block-image has-custom-border\"><img decoding=\"async\" width=\"662\" height=\"662\" src=\"https:\/\/seaja.org\/wp-content\/uploads\/2026\/03\/PAT-edited.jpg\" alt=\"\" class=\"wp-image-1829\" style=\"border-top-left-radius:50px;border-top-right-radius:50px;border-bottom-left-radius:50px;border-bottom-right-radius:50px\" srcset=\"https:\/\/seaja.org\/wp-content\/uploads\/2026\/03\/PAT-edited.jpg 662w, https:\/\/seaja.org\/wp-content\/uploads\/2026\/03\/PAT-edited-300x300.jpg 300w, https:\/\/seaja.org\/wp-content\/uploads\/2026\/03\/PAT-edited-150x150.jpg 150w, https:\/\/seaja.org\/wp-content\/uploads\/2026\/03\/PAT-edited-12x12.jpg 12w\" sizes=\"(max-width: 662px) 100vw, 662px\" \/><\/figure>\n\n\n\n<h4 class=\"wp-block-heading has-white-color has-text-color\" style=\"margin-top:20px;font-size:clamp(14px, 0.875rem + ((1vw - 3.2px) * 0.625), 20px);\">Patrice Landrein<\/h4>\n\n\n\n<p class=\"has-white-color has-text-color has-small-font-size\" style=\"margin-top:4px\">Vice President<\/p>\n<\/div>\n\n\n\n<div class=\"wp-block-column is-layout-flow wp-block-column-is-layout-flow\">\n<figure class=\"wp-block-image has-custom-border\"><img loading=\"lazy\" decoding=\"async\" width=\"1919\" height=\"1919\" src=\"https:\/\/seaja.org\/wp-content\/uploads\/2026\/03\/Ramine-edited.jpg\" alt=\"\" class=\"wp-image-1813\" style=\"border-top-left-radius:50px;border-top-right-radius:50px;border-bottom-left-radius:50px;border-bottom-right-radius:50px\" srcset=\"https:\/\/seaja.org\/wp-content\/uploads\/2026\/03\/Ramine-edited.jpg 1919w, https:\/\/seaja.org\/wp-content\/uploads\/2026\/03\/Ramine-edited-300x300.jpg 300w, https:\/\/seaja.org\/wp-content\/uploads\/2026\/03\/Ramine-edited-1024x1024.jpg 1024w, https:\/\/seaja.org\/wp-content\/uploads\/2026\/03\/Ramine-edited-150x150.jpg 150w, https:\/\/seaja.org\/wp-content\/uploads\/2026\/03\/Ramine-edited-768x768.jpg 768w, https:\/\/seaja.org\/wp-content\/uploads\/2026\/03\/Ramine-edited-1536x1536.jpg 1536w, https:\/\/seaja.org\/wp-content\/uploads\/2026\/03\/Ramine-edited-12x12.jpg 12w\" sizes=\"(max-width: 1919px) 100vw, 1919px\" \/><\/figure>\n\n\n\n<h4 class=\"wp-block-heading has-white-color has-text-color\" style=\"margin-top:20px;font-size:clamp(14px, 0.875rem + ((1vw - 3.2px) * 0.625), 20px);\">Ramine Phin<\/h4>\n\n\n\n<p class=\"has-white-color has-text-color has-small-font-size\" style=\"margin-top:4px\">Project Coordinator in Kampong Thom<\/p>\n<\/div>\n\n\n\n<div class=\"wp-block-column is-layout-flow wp-block-column-is-layout-flow\">\n<figure class=\"wp-block-image has-custom-border\"><img loading=\"lazy\" decoding=\"async\" width=\"631\" height=\"631\" src=\"https:\/\/seaja.org\/wp-content\/uploads\/2025\/09\/HELENE.jpg\" alt=\"\" class=\"wp-image-955\" style=\"border-top-left-radius:50px;border-top-right-radius:50px;border-bottom-left-radius:50px;border-bottom-right-radius:50px\" srcset=\"https:\/\/seaja.org\/wp-content\/uploads\/2025\/09\/HELENE.jpg 631w, https:\/\/seaja.org\/wp-content\/uploads\/2025\/09\/HELENE-300x300.jpg 300w, https:\/\/seaja.org\/wp-content\/uploads\/2025\/09\/HELENE-150x150.jpg 150w\" sizes=\"(max-width: 631px) 100vw, 631px\" \/><\/figure>\n\n\n\n<h4 class=\"wp-block-heading has-white-color has-text-color\" style=\"margin-top:20px;font-size:clamp(14px, 0.875rem + ((1vw - 3.2px) * 0.625), 20px);\">H\u00e9l\u00e8ne Le Toriellec<\/h4>\n\n\n\n<p class=\"has-white-color has-text-color has-small-font-size\" style=\"margin-top:4px\">Communication<\/p>\n<\/div>\n<\/div>\n\n\n\n<div class=\"wp-block-columns alignwide is-layout-flex wp-container-core-columns-is-layout-28f84493 wp-block-columns-is-layout-flex\">\n<div class=\"wp-block-column is-layout-flow wp-block-column-is-layout-flow\">\n<figure class=\"wp-block-image has-custom-border\"><img loading=\"lazy\" decoding=\"async\" width=\"300\" height=\"300\" src=\"https:\/\/seaja.org\/wp-content\/uploads\/2026\/03\/CHRIS-edited.png\" alt=\"\" class=\"wp-image-1830\" style=\"border-top-left-radius:50px;border-top-right-radius:50px;border-bottom-left-radius:50px;border-bottom-right-radius:50px\" srcset=\"https:\/\/seaja.org\/wp-content\/uploads\/2026\/03\/CHRIS-edited.png 300w, https:\/\/seaja.org\/wp-content\/uploads\/2026\/03\/CHRIS-edited-150x150.png 150w, https:\/\/seaja.org\/wp-content\/uploads\/2026\/03\/CHRIS-edited-12x12.png 12w\" sizes=\"(max-width: 300px) 100vw, 300px\" \/><\/figure>\n\n\n\n<h4 class=\"wp-block-heading has-white-color has-text-color\" style=\"margin-top:20px;font-size:clamp(14px, 0.875rem + ((1vw - 3.2px) * 0.625), 20px);\">Christophe Le Roux<\/h4>\n\n\n\n<p class=\"has-white-color has-text-color has-small-font-size\" style=\"margin-top:4px\">Vice President<\/p>\n<\/div>\n\n\n\n<div class=\"wp-block-column is-layout-flow wp-block-column-is-layout-flow\">\n<figure class=\"wp-block-image has-custom-border\"><img loading=\"lazy\" decoding=\"async\" width=\"351\" height=\"351\" src=\"https:\/\/seaja.org\/wp-content\/uploads\/2026\/03\/STEF-edited.jpg\" alt=\"\" class=\"wp-image-1826\" style=\"border-top-left-radius:50px;border-top-right-radius:50px;border-bottom-left-radius:50px;border-bottom-right-radius:50px\" srcset=\"https:\/\/seaja.org\/wp-content\/uploads\/2026\/03\/STEF-edited.jpg 351w, https:\/\/seaja.org\/wp-content\/uploads\/2026\/03\/STEF-edited-300x300.jpg 300w, https:\/\/seaja.org\/wp-content\/uploads\/2026\/03\/STEF-edited-150x150.jpg 150w, https:\/\/seaja.org\/wp-content\/uploads\/2026\/03\/STEF-edited-12x12.jpg 12w\" sizes=\"(max-width: 351px) 100vw, 351px\" \/><\/figure>\n\n\n\n<h4 class=\"wp-block-heading has-white-color has-text-color\" style=\"margin-top:20px;font-size:clamp(14px, 0.875rem + ((1vw - 3.2px) * 0.625), 20px);\">St\u00e9phane S\u00e9lard<\/h4>\n\n\n\n<p class=\"has-white-color has-text-color has-small-font-size\" style=\"margin-top:4px\">President<\/p>\n<\/div>\n\n\n\n<div class=\"wp-block-column is-layout-flow wp-block-column-is-layout-flow\">\n<figure class=\"wp-block-image has-custom-border\"><img loading=\"lazy\" decoding=\"async\" width=\"899\" height=\"899\" src=\"https:\/\/seaja.org\/wp-content\/uploads\/2026\/03\/IMG-20260320-WA0003-2.jpg\" alt=\"\" class=\"wp-image-1825\" style=\"border-top-left-radius:50px;border-top-right-radius:50px;border-bottom-left-radius:50px;border-bottom-right-radius:50px\" srcset=\"https:\/\/seaja.org\/wp-content\/uploads\/2026\/03\/IMG-20260320-WA0003-2.jpg 899w, https:\/\/seaja.org\/wp-content\/uploads\/2026\/03\/IMG-20260320-WA0003-2-300x300.jpg 300w, https:\/\/seaja.org\/wp-content\/uploads\/2026\/03\/IMG-20260320-WA0003-2-150x150.jpg 150w, https:\/\/seaja.org\/wp-content\/uploads\/2026\/03\/IMG-20260320-WA0003-2-768x768.jpg 768w, https:\/\/seaja.org\/wp-content\/uploads\/2026\/03\/IMG-20260320-WA0003-2-12x12.jpg 12w\" sizes=\"(max-width: 899px) 100vw, 899px\" \/><\/figure>\n\n\n\n<h4 class=\"wp-block-heading has-white-color has-text-color\" style=\"margin-top:20px;font-size:clamp(14px, 0.875rem + ((1vw - 3.2px) * 0.625), 20px);\">St\u00e9phane Zeo<\/h4>\n\n\n\n<p class=\"has-white-color has-text-color has-small-font-size\" style=\"margin-top:4px\">Secretary<\/p>\n<\/div>\n\n\n\n<div class=\"wp-block-column is-layout-flow wp-block-column-is-layout-flow\">\n<figure class=\"wp-block-image has-custom-border\"><img loading=\"lazy\" decoding=\"async\" width=\"739\" height=\"739\" src=\"https:\/\/seaja.org\/wp-content\/uploads\/2026\/03\/IMG-20260315-WA0000-1-edited.jpg\" alt=\"\" class=\"wp-image-1828\" style=\"border-top-left-radius:47px;border-top-right-radius:47px;border-bottom-left-radius:47px;border-bottom-right-radius:47px\" srcset=\"https:\/\/seaja.org\/wp-content\/uploads\/2026\/03\/IMG-20260315-WA0000-1-edited.jpg 739w, https:\/\/seaja.org\/wp-content\/uploads\/2026\/03\/IMG-20260315-WA0000-1-edited-300x300.jpg 300w, https:\/\/seaja.org\/wp-content\/uploads\/2026\/03\/IMG-20260315-WA0000-1-edited-150x150.jpg 150w, https:\/\/seaja.org\/wp-content\/uploads\/2026\/03\/IMG-20260315-WA0000-1-edited-12x12.jpg 12w\" sizes=\"(max-width: 739px) 100vw, 739px\" \/><\/figure>\n\n\n\n<h4 class=\"wp-block-heading has-white-color has-text-color\" style=\"margin-top:20px;font-size:clamp(14px, 0.875rem + ((1vw - 3.2px) * 0.625), 20px);\">Ronan S\u00e9lard<\/h4>\n\n\n\n<p class=\"has-white-color has-text-color has-small-font-size\" style=\"margin-top:4px\">Sponsorship\/Partnership Manager<\/p>\n<\/div>\n<\/div>\n\n\n\n<div class=\"wp-block-columns alignwide is-layout-flex wp-container-core-columns-is-layout-28f84493 wp-block-columns-is-layout-flex\">\n<div class=\"wp-block-column is-layout-flow wp-block-column-is-layout-flow\">\n<div style=\"height:85px\" aria-hidden=\"true\" class=\"wp-block-spacer\"><\/div>\n\n\n\n<div class=\"wp-block-buttons is-content-justification-center is-layout-flex wp-container-core-buttons-is-layout-a89b3969 wp-block-buttons-is-layout-flex\">\n<div class=\"wp-block-button\"><a class=\"wp-block-button__link wp-element-button\" href=\"https:\/\/www.helloasso.com\/beta\/associations\/solidarite-enfants-d-asie-avec-joseph-et-agnes\/formulaires\/2\" target=\"_blank\" rel=\"noreferrer noopener\">Make a donation<\/a><\/div>\n<\/div>\n<\/div>\n\n\n\n<div class=\"wp-block-column is-layout-flow wp-block-column-is-layout-flow\">\n<figure class=\"wp-block-image has-custom-border\"><img loading=\"lazy\" decoding=\"async\" width=\"1024\" height=\"1024\" src=\"https:\/\/seaja.org\/wp-content\/uploads\/2026\/03\/lea-1024x1024.jpg\" alt=\"\" class=\"wp-image-1667\" style=\"border-top-left-radius:50px;border-top-right-radius:50px;border-bottom-left-radius:50px;border-bottom-right-radius:50px\" srcset=\"https:\/\/seaja.org\/wp-content\/uploads\/2026\/03\/lea-1024x1024.jpg 1024w, https:\/\/seaja.org\/wp-content\/uploads\/2026\/03\/lea-300x300.jpg 300w, https:\/\/seaja.org\/wp-content\/uploads\/2026\/03\/lea-150x150.jpg 150w, https:\/\/seaja.org\/wp-content\/uploads\/2026\/03\/lea-768x768.jpg 768w, https:\/\/seaja.org\/wp-content\/uploads\/2026\/03\/lea-1536x1536.jpg 1536w, https:\/\/seaja.org\/wp-content\/uploads\/2026\/03\/lea-2048x2048.jpg 2048w, https:\/\/seaja.org\/wp-content\/uploads\/2026\/03\/lea-12x12.jpg 12w\" sizes=\"(max-width: 1024px) 100vw, 1024px\" \/><\/figure>\n\n\n\n<h4 class=\"wp-block-heading has-white-color has-text-color\" style=\"margin-top:20px;font-size:clamp(14px, 0.875rem + ((1vw - 3.2px) * 0.625), 20px);\">L\u00e9a S\u00e9lard<\/h4>\n\n\n\n<p class=\"has-white-color has-text-color has-small-font-size\" style=\"margin-top:4px\">Webmaster<\/p>\n<\/div>\n\n\n\n<div class=\"wp-block-column is-layout-flow wp-block-column-is-layout-flow\">\n<figure class=\"wp-block-image size-large has-custom-border\"><img loading=\"lazy\" decoding=\"async\" width=\"1024\" height=\"1024\" src=\"https:\/\/seaja.org\/wp-content\/uploads\/2026\/03\/20260125_115635-1-1024x1024.jpg\" alt=\"\" class=\"wp-image-1821\" style=\"border-top-left-radius:50px;border-top-right-radius:50px;border-bottom-left-radius:50px;border-bottom-right-radius:50px\" srcset=\"https:\/\/seaja.org\/wp-content\/uploads\/2026\/03\/20260125_115635-1-1024x1024.jpg 1024w, https:\/\/seaja.org\/wp-content\/uploads\/2026\/03\/20260125_115635-1-300x300.jpg 300w, https:\/\/seaja.org\/wp-content\/uploads\/2026\/03\/20260125_115635-1-150x150.jpg 150w, https:\/\/seaja.org\/wp-content\/uploads\/2026\/03\/20260125_115635-1-768x768.jpg 768w, https:\/\/seaja.org\/wp-content\/uploads\/2026\/03\/20260125_115635-1-1536x1536.jpg 1536w, https:\/\/seaja.org\/wp-content\/uploads\/2026\/03\/20260125_115635-1-2048x2048.jpg 2048w, https:\/\/seaja.org\/wp-content\/uploads\/2026\/03\/20260125_115635-1-12x12.jpg 12w\" sizes=\"(max-width: 1024px) 100vw, 1024px\" \/><\/figure>\n\n\n\n<h4 class=\"wp-block-heading has-white-color has-text-color\" style=\"margin-top:20px;font-size:clamp(14px, 0.875rem + ((1vw - 3.2px) * 0.625), 20px);\">Kompheak Khun<\/h4>\n\n\n\n<p class=\"has-white-color has-text-color has-small-font-size\" style=\"margin-top:4px\">Project Coordinator in Phnom Penh<\/p>\n<\/div>\n\n\n\n<div class=\"wp-block-column is-layout-flow wp-block-column-is-layout-flow\">\n<figure class=\"wp-block-image has-custom-border\"><img loading=\"lazy\" decoding=\"async\" width=\"768\" height=\"768\" src=\"https:\/\/seaja.org\/wp-content\/uploads\/2026\/03\/NADIA-768x1024-1.jpg\" alt=\"\" class=\"wp-image-1822\" style=\"border-top-left-radius:50px;border-top-right-radius:50px;border-bottom-left-radius:50px;border-bottom-right-radius:50px\" srcset=\"https:\/\/seaja.org\/wp-content\/uploads\/2026\/03\/NADIA-768x1024-1.jpg 768w, https:\/\/seaja.org\/wp-content\/uploads\/2026\/03\/NADIA-768x1024-1-300x300.jpg 300w, https:\/\/seaja.org\/wp-content\/uploads\/2026\/03\/NADIA-768x1024-1-150x150.jpg 150w, https:\/\/seaja.org\/wp-content\/uploads\/2026\/03\/NADIA-768x1024-1-12x12.jpg 12w\" sizes=\"(max-width: 768px) 100vw, 768px\" \/><\/figure>\n\n\n\n<h4 class=\"wp-block-heading has-white-color has-text-color\" style=\"margin-top:20px;font-size:clamp(14px, 0.875rem + ((1vw - 3.2px) * 0.625), 20px);\">Nadia S\u00e9lard<\/h4>\n\n\n\n<p class=\"has-white-color has-text-color has-small-font-size\" style=\"margin-top:4px\">Treasurer<\/p>\n<\/div>\n<\/div>\n<\/div>","protected":false},"excerpt":{"rendered":"<p>Promouvoir l&rsquo;\u00e9ducation pour les enfants d\u00e9favoris\u00e9s en Asie, une histoire d&rsquo;\u00e9quipe ! L&rsquo;engagement de SEAJA repose sur la force du travail d&rsquo;\u00e9quipe! Inspir\u00e9e par l&rsquo;esprit du sport collectif, notre association se consacre \u00e0 offrir des opportunit\u00e9s \u00e9ducatives aux enfants d&rsquo;Asie, en s&rsquo;appuyant sur des valeurs de solidarit\u00e9, d&rsquo;inclusion et de d\u00e9veloppement durable. Soutenez l\u2019avenir des [&hellip;]<\/p>\n","protected":false},"author":1,"featured_media":0,"parent":0,"menu_order":0,"comment_status":"closed","ping_status":"closed","template":"page-with-title","meta":{"give_campaign_id":0,"om_disable_all_campaigns":false,"_monsterinsights_skip_tracking":false,"_monsterinsights_sitenote_active":false,"_monsterinsights_sitenote_note":"","_monsterinsights_sitenote_category":0,"footnotes":""},"class_list":["post-42","page","type-page","status-publish","hentry"],"aioseo_notices":[],"campaignId":"","_links":{"self":[{"href":"https:\/\/seaja.org\/en\/wp-json\/wp\/v2\/pages\/42","targetHints":{"allow":["GET"]}}],"collection":[{"href":"https:\/\/seaja.org\/en\/wp-json\/wp\/v2\/pages"}],"about":[{"href":"https:\/\/seaja.org\/en\/wp-json\/wp\/v2\/types\/page"}],"author":[{"embeddable":true,"href":"https:\/\/seaja.org\/en\/wp-json\/wp\/v2\/users\/1"}],"replies":[{"embeddable":true,"href":"https:\/\/seaja.org\/en\/wp-json\/wp\/v2\/comments?post=42"}],"version-history":[{"count":62,"href":"https:\/\/seaja.org\/en\/wp-json\/wp\/v2\/pages\/42\/revisions"}],"predecessor-version":[{"id":1833,"href":"https:\/\/seaja.org\/en\/wp-json\/wp\/v2\/pages\/42\/revisions\/1833"}],"wp:attachment":[{"href":"https:\/\/seaja.org\/en\/wp-json\/wp\/v2\/media?parent=42"}],"curies":[{"name":"wp","href":"https:\/\/api.w.org\/{rel}","templated":true}]}}