{"id":457,"date":"2025-09-08T16:27:25","date_gmt":"2025-09-08T16:27:25","guid":{"rendered":"https:\/\/seaja.org\/?page_id=457"},"modified":"2026-03-23T16:09:10","modified_gmt":"2026-03-23T15:09:10","slug":"nos-missions","status":"publish","type":"page","link":"https:\/\/seaja.org\/en\/nos-missions\/","title":{"rendered":"Our missions"},"content":{"rendered":"<div class=\"wp-block-columns alignwide is-layout-flex wp-container-core-columns-is-layout-eae17e81 wp-block-columns-is-layout-flex\" style=\"margin-top:var(--wp--preset--spacing--70);margin-bottom:var(--wp--preset--spacing--70)\">\n<div class=\"wp-block-column is-layout-flow wp-block-column-is-layout-flow\">\n<h2 class=\"wp-block-heading has-large-font-size\">Our commitment to the education of disadvantaged children in Asia.<\/h2>\n\n\n\n<p style=\"margin-top:16px\" class=\" translation-block\">SEAJA is a non-political and non-denominational NGO dedicated to supporting educational projects in remote areas of Asia, offering disadvantaged children real opportunities for learning and personal development.<\/p>\n\n\n\n<h3 class=\"wp-block-heading\">Simple but impactful projects!<\/h3>\n\n\n\n<p>SEAJA is involved in two types of projects: simple Agile-type projects, which deliver rapid and significant results in villages far from capital cities. Based on the belief that supporting families promotes children's education, these simple projects require modest funding. The second type of project requires a greater human and financial investment in the medium term: the revival of Agn\u00e8s and Joseph school.<\/p>\n\n\n\n<figure class=\"wp-block-image size-large\"><img fetchpriority=\"high\" decoding=\"async\" width=\"1024\" height=\"768\" src=\"https:\/\/seaja.org\/wp-content\/uploads\/2026\/03\/IMG-20251210-WA0013-1024x768.jpg\" alt=\"\" class=\"wp-image-1648\" srcset=\"https:\/\/seaja.org\/wp-content\/uploads\/2026\/03\/IMG-20251210-WA0013-1024x768.jpg 1024w, https:\/\/seaja.org\/wp-content\/uploads\/2026\/03\/IMG-20251210-WA0013-300x225.jpg 300w, https:\/\/seaja.org\/wp-content\/uploads\/2026\/03\/IMG-20251210-WA0013-768x576.jpg 768w, https:\/\/seaja.org\/wp-content\/uploads\/2026\/03\/IMG-20251210-WA0013-16x12.jpg 16w, https:\/\/seaja.org\/wp-content\/uploads\/2026\/03\/IMG-20251210-WA0013.jpg 1280w\" sizes=\"(max-width: 1024px) 100vw, 1024px\" \/><\/figure>\n<\/div>\n\n\n\n<div class=\"wp-block-column is-vertically-aligned-center is-layout-flow wp-block-column-is-layout-flow\">\n<figure class=\"wp-block-image size-large\"><img decoding=\"async\" width=\"1024\" height=\"768\" src=\"https:\/\/seaja.org\/wp-content\/uploads\/2026\/03\/IMG-20251127-WA0003-1024x768.jpg\" alt=\"\" class=\"wp-image-1646\" srcset=\"https:\/\/seaja.org\/wp-content\/uploads\/2026\/03\/IMG-20251127-WA0003-1024x768.jpg 1024w, https:\/\/seaja.org\/wp-content\/uploads\/2026\/03\/IMG-20251127-WA0003-300x225.jpg 300w, https:\/\/seaja.org\/wp-content\/uploads\/2026\/03\/IMG-20251127-WA0003-768x576.jpg 768w, https:\/\/seaja.org\/wp-content\/uploads\/2026\/03\/IMG-20251127-WA0003-16x12.jpg 16w, https:\/\/seaja.org\/wp-content\/uploads\/2026\/03\/IMG-20251127-WA0003.jpg 1280w\" sizes=\"(max-width: 1024px) 100vw, 1024px\" \/><\/figure>\n\n\n\n<h3 class=\"wp-block-heading\">Local teams involved!<\/h3>\n\n\n\n<p class=\" translation-block\">Involving the consultation of villagers, these initiatives provide an opportunity to raise awareness of the importance of education and to consider new projects. At the same time, SEAJA supports medium and long-term projects led by local teams, such as the creation of primary schools.<\/p>\n\n\n\n<h3 class=\"wp-block-heading\">An ambitious flagship project!<\/h3>\n\n\n\n<p class=\" translation-block\">Our flagship project is the creation of an Agnes and Joseph school in a community in great need. The common goal of all these projects is to improve living conditions in rural villages, with the ambition of providing a minimum level of education to all children.<\/p>\n<\/div>\n<\/div>\n\n\n\n<div class=\"wp-block-columns alignwide has-tertiary-background-color has-background is-layout-flex wp-container-core-columns-is-layout-1e297cbc wp-block-columns-is-layout-flex\" style=\"padding-top:var(--wp--preset--spacing--70);padding-bottom:var(--wp--preset--spacing--70)\">\n<div class=\"wp-block-column is-layout-flow wp-block-column-is-layout-flow\">\n<figure class=\"wp-block-image\"><img decoding=\"async\" width=\"1920\" height=\"2560\" src=\"https:\/\/seaja.org\/wp-content\/uploads\/2025\/09\/DSC04568-scaled.jpg\" alt=\"\" class=\"wp-image-841\" srcset=\"https:\/\/seaja.org\/wp-content\/uploads\/2025\/09\/DSC04568-scaled.jpg 1920w, https:\/\/seaja.org\/wp-content\/uploads\/2025\/09\/DSC04568-225x300.jpg 225w, https:\/\/seaja.org\/wp-content\/uploads\/2025\/09\/DSC04568-768x1024.jpg 768w, https:\/\/seaja.org\/wp-content\/uploads\/2025\/09\/DSC04568-1152x1536.jpg 1152w, https:\/\/seaja.org\/wp-content\/uploads\/2025\/09\/DSC04568-1536x2048.jpg 1536w\" sizes=\"(max-width: 1920px) 100vw, 1920px\" \/><\/figure>\n<\/div>\n\n\n\n<div class=\"wp-block-column is-layout-flow wp-block-column-is-layout-flow\">\n<h2 class=\"wp-block-heading\">SEAJA's missions:<\/h2>\n\n\n\n<p class=\"has-slightly-large-font-size\">SEAJA is committed to identifying and qualifying projects aimed at improving daily life in Cambodia, particularly in areas far from Phnom Penh and Siem Reap, which are often perceived as being better equipped.<\/p>\n\n\n\n<h3 class=\"wp-block-heading\">Simple projects, an effective method<\/h3>\n\n\n\n<p class=\"has-slightly-large-font-size\">Adopting an Agile approach, it supports, through simple projects, the development of living conditions and especially the education of children in many villages.<\/p>\n\n\n\n<h3 class=\"wp-block-heading\">Support from local teams<\/h3>\n\n\n\n<p class=\"has-slightly-large-font-size\">SEAJA relies on local teams and stakeholders capable of ensuring effective coordination for the implementation of projects. In each village, in-depth discussions are held to devise and implement solutions that will enable a minimum level of financial autonomy to be achieved.<\/p>\n<\/div>\n<\/div>\n\n\n\n<div class=\"wp-block-group alignfull has-background-background-color has-background has-global-padding is-layout-constrained wp-container-core-group-is-layout-fb85e995 wp-block-group-is-layout-constrained\" style=\"margin-top:0;margin-bottom:0;padding-top:var(--wp--preset--spacing--60);padding-right:var(--wp--preset--spacing--30);padding-bottom:var(--wp--preset--spacing--60);padding-left:var(--wp--preset--spacing--30)\">\n<div class=\"wp-block-group alignwide has-global-padding is-content-justification-center is-layout-constrained wp-block-group-is-layout-constrained\">\n<h2 class=\"wp-block-heading has-text-align-center has-large-font-size\">Inspiring testimonials from young adults involved with SEAJA PROJECTS<\/h2>\n<\/div>\n\n\n\n<div class=\"wp-block-columns alignwide is-layout-flex wp-container-core-columns-is-layout-28f84493 wp-block-columns-is-layout-flex\">\n<div class=\"wp-block-column is-vertically-aligned-stretch has-tertiary-background-color has-background is-layout-flow wp-container-core-column-is-layout-8a368f38 wp-block-column-is-layout-flow\" style=\"flex-basis:40%\">\n<div class=\"wp-block-group has-tertiary-background-color has-background has-global-padding is-content-justification-center is-layout-constrained wp-container-core-group-is-layout-450fa432 wp-block-group-is-layout-constrained\" style=\"padding-top:var(--wp--preset--spacing--40);padding-right:var(--wp--preset--spacing--30);padding-bottom:var(--wp--preset--spacing--40);padding-left:var(--wp--preset--spacing--30)\">\n<h3 class=\"wp-block-heading\" style=\"font-size:clamp(1.188rem, 1.188rem + ((1vw - 0.2rem) * 1.153), 1.88rem);\">Providing learning opportunities for children in need. L\u00e9a Ph\u00e2l\u00e9ap explains... (September 8, 2025)<\/h3>\n\n\n\n<p style=\"margin-top:16px\" class=\" translation-block\">Like Pramat Dey, my home village, many villages live in precarious conditions. Supporting SEAJA means helping families improve their daily lives and giving children access to primary school.<\/p>\n\n\n\n<p>L\u00e9a Ph\u00e2l\u00e9ap, adopted in 2002<\/p>\n<\/div>\n\n\n\n<figure class=\"wp-block-image size-large\"><img loading=\"lazy\" decoding=\"async\" width=\"1024\" height=\"768\" src=\"https:\/\/seaja.org\/wp-content\/uploads\/2025\/09\/20190517_101129-1024x768.jpg\" alt=\"\" class=\"wp-image-512\" srcset=\"https:\/\/seaja.org\/wp-content\/uploads\/2025\/09\/20190517_101129-1024x768.jpg 1024w, https:\/\/seaja.org\/wp-content\/uploads\/2025\/09\/20190517_101129-300x225.jpg 300w, https:\/\/seaja.org\/wp-content\/uploads\/2025\/09\/20190517_101129-768x576.jpg 768w, https:\/\/seaja.org\/wp-content\/uploads\/2025\/09\/20190517_101129-1536x1152.jpg 1536w, https:\/\/seaja.org\/wp-content\/uploads\/2025\/09\/20190517_101129-2048x1536.jpg 2048w\" sizes=\"(max-width: 1024px) 100vw, 1024px\" \/><\/figure>\n\n\n\n<div style=\"height:38px\" aria-hidden=\"true\" class=\"wp-block-spacer\"><\/div>\n\n\n\n<figure class=\"wp-block-gallery has-nested-images columns-default is-cropped wp-block-gallery-1 is-layout-flex wp-block-gallery-is-layout-flex\">\n<figure class=\"wp-block-image size-large\"><img loading=\"lazy\" decoding=\"async\" width=\"1024\" height=\"768\" data-id=\"510\" src=\"https:\/\/seaja.org\/wp-content\/uploads\/2025\/09\/20190517_101025-1024x768.jpg\" alt=\"\" class=\"wp-image-510\" srcset=\"https:\/\/seaja.org\/wp-content\/uploads\/2025\/09\/20190517_101025-1024x768.jpg 1024w, https:\/\/seaja.org\/wp-content\/uploads\/2025\/09\/20190517_101025-300x225.jpg 300w, https:\/\/seaja.org\/wp-content\/uploads\/2025\/09\/20190517_101025-768x576.jpg 768w, https:\/\/seaja.org\/wp-content\/uploads\/2025\/09\/20190517_101025-1536x1152.jpg 1536w, https:\/\/seaja.org\/wp-content\/uploads\/2025\/09\/20190517_101025-2048x1536.jpg 2048w\" sizes=\"(max-width: 1024px) 100vw, 1024px\" \/><\/figure>\n<\/figure>\n<\/div>\n\n\n\n<div class=\"wp-block-column is-layout-flow wp-block-column-is-layout-flow\">\n<div class=\"wp-block-media-text alignwide has-media-on-the-right is-stacked-on-mobile is-image-fill-element has-tertiary-background-color has-background\" style=\"grid-template-columns:auto 40%\"><div class=\"wp-block-media-text__content\">\n<div class=\"wp-block-group has-global-padding is-content-justification-center is-layout-constrained wp-block-group-is-layout-constrained\" style=\"padding-top:var(--wp--preset--spacing--40);padding-bottom:var(--wp--preset--spacing--40)\">\n<h3 class=\"wp-block-heading\" style=\"font-size:clamp(0.984rem, 0.984rem + ((1vw - 0.2rem) * 0.86), 1.5rem);\">Supporting education for a lasting and meaningful impact. Thida shares her story... (September 8, 2025)<\/h3>\n\n\n\n<p style=\"margin-top:16px\" class=\" translation-block\">Our orphanage in Kampong Thom, once vibrant and offering essential support classes, has unfortunately deteriorated significantly since the Covid pandemic. Supporting SEAJA means providing children with a dignified living environment and enabling the resumption of vital support classes.<\/p>\n\n\n\n<p>Thida, who arrived in France from Kampong Thom at the age of 4.<\/p>\n<\/div>\n<\/div><figure class=\"wp-block-media-text__media\"><img loading=\"lazy\" decoding=\"async\" width=\"768\" height=\"1024\" src=\"https:\/\/seaja.org\/wp-content\/uploads\/2025\/09\/THIDA-768x1024.jpg\" alt=\"\" class=\"wp-image-798 size-full\" style=\"object-position:50% 50%\" srcset=\"https:\/\/seaja.org\/wp-content\/uploads\/2025\/09\/THIDA-768x1024.jpg 768w, https:\/\/seaja.org\/wp-content\/uploads\/2025\/09\/THIDA-225x300.jpg 225w, https:\/\/seaja.org\/wp-content\/uploads\/2025\/09\/THIDA-1152x1536.jpg 1152w, https:\/\/seaja.org\/wp-content\/uploads\/2025\/09\/THIDA.jpg 1536w\" sizes=\"(max-width: 768px) 100vw, 768px\" \/><\/figure><\/div>\n\n\n\n<div class=\"wp-block-media-text alignwide is-stacked-on-mobile is-image-fill-element has-tertiary-background-color has-background\" style=\"grid-template-columns:53% auto\"><figure class=\"wp-block-media-text__media\"><img loading=\"lazy\" decoding=\"async\" width=\"402\" height=\"508\" src=\"https:\/\/seaja.org\/wp-content\/uploads\/2025\/09\/JulieKoliane.jpg\" alt=\"\" class=\"wp-image-800 size-full\" style=\"object-position:50% 50%\" srcset=\"https:\/\/seaja.org\/wp-content\/uploads\/2025\/09\/JulieKoliane.jpg 402w, https:\/\/seaja.org\/wp-content\/uploads\/2025\/09\/JulieKoliane-237x300.jpg 237w\" sizes=\"(max-width: 402px) 100vw, 402px\" \/><\/figure><div class=\"wp-block-media-text__content\">\n<div class=\"wp-block-group has-global-padding is-layout-constrained wp-block-group-is-layout-constrained\" style=\"padding-top:var(--wp--preset--spacing--40);padding-bottom:var(--wp--preset--spacing--40)\">\n<h3 class=\"wp-block-heading\" style=\"font-size:clamp(0.984rem, 0.984rem + ((1vw - 0.2rem) * 0.86), 1.5rem);\">Julie Koliane: Why the Kampong Thom orphanage is important to me (September 8, 2025)<\/h3>\n\n\n\n<p style=\"margin-top:16px\" class=\" translation-block\">The orphanage in Kampong Thom represents a chance for many children from neighboring villages, facing hardship and often painful histories, to access a genuine education. It opens the door to a brighter future for them. Supporting SEAJA is essential to preserving this hope in Kampong Thom.<\/p>\n\n\n\n<p>Julie Koliane, who arrived in France from Kampong Thom at the age of 6.<\/p>\n<\/div>\n<\/div><\/div>\n<\/div>\n<\/div>\n<\/div>","protected":false},"excerpt":{"rendered":"<p>Notre engagement pour l&rsquo;\u00e9ducation des enfants d\u00e9favoris\u00e9s en Asie. SEAJA est une association apolitique et non confessionnelle d\u00e9di\u00e9e \u00e0 soutenir des projets \u00e9ducatifs dans les zones isol\u00e9es d&rsquo;Asie, offrant ainsi aux enfants moins favoris\u00e9s des chances r\u00e9elles d&rsquo;apprentissage et d&rsquo;\u00e9panouissement personnel. Des projets simples mais impactants ! SEAJA intervient sur deux types de projets : [&hellip;]<\/p>\n","protected":false},"author":1,"featured_media":0,"parent":0,"menu_order":0,"comment_status":"closed","ping_status":"closed","template":"page-with-title","meta":{"give_campaign_id":0,"om_disable_all_campaigns":false,"_monsterinsights_skip_tracking":false,"_monsterinsights_sitenote_active":false,"_monsterinsights_sitenote_note":"","_monsterinsights_sitenote_category":0,"footnotes":""},"class_list":["post-457","page","type-page","status-publish","hentry"],"aioseo_notices":[],"campaignId":"","_links":{"self":[{"href":"https:\/\/seaja.org\/en\/wp-json\/wp\/v2\/pages\/457","targetHints":{"allow":["GET"]}}],"collection":[{"href":"https:\/\/seaja.org\/en\/wp-json\/wp\/v2\/pages"}],"about":[{"href":"https:\/\/seaja.org\/en\/wp-json\/wp\/v2\/types\/page"}],"author":[{"embeddable":true,"href":"https:\/\/seaja.org\/en\/wp-json\/wp\/v2\/users\/1"}],"replies":[{"embeddable":true,"href":"https:\/\/seaja.org\/en\/wp-json\/wp\/v2\/comments?post=457"}],"version-history":[{"count":74,"href":"https:\/\/seaja.org\/en\/wp-json\/wp\/v2\/pages\/457\/revisions"}],"predecessor-version":[{"id":1655,"href":"https:\/\/seaja.org\/en\/wp-json\/wp\/v2\/pages\/457\/revisions\/1655"}],"wp:attachment":[{"href":"https:\/\/seaja.org\/en\/wp-json\/wp\/v2\/media?parent=457"}],"curies":[{"name":"wp","href":"https:\/\/api.w.org\/{rel}","templated":true}]}}