{"id":47,"date":"2025-08-29T09:28:04","date_gmt":"2025-08-29T09:28:04","guid":{"rendered":"https:\/\/seaja.org\/mentions-legales\/"},"modified":"2025-09-19T13:09:15","modified_gmt":"2025-09-19T13:09:15","slug":"mentions-legales","status":"publish","type":"page","link":"https:\/\/seaja.org\/en\/mentions-legales\/","title":{"rendered":"Legal notice"},"content":{"rendered":"<div class=\"wp-block-columns is-layout-flex wp-container-core-columns-is-layout-28f84493 wp-block-columns-is-layout-flex\">\n<div class=\"wp-block-column is-layout-flow wp-block-column-is-layout-flow\" style=\"flex-basis:100%\">\n<div class=\"wp-block-group alignfull has-background-background-color has-background has-global-padding is-layout-constrained wp-container-core-group-is-layout-e152cc25 wp-block-group-is-layout-constrained\" style=\"margin-top:0;margin-bottom:0;padding-top:var(--wp--preset--spacing--60);padding-bottom:var(--wp--preset--spacing--60)\">\n<p><strong>SEAJA NGO (Children of Asia Solidarity with Joseph and Agnes)<\/strong><\/p>\n\n\n\n<p>1 rue du TER &#8211; 56 260 Larmor-Plage &#8211; France<br>RNA registration number: W561013990<\/p>\n\n\n\n<p><strong>Legal representative:<\/strong><br>St\u00e9phane S\u00e9lard (publication manager)<\/p>\n\n\n\n<p><strong>Copyright<\/strong><\/p>\n\n\n\n<p>All elements of the site (texts, comments, illustrations and images) reproduced on the SEAJA.ORG site are protected by copyright legislation. As such and in accordance with the provisions of the Intellectual Property Code, only use for private purposes, limited to the family circle, and reproduction (printing and downloading) for strictly personal use are authorized.<br><br> <strong>Site hosting:<\/strong><br> This site is hosted by <\/p>\n\n\n\n<p>OVH : 2 rue kellermann BP 80157 59053 ROUBAIX CEDEX 1 &#8211; France<\/p>\n\n\n\n<p>and IONOS: 7 Place de la gare 57 200 SARREGUEMINES \u2013 France<\/p>\n\n\n\n<p><br> <br><strong>Personal data<\/strong><\/p>\n\n\n\n<p>The collection of personal data for the payment of donations and sponsorships is done via helloasso.fr&nbsp;<\/p>\n\n\n\n<p><a href=\"https:\/\/www.helloasso.com\/mentions-legales\">https:\/\/www.helloasso.com\/mentions-legales<\/a><br><br><\/p>\n\n\n\n<p><br> <br><br> <strong>Last updated:<\/strong><br> 18\/09\/2025<\/p>\n<\/div>\n<\/div>\n<\/div>","protected":false},"excerpt":{"rendered":"<p>Association SEAJA (Solidarit\u00e9 Enfants d&rsquo;Asie avec Joseph et Agn\u00e8s) 1 rue du TER &#8211; 56 260 Larmor-Plage &#8211; FranceNum\u00e9ro d&rsquo;enregistrement RNA : W561013990 Repr\u00e9sentant l\u00e9gal :St\u00e9phane S\u00e9lard (responsable de la publication) Droits d\u2019auteur Tous les \u00e9l\u00e9ments du site (textes, commentaires, illustrations et images) reproduits sur le site SEAJA.ORG sont prot\u00e9g\u00e9s par la l\u00e9gislation sur le [&hellip;]<\/p>\n","protected":false},"author":1,"featured_media":0,"parent":0,"menu_order":0,"comment_status":"closed","ping_status":"closed","template":"page-with-title","meta":{"give_campaign_id":0,"om_disable_all_campaigns":false,"_monsterinsights_skip_tracking":false,"_monsterinsights_sitenote_active":false,"_monsterinsights_sitenote_note":"","_monsterinsights_sitenote_category":0,"footnotes":""},"class_list":["post-47","page","type-page","status-publish","hentry"],"aioseo_notices":[],"campaignId":"","_links":{"self":[{"href":"https:\/\/seaja.org\/en\/wp-json\/wp\/v2\/pages\/47","targetHints":{"allow":["GET"]}}],"collection":[{"href":"https:\/\/seaja.org\/en\/wp-json\/wp\/v2\/pages"}],"about":[{"href":"https:\/\/seaja.org\/en\/wp-json\/wp\/v2\/types\/page"}],"author":[{"embeddable":true,"href":"https:\/\/seaja.org\/en\/wp-json\/wp\/v2\/users\/1"}],"replies":[{"embeddable":true,"href":"https:\/\/seaja.org\/en\/wp-json\/wp\/v2\/comments?post=47"}],"version-history":[{"count":23,"href":"https:\/\/seaja.org\/en\/wp-json\/wp\/v2\/pages\/47\/revisions"}],"predecessor-version":[{"id":1157,"href":"https:\/\/seaja.org\/en\/wp-json\/wp\/v2\/pages\/47\/revisions\/1157"}],"wp:attachment":[{"href":"https:\/\/seaja.org\/en\/wp-json\/wp\/v2\/media?parent=47"}],"curies":[{"name":"wp","href":"https:\/\/api.w.org\/{rel}","templated":true}]}}