{"id":577,"date":"2025-11-18T15:41:59","date_gmt":"2025-11-18T14:41:59","guid":{"rendered":"https:\/\/seaja.org\/?page_id=577"},"modified":"2026-03-25T16:34:01","modified_gmt":"2026-03-25T15:34:01","slug":"nos-actualites","status":"publish","type":"page","link":"https:\/\/seaja.org\/en\/nos-actualites\/","title":{"rendered":"Our blog"},"content":{"rendered":"<div class=\"wp-block-group alignfull has-background-background-color has-background has-global-padding is-layout-constrained wp-container-core-group-is-layout-00049a37 wp-block-group-is-layout-constrained\" style=\"margin-top:0;margin-bottom:0;padding-top:var(--wp--preset--spacing--30);padding-right:var(--wp--preset--spacing--30);padding-bottom:var(--wp--preset--spacing--60);padding-left:var(--wp--preset--spacing--30)\">\n<div class=\"wp-block-columns alignwide is-layout-flex wp-container-core-columns-is-layout-cbe57604 wp-block-columns-is-layout-flex\">\n<div class=\"wp-block-column is-layout-flow wp-container-core-column-is-layout-5dafc681 wp-block-column-is-layout-flow\" style=\"flex-basis:33.33%\">\n<div class=\"wp-block-group has-tertiary-background-color has-background has-global-padding is-layout-constrained wp-container-core-group-is-layout-f90d3be4 wp-block-group-is-layout-constrained\" style=\"border-radius:4px;padding-top:var(--wp--preset--spacing--40);padding-right:var(--wp--preset--spacing--30);padding-bottom:var(--wp--preset--spacing--40);padding-left:var(--wp--preset--spacing--30)\">\n<div class=\"wp-block-group has-global-padding is-layout-constrained wp-container-core-group-is-layout-11c1ca01 wp-block-group-is-layout-constrained\" style=\"padding-right:var(--wp--preset--spacing--50);padding-left:var(--wp--preset--spacing--50)\">\n<figure class=\"wp-block-gallery has-nested-images columns-default is-cropped wp-block-gallery-1 is-layout-flex wp-block-gallery-is-layout-flex\">\n<figure class=\"wp-block-image size-full is-style-rounded\"><img fetchpriority=\"high\" decoding=\"async\" width=\"1239\" height=\"1239\" data-id=\"118\" src=\"https:\/\/seaja.org\/wp-content\/uploads\/2025\/08\/cropped_circle_image.png\" alt=\"\" class=\"wp-image-118\" style=\"aspect-ratio:1;object-fit:cover\" srcset=\"https:\/\/seaja.org\/wp-content\/uploads\/2025\/08\/cropped_circle_image.png 1239w, https:\/\/seaja.org\/wp-content\/uploads\/2025\/08\/cropped_circle_image-300x300.png 300w, https:\/\/seaja.org\/wp-content\/uploads\/2025\/08\/cropped_circle_image-1024x1024.png 1024w, https:\/\/seaja.org\/wp-content\/uploads\/2025\/08\/cropped_circle_image-150x150.png 150w, https:\/\/seaja.org\/wp-content\/uploads\/2025\/08\/cropped_circle_image-768x768.png 768w\" sizes=\"(max-width: 1239px) 100vw, 1239px\" \/><\/figure>\n<\/figure>\n<\/div>\n\n\n\n<h2 class=\"wp-block-heading has-text-align-center\" style=\"margin-top:var(--wp--preset--spacing--30);margin-bottom:1rem;font-size:clamp(0.984rem, 0.984rem + ((1vw - 0.2rem) * 0.86), 1.5rem);\">On this page, we explain the latest news about our projects and give you some tips if you are travelling in the area<\/h2>\n\n\n\n<ul class=\"wp-block-social-links has-small-icon-size has-icon-color is-style-logos-only is-content-justification-center is-layout-flex wp-container-core-social-links-is-layout-ce9397e5 wp-block-social-links-is-layout-flex\" style=\"margin-top:24px\"><li style=\"color:#0B0620;\" class=\"wp-social-link wp-social-link-facebook has-foreground-color wp-block-social-link\"><a href=\"https:\/\/www.facebook.com\/profile.php?id=61581866762230\" class=\"wp-block-social-link-anchor\"><svg width=\"24\" height=\"24\" viewbox=\"0 0 24 24\" version=\"1.1\" xmlns=\"http:\/\/www.w3.org\/2000\/svg\" aria-hidden=\"true\" focusable=\"false\"><path d=\"M12 2C6.5 2 2 6.5 2 12c0 5 3.7 9.1 8.4 9.9v-7H7.9V12h2.5V9.8c0-2.5 1.5-3.9 3.8-3.9 1.1 0 2.2.2 2.2.2v2.5h-1.3c-1.2 0-1.6.8-1.6 1.6V12h2.8l-.4 2.9h-2.3v7C18.3 21.1 22 17 22 12c0-5.5-4.5-10-10-10z\"><\/path><\/svg><span class=\"wp-block-social-link-label screen-reader-text\">Facebook<\/span><\/a><\/li>\n\n<li style=\"color:#0B0620;\" class=\"wp-social-link wp-social-link-instagram has-foreground-color wp-block-social-link\"><a href=\"https:\/\/www.instagram.com\/seajaprojects\/\" class=\"wp-block-social-link-anchor\"><svg width=\"24\" height=\"24\" viewbox=\"0 0 24 24\" version=\"1.1\" xmlns=\"http:\/\/www.w3.org\/2000\/svg\" aria-hidden=\"true\" focusable=\"false\"><path d=\"M12,4.622c2.403,0,2.688,0.009,3.637,0.052c0.877,0.04,1.354,0.187,1.671,0.31c0.42,0.163,0.72,0.358,1.035,0.673 c0.315,0.315,0.51,0.615,0.673,1.035c0.123,0.317,0.27,0.794,0.31,1.671c0.043,0.949,0.052,1.234,0.052,3.637 s-0.009,2.688-0.052,3.637c-0.04,0.877-0.187,1.354-0.31,1.671c-0.163,0.42-0.358,0.72-0.673,1.035 c-0.315,0.315-0.615,0.51-1.035,0.673c-0.317,0.123-0.794,0.27-1.671,0.31c-0.949,0.043-1.233,0.052-3.637,0.052 s-2.688-0.009-3.637-0.052c-0.877-0.04-1.354-0.187-1.671-0.31c-0.42-0.163-0.72-0.358-1.035-0.673 c-0.315-0.315-0.51-0.615-0.673-1.035c-0.123-0.317-0.27-0.794-0.31-1.671C4.631,14.688,4.622,14.403,4.622,12 s0.009-2.688,0.052-3.637c0.04-0.877,0.187-1.354,0.31-1.671c0.163-0.42,0.358-0.72,0.673-1.035 c0.315-0.315,0.615-0.51,1.035-0.673c0.317-0.123,0.794-0.27,1.671-0.31C9.312,4.631,9.597,4.622,12,4.622 M12,3 C9.556,3,9.249,3.01,8.289,3.054C7.331,3.098,6.677,3.25,6.105,3.472C5.513,3.702,5.011,4.01,4.511,4.511 c-0.5,0.5-0.808,1.002-1.038,1.594C3.25,6.677,3.098,7.331,3.054,8.289C3.01,9.249,3,9.556,3,12c0,2.444,0.01,2.751,0.054,3.711 c0.044,0.958,0.196,1.612,0.418,2.185c0.23,0.592,0.538,1.094,1.038,1.594c0.5,0.5,1.002,0.808,1.594,1.038 c0.572,0.222,1.227,0.375,2.185,0.418C9.249,20.99,9.556,21,12,21s2.751-0.01,3.711-0.054c0.958-0.044,1.612-0.196,2.185-0.418 c0.592-0.23,1.094-0.538,1.594-1.038c0.5-0.5,0.808-1.002,1.038-1.594c0.222-0.572,0.375-1.227,0.418-2.185 C20.99,14.751,21,14.444,21,12s-0.01-2.751-0.054-3.711c-0.044-0.958-0.196-1.612-0.418-2.185c-0.23-0.592-0.538-1.094-1.038-1.594 c-0.5-0.5-1.002-0.808-1.594-1.038c-0.572-0.222-1.227-0.375-2.185-0.418C14.751,3.01,14.444,3,12,3L12,3z M12,7.378 c-2.552,0-4.622,2.069-4.622,4.622S9.448,16.622,12,16.622s4.622-2.069,4.622-4.622S14.552,7.378,12,7.378z M12,15 c-1.657,0-3-1.343-3-3s1.343-3,3-3s3,1.343,3,3S13.657,15,12,15z M16.804,6.116c-0.596,0-1.08,0.484-1.08,1.08 s0.484,1.08,1.08,1.08c0.596,0,1.08-0.484,1.08-1.08S17.401,6.116,16.804,6.116z\"><\/path><\/svg><span class=\"wp-block-social-link-label screen-reader-text\">Instagram<\/span><\/a><\/li>\n\n<li style=\"color:#0B0620;\" class=\"wp-social-link wp-social-link-linkedin has-foreground-color wp-block-social-link\"><a href=\"#\" class=\"wp-block-social-link-anchor\"><svg width=\"24\" height=\"24\" viewbox=\"0 0 24 24\" version=\"1.1\" xmlns=\"http:\/\/www.w3.org\/2000\/svg\" aria-hidden=\"true\" focusable=\"false\"><path d=\"M19.7,3H4.3C3.582,3,3,3.582,3,4.3v15.4C3,20.418,3.582,21,4.3,21h15.4c0.718,0,1.3-0.582,1.3-1.3V4.3 C21,3.582,20.418,3,19.7,3z M8.339,18.338H5.667v-8.59h2.672V18.338z M7.004,8.574c-0.857,0-1.549-0.694-1.549-1.548 c0-0.855,0.691-1.548,1.549-1.548c0.854,0,1.547,0.694,1.547,1.548C8.551,7.881,7.858,8.574,7.004,8.574z M18.339,18.338h-2.669 v-4.177c0-0.996-0.017-2.278-1.387-2.278c-1.389,0-1.601,1.086-1.601,2.206v4.249h-2.667v-8.59h2.559v1.174h0.037 c0.356-0.675,1.227-1.387,2.526-1.387c2.703,0,3.203,1.779,3.203,4.092V18.338z\"><\/path><\/svg><span class=\"wp-block-social-link-label screen-reader-text\">LinkedIn<\/span><\/a><\/li><\/ul>\n<\/div>\n\n\n\n<div class=\"wp-block-group has-global-padding is-layout-constrained wp-container-core-group-is-layout-dd32767c wp-block-group-is-layout-constrained\">\n<h2 class=\"wp-block-heading\" style=\"font-size:clamp(0.984rem, 0.984rem + ((1vw - 0.2rem) * 0.86), 1.5rem);\">Blog categories<\/h2>\n\n\n<ul style=\"line-height:2;\" class=\"wp-block-categories-list wp-block-categories\">\t<li class=\"cat-item cat-item-1\"><a href=\"https:\/\/seaja.org\/en\/category\/dons\/\">Donations<\/a>\n<\/li>\n\t<li class=\"cat-item cat-item-28\"><a href=\"https:\/\/seaja.org\/en\/category\/kampong-cham\/\">Kampong Cham<\/a>\n<\/li>\n\t<li class=\"cat-item cat-item-30\"><a href=\"https:\/\/seaja.org\/en\/category\/kampong-thom\/\">Kampong Thom<\/a>\n<\/li>\n\t<li class=\"cat-item cat-item-31\"><a href=\"https:\/\/seaja.org\/en\/category\/missions\/\">Our missions<\/a>\n<\/li>\n\t<li class=\"cat-item cat-item-32\"><a href=\"https:\/\/seaja.org\/en\/category\/presse\/\">Presse<\/a>\n<\/li>\n<\/ul><\/div>\n\n\n\n<div class=\"wp-block-group has-global-padding is-layout-constrained wp-block-group-is-layout-constrained\">\n<div data-wp-context=\"{}\" data-wp-interactive=\"core\/query\" data-wp-key=\"1\" data-wp-router-region=\"query-1\" class=\"wp-block-query is-layout-flow wp-block-query-is-layout-flow\"><\/div>\n<\/div>\n<\/div>\n\n\n\n<div class=\"wp-block-column is-layout-flow wp-block-column-is-layout-flow\" style=\"flex-basis:66.66%\">\n<div data-wp-context=\"{}\" data-wp-interactive=\"core\/query\" data-wp-key=\"10\" data-wp-router-region=\"query-10\" class=\"wp-block-query is-layout-flow wp-block-query-is-layout-flow\"><ul class=\"wp-block-post-template is-layout-flow wp-block-post-template-is-layout-flow\"><li data-wp-key=\"post-template-item-1602\" class=\"wp-block-post post-1602 post type-post status-publish format-standard hentry category-kampong-thom\">\n<div style=\"margin-top:24px;margin-bottom:6px\" class=\"taxonomy-category has-link-color wp-elements-ac72088bd961ddddb454757c7ce5a3ca wp-block-post-terms has-small-font-size\"><a href=\"https:\/\/seaja.org\/en\/category\/kampong-thom\/\" rel=\"tag\">Kampong Thom<\/a><\/div>\n\n<h2 style=\"margin-top:6px;margin-bottom:12px;\" class=\"wp-block-post-title has-large-font-size\"><a href=\"https:\/\/seaja.org\/en\/la-salle-de-bain-des-garcons\/\" target=\"_self\" >The boys' bathroom<\/a><\/h2>\n\n<div style=\"margin-top:0;margin-bottom:0;\" class=\"wp-block-post-excerpt has-small-font-size\"><p class=\"wp-block-post-excerpt__excerpt\">En f\u00e9vrier dernier, nous \u00e9tions avec Christophe \u00e0 l\u2019orphelinat de Kampong Thom pour \u00e9valuer les besoins et \u00e9laborer un plan d\u2019action pour 2026. Le travail \u00e0 accomplir est immense ! Pour ce faire, nous avons organis\u00e9 un atelier avec le groupe des a\u00een\u00e9s, avec qui nous pouvions communiquer&hellip; <\/p><\/div>\n\n\n<div style=\"height:3rem\" aria-hidden=\"true\" class=\"wp-block-spacer\"><\/div>\n\n<\/li><li data-wp-key=\"post-template-item-1600\" class=\"wp-block-post post-1600 post type-post status-publish format-standard hentry category-presse\">\n<div style=\"margin-top:24px;margin-bottom:6px\" class=\"taxonomy-category has-link-color wp-elements-ac72088bd961ddddb454757c7ce5a3ca wp-block-post-terms has-small-font-size\"><a href=\"https:\/\/seaja.org\/en\/category\/presse\/\" rel=\"tag\">Presse<\/a><\/div>\n\n<h2 style=\"margin-top:6px;margin-bottom:12px;\" class=\"wp-block-post-title has-large-font-size\"><a href=\"https:\/\/seaja.org\/en\/la-revue-de-presse-de-seaja\/\" target=\"_self\" >SEAJA's press review<\/a><\/h2>\n\n<div style=\"margin-top:0;margin-bottom:0;\" class=\"wp-block-post-excerpt has-small-font-size\"><p class=\"wp-block-post-excerpt__excerpt\">Parce qu&rsquo;ils en parlent mieux que nous ! Seaja Bien que jeune a d\u00e9j\u00e0 fait l&rsquo;objet de plusieurs articles dans la presse. Nous vous invitons \u00e0 une lecture et \u00e9coute attentive et bienveillante pour la d\u00e9couvrir et surtout la faire conna\u00eetre ! TF1 &#8211; Qui Veut Gagner des&hellip; <\/p><\/div>\n\n\n<div style=\"height:3rem\" aria-hidden=\"true\" class=\"wp-block-spacer\"><\/div>\n\n<\/li><li data-wp-key=\"post-template-item-1587\" class=\"wp-block-post post-1587 post type-post status-publish format-standard hentry category-kampong-cham\">\n<div style=\"margin-top:24px;margin-bottom:6px\" class=\"taxonomy-category has-link-color wp-elements-ac72088bd961ddddb454757c7ce5a3ca wp-block-post-terms has-small-font-size\"><a href=\"https:\/\/seaja.org\/en\/category\/kampong-cham\/\" rel=\"tag\">Kampong Cham<\/a><\/div>\n\n<h2 style=\"margin-top:6px;margin-bottom:12px;\" class=\"wp-block-post-title has-large-font-size\"><a href=\"https:\/\/seaja.org\/en\/le-foot-a-obt-chiro\/\" target=\"_self\" >Football at OBT Chiro<\/a><\/h2>\n\n<div style=\"margin-top:0;margin-bottom:0;\" class=\"wp-block-post-excerpt has-small-font-size\"><p class=\"wp-block-post-excerpt__excerpt\">Apr\u00e8s les inondations d\u00e9primantes d&rsquo;octobre et novembre, le terrain de foot d&rsquo;OBT Chiro pr\u00e8s de Kampong Cham a repris forme. A l&rsquo;image des travaux r\u00e9alis\u00e9s \u00e0 l&rsquo;orphelinat de Kampong Thom ou la parit\u00e9 s&rsquo;applique, ici aussi dans le sport, filles et gar\u00e7ons jouent avec le m\u00eame enthousiasme et&hellip; <\/p><\/div>\n\n\n<div style=\"height:3rem\" aria-hidden=\"true\" class=\"wp-block-spacer\"><\/div>\n\n<\/li><li data-wp-key=\"post-template-item-1568\" class=\"wp-block-post post-1568 post type-post status-publish format-standard hentry category-kampong-thom\">\n<div style=\"margin-top:24px;margin-bottom:6px\" class=\"taxonomy-category has-link-color wp-elements-ac72088bd961ddddb454757c7ce5a3ca wp-block-post-terms has-small-font-size\"><a href=\"https:\/\/seaja.org\/en\/category\/kampong-thom\/\" rel=\"tag\">Kampong Thom<\/a><\/div>\n\n<h2 style=\"margin-top:6px;margin-bottom:12px;\" class=\"wp-block-post-title has-large-font-size\"><a href=\"https:\/\/seaja.org\/en\/les-toilettes-de-lorphelinat\/\" target=\"_self\" >The orphanage toilets<\/a><\/h2>\n\n<div style=\"margin-top:0;margin-bottom:0;\" class=\"wp-block-post-excerpt has-small-font-size\"><p class=\"wp-block-post-excerpt__excerpt\">M\u00eame si l\u2019espace est souvent \u00e9troit et confin\u00e9, il faut reconna\u00eetre que nous passons une part importante de notre vie aux toilettes ! Au lyc\u00e9e, pendant un moment de d\u00e9crochage (ils \u00e9taient nombreux\u2026), j\u2019avais calcul\u00e9 le temps moyen pass\u00e9 aux WC au cours de toute une vie, et&hellip; <\/p><\/div>\n\n\n<div style=\"height:3rem\" aria-hidden=\"true\" class=\"wp-block-spacer\"><\/div>\n\n<\/li><li data-wp-key=\"post-template-item-1558\" class=\"wp-block-post post-1558 post type-post status-publish format-standard hentry category-missions\">\n<div style=\"margin-top:24px;margin-bottom:6px\" class=\"taxonomy-category has-link-color wp-elements-ac72088bd961ddddb454757c7ce5a3ca wp-block-post-terms has-small-font-size\"><a href=\"https:\/\/seaja.org\/en\/category\/missions\/\" rel=\"tag\">Our missions<\/a><\/div>\n\n<h2 style=\"margin-top:6px;margin-bottom:12px;\" class=\"wp-block-post-title has-large-font-size\"><a href=\"https:\/\/seaja.org\/en\/la-mission\/\" target=\"_self\" >The mission<\/a><\/h2>\n\n<div style=\"margin-top:0;margin-bottom:0;\" class=\"wp-block-post-excerpt has-small-font-size\"><p class=\"wp-block-post-excerpt__excerpt\">Le 23 janvier, Christophe et St\u00e9phane, membres du bureau Seaja, partent en mission au Cambodge dans le cadre des projets pr\u00e9vus pour 2025 et 2026. Leur feuille de route est claire et s\u2019articule autour de trois objectifs : Cette mission offrira \u00e9galement \u00e0 Christophe l&rsquo;opportunit\u00e9 de d\u00e9couvrir l&rsquo;Asie&hellip; <\/p><\/div>\n\n\n<div style=\"height:3rem\" aria-hidden=\"true\" class=\"wp-block-spacer\"><\/div>\n\n<\/li><li data-wp-key=\"post-template-item-1542\" class=\"wp-block-post post-1542 post type-post status-publish format-standard hentry category-kampong-thom\">\n<div style=\"margin-top:24px;margin-bottom:6px\" class=\"taxonomy-category has-link-color wp-elements-ac72088bd961ddddb454757c7ce5a3ca wp-block-post-terms has-small-font-size\"><a href=\"https:\/\/seaja.org\/en\/category\/kampong-thom\/\" rel=\"tag\">Kampong Thom<\/a><\/div>\n\n<h2 style=\"margin-top:6px;margin-bottom:12px;\" class=\"wp-block-post-title has-large-font-size\"><a href=\"https:\/\/seaja.org\/en\/cest-le-tour-des-filles\/\" target=\"_self\" >It's the girls' turn!<\/a><\/h2>\n\n<div style=\"margin-top:0;margin-bottom:0;\" class=\"wp-block-post-excerpt has-small-font-size\"><p class=\"wp-block-post-excerpt__excerpt\">Le toit du dortoir des gar\u00e7ons ayant \u00e9t\u00e9 r\u00e9par\u00e9, nous nous attaquons d\u00e9sormais \u00e0 celui des filles. Le b\u00e2timent en ciment n\u00e9cessite le remplacement du toit en fibrociment, qui a largement d\u00e9pass\u00e9 sa dur\u00e9e de vie. L&rsquo;approvisionnement a \u00e9t\u00e9 compliqu\u00e9 en raison des tensions entre le Cambodge et&hellip; <\/p><\/div>\n\n\n<div style=\"height:3rem\" aria-hidden=\"true\" class=\"wp-block-spacer\"><\/div>\n\n<\/li><\/ul>\n\n<nav class=\"wp-block-query-pagination is-content-justification-center is-layout-flex wp-container-core-query-pagination-is-layout-a89b3969 wp-block-query-pagination-is-layout-flex\" aria-label=\"Pagination\">\n\n\n<div class=\"wp-block-query-pagination-numbers\"><span data-wp-key=\"index-0\" aria-current=\"page\" class=\"page-numbers current\">1<\/span>\n<a data-wp-key=\"index-1\" data-wp-on--click=\"core\/query::actions.navigate\" class=\"page-numbers\" href=\"?query-10-page=2\">2<\/a><\/div>\n\n<a data-wp-key=\"query-pagination-next\" data-wp-on--click=\"core\/query::actions.navigate\" data-wp-on--mouseenter=\"core\/query::actions.prefetch\" data-wp-watch=\"core\/query::callbacks.prefetch\" href=\"\/en\/wp-json\/wp\/v2\/pages\/577?query-10-page=2\" class=\"wp-block-query-pagination-next\" aria-label=\"Next Page\"><span class='wp-block-query-pagination-next-arrow is-arrow-arrow' aria-hidden='true'>\u2192<\/span><\/a>\n<\/nav>\n\n<\/div>\n<\/div>\n<\/div>\n<\/div>","protected":false},"excerpt":{"rendered":"<p>Sur cette page, nous vous expliquons l&rsquo;actualit\u00e9 de nos projets et vous donnons quelques tuyaux si vous voyagez dans la zone Cat\u00e9gories de blog<\/p>","protected":false},"author":1,"featured_media":0,"parent":0,"menu_order":0,"comment_status":"closed","ping_status":"closed","template":"page-with-title","meta":{"give_campaign_id":0,"om_disable_all_campaigns":false,"_monsterinsights_skip_tracking":false,"_monsterinsights_sitenote_active":false,"_monsterinsights_sitenote_note":"","_monsterinsights_sitenote_category":0,"footnotes":""},"class_list":["post-577","page","type-page","status-publish","hentry"],"aioseo_notices":[],"campaignId":"","_links":{"self":[{"href":"https:\/\/seaja.org\/en\/wp-json\/wp\/v2\/pages\/577","targetHints":{"allow":["GET"]}}],"collection":[{"href":"https:\/\/seaja.org\/en\/wp-json\/wp\/v2\/pages"}],"about":[{"href":"https:\/\/seaja.org\/en\/wp-json\/wp\/v2\/types\/page"}],"author":[{"embeddable":true,"href":"https:\/\/seaja.org\/en\/wp-json\/wp\/v2\/users\/1"}],"replies":[{"embeddable":true,"href":"https:\/\/seaja.org\/en\/wp-json\/wp\/v2\/comments?post=577"}],"version-history":[{"count":10,"href":"https:\/\/seaja.org\/en\/wp-json\/wp\/v2\/pages\/577\/revisions"}],"predecessor-version":[{"id":1778,"href":"https:\/\/seaja.org\/en\/wp-json\/wp\/v2\/pages\/577\/revisions\/1778"}],"wp:attachment":[{"href":"https:\/\/seaja.org\/en\/wp-json\/wp\/v2\/media?parent=577"}],"curies":[{"name":"wp","href":"https:\/\/api.w.org\/{rel}","templated":true}]}}