{"id":138,"date":"2025-09-01T15:46:50","date_gmt":"2025-09-01T15:46:50","guid":{"rendered":"https:\/\/seaja.org\/?page_id=138"},"modified":"2026-03-25T09:54:59","modified_gmt":"2026-03-25T08:54:59","slug":"le-systeme-de-filtration","status":"publish","type":"page","link":"https:\/\/seaja.org\/fr\/le-systeme-de-filtration\/","title":{"rendered":"Installation du syst\u00e8me de filtration d&rsquo;eau \u00e0 Kampong Thom"},"content":{"rendered":"\n<div class=\"wp-block-group alignfull has-background-background-color has-background has-global-padding is-layout-constrained wp-container-core-group-is-layout-7276a2bb wp-block-group-is-layout-constrained\" style=\"margin-top:0;margin-bottom:0;padding-top:var(--wp--preset--spacing--60);padding-right:var(--wp--preset--spacing--30);padding-bottom:var(--wp--preset--spacing--60);padding-left:var(--wp--preset--spacing--30)\">\n<div class=\"wp-block-columns alignwide are-vertically-aligned-center is-layout-flex wp-container-core-columns-is-layout-47c06fe3 wp-block-columns-is-layout-flex\">\n<div class=\"wp-block-column is-vertically-aligned-center is-layout-flow wp-block-column-is-layout-flow\" style=\"flex-basis:60%\">\n<h1 class=\"wp-block-heading has-large-font-size\">SEAJA PROJECTS am\u00e9liore le quotidien \u00e0 l&rsquo;orphelinat, gr\u00e2ce \u00e0 l&rsquo;installation d&rsquo;un syst\u00e8me de filtration d&rsquo;eau<\/h1>\n\n\n\n<p style=\"margin-top:16px\">Nous illustrons ici l&rsquo;engagement de SEAJA PROJECTS \u00e0 installer des syst\u00e8mes essentiels, refl\u00e9tant nos valeurs de solidarit\u00e9 et notre d\u00e9vouement, qui ont permis de fournir de l&rsquo;eau potable \u00e0 l&rsquo;orphelinat de Kampong Thom.<\/p>\n<\/div>\n\n\n\n<div class=\"wp-block-column is-vertically-aligned-center is-layout-flow wp-container-core-column-is-layout-f5bb311e wp-block-column-is-layout-flow\" style=\"flex-basis:50%\">\n<figure class=\"wp-block-image size-large\"><img fetchpriority=\"high\" decoding=\"async\" width=\"1024\" height=\"768\" src=\"https:\/\/seaja.org\/wp-content\/uploads\/2025\/09\/IMG-20210107-WA0001-1024x768.jpg\" alt=\"\" class=\"wp-image-636\" style=\"aspect-ratio:4\/3;object-fit:cover\" srcset=\"https:\/\/seaja.org\/wp-content\/uploads\/2025\/09\/IMG-20210107-WA0001-1024x768.jpg 1024w, https:\/\/seaja.org\/wp-content\/uploads\/2025\/09\/IMG-20210107-WA0001-300x225.jpg 300w, https:\/\/seaja.org\/wp-content\/uploads\/2025\/09\/IMG-20210107-WA0001-768x576.jpg 768w, https:\/\/seaja.org\/wp-content\/uploads\/2025\/09\/IMG-20210107-WA0001.jpg 1280w\" sizes=\"(max-width: 1024px) 100vw, 1024px\" \/><\/figure>\n<\/div>\n<\/div>\n<\/div>\n\n\n\n<div class=\"wp-block-group alignfull has-tertiary-background-color has-background has-global-padding is-layout-constrained wp-container-core-group-is-layout-254d6575 wp-block-group-is-layout-constrained\" style=\"margin-top:0;margin-bottom:0;padding-top:var(--wp--preset--spacing--60);padding-right:var(--wp--preset--spacing--30);padding-bottom:var(--wp--preset--spacing--60);padding-left:var(--wp--preset--spacing--30)\">\n<div class=\"wp-block-group alignwide is-vertical is-layout-flex wp-container-core-group-is-layout-c509e09b wp-block-group-is-layout-flex\" style=\"margin-bottom:var(--wp--preset--spacing--50)\">\n<div class=\"wp-block-group has-global-padding is-layout-constrained wp-block-group-is-layout-constrained\">\n<h2 class=\"wp-block-heading has-large-font-size\">Cr\u00e9ation du syst\u00e8me de filtration d&rsquo;eau \u00e0 Kampong Thom<\/h2>\n\n\n\n<p style=\"margin-top:16px\">En 2020, nous avons men\u00e9 avec succ\u00e8s l&rsquo;installation d&rsquo;un syst\u00e8me de filtration d&rsquo;eau \u00e0 l&rsquo;orphelinat de Kampong Thom, garantissant un acc\u00e8s durable \u00e0 une eau potable pour les enfants. Ce projet a \u00e9t\u00e9 financ\u00e9 gr\u00e2ce \u00e0 des fonds propres et une collecte de dons. <mark style=\"background-color:rgba(0, 0, 0, 0)\" class=\"has-inline-color has-foreground-color\">Lors de notre derni\u00e8re visite en juin 2025, nous avons pu constater avec plaisir que ce syst\u00e8me fonctionne toujours parfaitement<\/mark>.<\/p>\n<\/div>\n<\/div>\n\n\n\n<h3 class=\"wp-block-heading alignwide has-text-align-left\"><strong><mark style=\"background-color:rgba(0, 0, 0, 0)\" class=\"has-inline-color has-primary-color\">Co\u00fbt du syst\u00e8me = environ 2 000 Euros<\/mark><\/strong><\/h3>\n\n\n\n<div class=\"wp-block-columns alignwide is-layout-flex wp-container-core-columns-is-layout-28f84493 wp-block-columns-is-layout-flex\">\n<div class=\"wp-block-column is-layout-flow wp-block-column-is-layout-flow\">\n<figure class=\"wp-block-gallery has-nested-images columns-default is-cropped wp-block-gallery-1 is-layout-flex wp-block-gallery-is-layout-flex\">\n<figure class=\"wp-block-image size-large\"><img decoding=\"async\" width=\"768\" height=\"1024\" data-id=\"128\" src=\"https:\/\/seaja.org\/wp-content\/uploads\/2025\/09\/filtre4-768x1024.jpg\" alt=\"\" class=\"wp-image-128\" srcset=\"https:\/\/seaja.org\/wp-content\/uploads\/2025\/09\/filtre4-768x1024.jpg 768w, https:\/\/seaja.org\/wp-content\/uploads\/2025\/09\/filtre4-225x300.jpg 225w, https:\/\/seaja.org\/wp-content\/uploads\/2025\/09\/filtre4.jpg 960w\" sizes=\"(max-width: 768px) 100vw, 768px\" \/><\/figure>\n<\/figure>\n<\/div>\n\n\n\n<div class=\"wp-block-column is-layout-flow wp-block-column-is-layout-flow\">\n<figure class=\"wp-block-gallery has-nested-images columns-default is-cropped wp-block-gallery-2 is-layout-flex wp-block-gallery-is-layout-flex\">\n<figure class=\"wp-block-image size-large\"><img decoding=\"async\" width=\"768\" height=\"1024\" data-id=\"127\" src=\"https:\/\/seaja.org\/wp-content\/uploads\/2025\/09\/filtre3-768x1024.jpg\" alt=\"\" class=\"wp-image-127\" srcset=\"https:\/\/seaja.org\/wp-content\/uploads\/2025\/09\/filtre3-768x1024.jpg 768w, https:\/\/seaja.org\/wp-content\/uploads\/2025\/09\/filtre3-225x300.jpg 225w, https:\/\/seaja.org\/wp-content\/uploads\/2025\/09\/filtre3.jpg 960w\" sizes=\"(max-width: 768px) 100vw, 768px\" \/><\/figure>\n<\/figure>\n<\/div>\n<\/div>\n\n\n\n<div class=\"wp-block-columns alignwide is-layout-flex wp-container-core-columns-is-layout-28f84493 wp-block-columns-is-layout-flex\">\n<div class=\"wp-block-column is-layout-flow wp-block-column-is-layout-flow\">\n<figure class=\"wp-block-gallery has-nested-images columns-default is-cropped wp-block-gallery-3 is-layout-flex wp-block-gallery-is-layout-flex\">\n<figure class=\"wp-block-image size-large\"><img loading=\"lazy\" decoding=\"async\" width=\"768\" height=\"1024\" data-id=\"126\" src=\"https:\/\/seaja.org\/wp-content\/uploads\/2025\/09\/filtre2-768x1024.jpg\" alt=\"\" class=\"wp-image-126\" srcset=\"https:\/\/seaja.org\/wp-content\/uploads\/2025\/09\/filtre2-768x1024.jpg 768w, https:\/\/seaja.org\/wp-content\/uploads\/2025\/09\/filtre2-225x300.jpg 225w, https:\/\/seaja.org\/wp-content\/uploads\/2025\/09\/filtre2.jpg 960w\" sizes=\"(max-width: 768px) 100vw, 768px\" \/><\/figure>\n<\/figure>\n<\/div>\n\n\n\n<div class=\"wp-block-column is-layout-flow wp-block-column-is-layout-flow\">\n<figure class=\"wp-block-gallery has-nested-images columns-default is-cropped wp-block-gallery-4 is-layout-flex wp-block-gallery-is-layout-flex\">\n<figure class=\"wp-block-image size-full\"><img loading=\"lazy\" decoding=\"async\" width=\"750\" height=\"1000\" data-id=\"125\" src=\"https:\/\/seaja.org\/wp-content\/uploads\/2025\/09\/filtre1.jpg\" alt=\"\" class=\"wp-image-125\" srcset=\"https:\/\/seaja.org\/wp-content\/uploads\/2025\/09\/filtre1.jpg 750w, https:\/\/seaja.org\/wp-content\/uploads\/2025\/09\/filtre1-225x300.jpg 225w\" sizes=\"(max-width: 750px) 100vw, 750px\" \/><\/figure>\n<\/figure>\n<\/div>\n<\/div>\n\n\n\n<h6 class=\"wp-block-heading has-text-align-center\">installation du syst\u00e8me de filtrage d&rsquo;eau en decembre 2020<\/h6>\n<\/div>\n","protected":false},"excerpt":{"rendered":"<p>SEAJA PROJECTS am\u00e9liore le quotidien \u00e0 l&rsquo;orphelinat, gr\u00e2ce \u00e0 l&rsquo;installation d&rsquo;un syst\u00e8me de filtration d&rsquo;eau Nous illustrons ici l&rsquo;engagement de SEAJA PROJECTS \u00e0 installer des syst\u00e8mes essentiels, refl\u00e9tant nos valeurs de solidarit\u00e9 et notre d\u00e9vouement, qui ont permis de fournir de l&rsquo;eau potable \u00e0 l&rsquo;orphelinat de Kampong Thom. Cr\u00e9ation du syst\u00e8me de filtration d&rsquo;eau \u00e0 [&hellip;]<\/p>\n","protected":false},"author":1,"featured_media":0,"parent":0,"menu_order":0,"comment_status":"closed","ping_status":"closed","template":"page-with-title","meta":{"give_campaign_id":0,"om_disable_all_campaigns":false,"_monsterinsights_skip_tracking":false,"_monsterinsights_sitenote_active":false,"_monsterinsights_sitenote_note":"","_monsterinsights_sitenote_category":0,"footnotes":""},"class_list":["post-138","page","type-page","status-publish","hentry"],"aioseo_notices":[],"campaignId":"","_links":{"self":[{"href":"https:\/\/seaja.org\/fr\/wp-json\/wp\/v2\/pages\/138","targetHints":{"allow":["GET"]}}],"collection":[{"href":"https:\/\/seaja.org\/fr\/wp-json\/wp\/v2\/pages"}],"about":[{"href":"https:\/\/seaja.org\/fr\/wp-json\/wp\/v2\/types\/page"}],"author":[{"embeddable":true,"href":"https:\/\/seaja.org\/fr\/wp-json\/wp\/v2\/users\/1"}],"replies":[{"embeddable":true,"href":"https:\/\/seaja.org\/fr\/wp-json\/wp\/v2\/comments?post=138"}],"version-history":[{"count":29,"href":"https:\/\/seaja.org\/fr\/wp-json\/wp\/v2\/pages\/138\/revisions"}],"predecessor-version":[{"id":1724,"href":"https:\/\/seaja.org\/fr\/wp-json\/wp\/v2\/pages\/138\/revisions\/1724"}],"wp:attachment":[{"href":"https:\/\/seaja.org\/fr\/wp-json\/wp\/v2\/media?parent=138"}],"curies":[{"name":"wp","href":"https:\/\/api.w.org\/{rel}","templated":true}]}}