{"id":1486,"date":"2025-12-10T17:16:24","date_gmt":"2025-12-10T16:16:24","guid":{"rendered":"https:\/\/seaja.org\/?page_id=1486"},"modified":"2026-04-03T15:52:43","modified_gmt":"2026-04-03T13:52:43","slug":"la-classe-informatique-reamenagee","status":"publish","type":"page","link":"https:\/\/seaja.org\/fr\/la-classe-informatique-reamenagee\/","title":{"rendered":"La classe informatique r\u00e9am\u00e9nag\u00e9e !"},"content":{"rendered":"\n<div class=\"wp-block-group alignfull has-background-background-color has-background has-global-padding is-layout-constrained wp-container-core-group-is-layout-7276a2bb wp-block-group-is-layout-constrained\" style=\"margin-top:0;margin-bottom:0;padding-top:var(--wp--preset--spacing--60);padding-right:var(--wp--preset--spacing--30);padding-bottom:var(--wp--preset--spacing--60);padding-left:var(--wp--preset--spacing--30)\">\n<div class=\"wp-block-columns alignwide is-layout-flex wp-container-core-columns-is-layout-28f84493 wp-block-columns-is-layout-flex\">\n<div class=\"wp-block-column is-layout-flow wp-block-column-is-layout-flow\">\n<figure class=\"wp-block-image size-full\"><img fetchpriority=\"high\" decoding=\"async\" width=\"1920\" height=\"2560\" src=\"https:\/\/seaja.org\/wp-content\/uploads\/2026\/04\/20260129_202805-scaled.jpg\" alt=\"\" class=\"wp-image-1970\" srcset=\"https:\/\/seaja.org\/wp-content\/uploads\/2026\/04\/20260129_202805-scaled.jpg 1920w, https:\/\/seaja.org\/wp-content\/uploads\/2026\/04\/20260129_202805-225x300.jpg 225w, https:\/\/seaja.org\/wp-content\/uploads\/2026\/04\/20260129_202805-768x1024.jpg 768w, https:\/\/seaja.org\/wp-content\/uploads\/2026\/04\/20260129_202805-1152x1536.jpg 1152w, https:\/\/seaja.org\/wp-content\/uploads\/2026\/04\/20260129_202805-1536x2048.jpg 1536w, https:\/\/seaja.org\/wp-content\/uploads\/2026\/04\/20260129_202805-9x12.jpg 9w\" sizes=\"(max-width: 1920px) 100vw, 1920px\" \/><figcaption class=\"wp-element-caption\"><mark style=\"background-color:rgba(0, 0, 0, 0)\" class=\"has-inline-color has-foreground-color\">La classe informatique sans ordinateurs<\/mark><\/figcaption><\/figure>\n<\/div>\n\n\n\n<div class=\"wp-block-column is-vertically-aligned-center is-layout-flow wp-block-column-is-layout-flow\">\n<h2 class=\"wp-block-heading has-large-font-size\">Des outils pour leur futur !<\/h2>\n\n\n\n<p>\u00c0 l&rsquo;orphelinat de Kampong Thom et pour r\u00e9pondre \u00e0 l&rsquo;attente unanime des plus grand, nous avons relanc\u00e9 les cours d&rsquo;informatique, indispensables au parcours scolaire de nos pensionnaires. <\/p>\n\n\n\n<p>L&rsquo;anglais et l&rsquo;informatique sont essentiels non seulement pour la r\u00e9ussite de leurs \u00e9tudes, mais aussi pour leur vie quotidienne.<\/p>\n\n\n\n<figure class=\"wp-block-image size-large\"><img decoding=\"async\" width=\"1024\" height=\"820\" src=\"https:\/\/seaja.org\/wp-content\/uploads\/2026\/04\/IMG-20260130-WA0011-1024x820.jpg\" alt=\"\" class=\"wp-image-1979\" srcset=\"https:\/\/seaja.org\/wp-content\/uploads\/2026\/04\/IMG-20260130-WA0011-1024x820.jpg 1024w, https:\/\/seaja.org\/wp-content\/uploads\/2026\/04\/IMG-20260130-WA0011-300x240.jpg 300w, https:\/\/seaja.org\/wp-content\/uploads\/2026\/04\/IMG-20260130-WA0011-768x615.jpg 768w, https:\/\/seaja.org\/wp-content\/uploads\/2026\/04\/IMG-20260130-WA0011-1536x1230.jpg 1536w, https:\/\/seaja.org\/wp-content\/uploads\/2026\/04\/IMG-20260130-WA0011-15x12.jpg 15w, https:\/\/seaja.org\/wp-content\/uploads\/2026\/04\/IMG-20260130-WA0011.jpg 1599w\" sizes=\"(max-width: 1024px) 100vw, 1024px\" \/><figcaption class=\"wp-element-caption\"><mark style=\"background-color:rgba(0, 0, 0, 0)\" class=\"has-inline-color has-foreground-color\">St\u00e9phane et Christophe<\/mark><\/figcaption><\/figure>\n<\/div>\n<\/div>\n\n\n\n<div class=\"wp-block-columns alignwide is-layout-flex wp-container-core-columns-is-layout-28f84493 wp-block-columns-is-layout-flex\">\n<div class=\"wp-block-column is-layout-flow wp-block-column-is-layout-flow\">\n<p>Pour compl\u00e9ter l\u2019\u00e9quipement de cette salle, nous avons achet\u00e9 12 PC pour les \u00e9l\u00e9ves, et 1 PC pour le professeur informatique. <\/p>\n\n\n\n<p>Cette classe est maintenant fonctionnelle avec l&rsquo;ajout des ordinateurs, ce qui permet de relancer les cours d&rsquo;informatique \u00e0 l&rsquo;orphelinat.<\/p>\n\n\n\n<h3 class=\"wp-block-heading\"><mark style=\"background-color:rgba(0, 0, 0, 0)\" class=\"has-inline-color has-primary-color\">Co\u00fbt des ordinateurs = 2 800 Euros<\/mark><\/h3>\n\n\n\n<figure class=\"wp-block-image size-large\"><img decoding=\"async\" width=\"1024\" height=\"768\" src=\"https:\/\/seaja.org\/wp-content\/uploads\/2026\/03\/IMG-20260216-WA00021-1024x768.jpg\" alt=\"\" class=\"wp-image-1738\" srcset=\"https:\/\/seaja.org\/wp-content\/uploads\/2026\/03\/IMG-20260216-WA00021-1024x768.jpg 1024w, https:\/\/seaja.org\/wp-content\/uploads\/2026\/03\/IMG-20260216-WA00021-300x225.jpg 300w, https:\/\/seaja.org\/wp-content\/uploads\/2026\/03\/IMG-20260216-WA00021-768x576.jpg 768w, https:\/\/seaja.org\/wp-content\/uploads\/2026\/03\/IMG-20260216-WA00021-1536x1152.jpg 1536w, https:\/\/seaja.org\/wp-content\/uploads\/2026\/03\/IMG-20260216-WA00021-16x12.jpg 16w, https:\/\/seaja.org\/wp-content\/uploads\/2026\/03\/IMG-20260216-WA00021.jpg 1600w\" sizes=\"(max-width: 1024px) 100vw, 1024px\" \/><\/figure>\n<\/div>\n\n\n\n<div class=\"wp-block-column is-layout-flow wp-block-column-is-layout-flow\">\n<h2 class=\"wp-block-heading\">APR\u00c8S ==><\/h2>\n\n\n\n<figure class=\"wp-block-video\"><video height=\"478\" style=\"aspect-ratio: 478 \/ 478;\" width=\"478\" controls src=\"https:\/\/seaja.org\/wp-content\/uploads\/2026\/03\/VID_20260218_010912_114.mp4\"><\/video><figcaption class=\"wp-element-caption\"><mark style=\"background-color:rgba(0, 0, 0, 0)\" class=\"has-inline-color has-foreground-color\">Cours de IT (informatique)<\/mark><\/figcaption><\/figure>\n<\/div>\n<\/div>\n<\/div>\n","protected":false},"excerpt":{"rendered":"<p>Des outils pour leur futur ! \u00c0 l&rsquo;orphelinat de Kampong Thom et pour r\u00e9pondre \u00e0 l&rsquo;attente unanime des plus grand, nous avons relanc\u00e9 les cours d&rsquo;informatique, indispensables au parcours scolaire de nos pensionnaires. L&rsquo;anglais et l&rsquo;informatique sont essentiels non seulement pour la r\u00e9ussite de leurs \u00e9tudes, mais aussi pour leur vie quotidienne. Pour compl\u00e9ter l\u2019\u00e9quipement [&hellip;]<\/p>\n","protected":false},"author":1,"featured_media":0,"parent":0,"menu_order":0,"comment_status":"closed","ping_status":"closed","template":"page-with-title","meta":{"give_campaign_id":0,"om_disable_all_campaigns":false,"_monsterinsights_skip_tracking":false,"_monsterinsights_sitenote_active":false,"_monsterinsights_sitenote_note":"","_monsterinsights_sitenote_category":0,"footnotes":""},"class_list":["post-1486","page","type-page","status-publish","hentry"],"aioseo_notices":[],"campaignId":"","_links":{"self":[{"href":"https:\/\/seaja.org\/fr\/wp-json\/wp\/v2\/pages\/1486","targetHints":{"allow":["GET"]}}],"collection":[{"href":"https:\/\/seaja.org\/fr\/wp-json\/wp\/v2\/pages"}],"about":[{"href":"https:\/\/seaja.org\/fr\/wp-json\/wp\/v2\/types\/page"}],"author":[{"embeddable":true,"href":"https:\/\/seaja.org\/fr\/wp-json\/wp\/v2\/users\/1"}],"replies":[{"embeddable":true,"href":"https:\/\/seaja.org\/fr\/wp-json\/wp\/v2\/comments?post=1486"}],"version-history":[{"count":19,"href":"https:\/\/seaja.org\/fr\/wp-json\/wp\/v2\/pages\/1486\/revisions"}],"predecessor-version":[{"id":1995,"href":"https:\/\/seaja.org\/fr\/wp-json\/wp\/v2\/pages\/1486\/revisions\/1995"}],"wp:attachment":[{"href":"https:\/\/seaja.org\/fr\/wp-json\/wp\/v2\/media?parent=1486"}],"curies":[{"name":"wp","href":"https:\/\/api.w.org\/{rel}","templated":true}]}}