{"id":1505,"date":"2025-12-19T14:07:24","date_gmt":"2025-12-19T13:07:24","guid":{"rendered":"https:\/\/seaja.org\/?page_id=1505"},"modified":"2026-03-25T10:36:30","modified_gmt":"2026-03-25T09:36:30","slug":"la-charte-de-seaja","status":"publish","type":"page","link":"https:\/\/seaja.org\/fr\/la-charte-de-seaja\/","title":{"rendered":"La charte de SEAJA"},"content":{"rendered":"\n<div class=\"wp-block-group alignfull is-style-ext-preset--group--natural-1--section has-background-background-color has-background has-global-padding is-layout-constrained wp-container-core-group-is-layout-8874b4f4 wp-block-group-is-layout-constrained\" style=\"margin-top:0;margin-bottom:0;padding-top:0;padding-bottom:0\">\n<div class=\"wp-block-group alignfull is-vertical is-content-justification-stretch is-layout-flex wp-container-core-group-is-layout-7ef65091 wp-block-group-is-layout-flex\" style=\"padding-top:var(--wp--preset--spacing--70);padding-bottom:var(--wp--preset--spacing--30)\">\n<div class=\"wp-block-group has-global-padding is-content-justification-left is-layout-constrained wp-container-core-group-is-layout-09d77c9f wp-block-group-is-layout-constrained\" style=\"padding-right:var(--wp--preset--spacing--70);padding-left:var(--wp--preset--spacing--70)\">\n<h2 class=\"wp-block-heading has-text-align-left\" style=\"font-size:clamp(1.092rem, 1.092rem + ((1vw - 0.2rem) * 1.013), 1.7rem);\">D\u00e9couvrez la structure et le fonctionnement de SEAJA, une organisation b\u00e9n\u00e9vole qui met l\u2019accent sur la transparence, la r\u00e9activit\u00e9 et la collaboration locale pour mener \u00e0 bien ses projets<\/h2>\n\n\n\n<p class=\"has-text-align-left\">SEAJA est anim\u00e9e par des b\u00e9n\u00e9voles engag\u00e9s et repose sur des concepts alliant flexibilit\u00e9 et compl\u00e9mentarit\u00e9 avec des associations majeures actives au Cambodge et dans d&rsquo;autres pays d&rsquo;Asie. Notre objectif principal, inscrit dans la dur\u00e9e, est d&rsquo;intervenir rapidement et efficacement sur des projets simples mais \u00e0 fort impact local dans des villages \u00e9loign\u00e9s des centres urbains majeurs.<\/p>\n\n\n\n<p class=\"has-text-align-left\">Notre mission principale est de soutenir les familles en difficult\u00e9 pour offrir \u00e0 leurs enfants un cadre de vie digne et de v\u00e9ritables opportunit\u00e9s \u00e9ducatives. Nous les aidons \u00e0 valoriser leur culture et leur environnement, tout en les sensibilisant, si n\u00e9cessaire, au respect de leur milieu de vie.<\/p>\n<\/div>\n<\/div>\n\n\n\n<div class=\"wp-block-group alignwide has-global-padding is-layout-constrained wp-container-core-group-is-layout-6eb5b29a wp-block-group-is-layout-constrained\">\n<div class=\"wp-block-media-text alignfull is-stacked-on-mobile is-image-fill-element is-style-ext-preset--media-text--natural-1--card-1 has-tertiary-background-color has-background is-style-ext-preset--media-text--natural-1--card-1--2\" style=\"padding-top:0;padding-bottom:0;grid-template-columns:35% auto\"><figure class=\"wp-block-media-text__media\"><img fetchpriority=\"high\" decoding=\"async\" width=\"1024\" height=\"683\" src=\"https:\/\/seaja.org\/wp-content\/uploads\/2025\/10\/38c65b9731a5f400582aada8df7b7a1e5c952cea-1024x683.jpg\" alt=\"\" class=\"wp-image-1429 size-full\" style=\"object-position:50% 50%\" srcset=\"https:\/\/seaja.org\/wp-content\/uploads\/2025\/10\/38c65b9731a5f400582aada8df7b7a1e5c952cea-1024x683.jpg 1024w, https:\/\/seaja.org\/wp-content\/uploads\/2025\/10\/38c65b9731a5f400582aada8df7b7a1e5c952cea-300x200.jpg 300w, https:\/\/seaja.org\/wp-content\/uploads\/2025\/10\/38c65b9731a5f400582aada8df7b7a1e5c952cea-768x512.jpg 768w, https:\/\/seaja.org\/wp-content\/uploads\/2025\/10\/38c65b9731a5f400582aada8df7b7a1e5c952cea-18x12.jpg 18w, https:\/\/seaja.org\/wp-content\/uploads\/2025\/10\/38c65b9731a5f400582aada8df7b7a1e5c952cea.jpg 1440w\" sizes=\"(max-width: 1024px) 100vw, 1024px\" \/><\/figure><div class=\"wp-block-media-text__content\">\n<div class=\"wp-block-group is-style-default has-global-padding is-layout-constrained wp-container-core-group-is-layout-4fdaa807 wp-block-group-is-layout-constrained\" style=\"padding-top:var(--wp--preset--spacing--50);padding-right:var(--wp--preset--spacing--30);padding-bottom:var(--wp--preset--spacing--50);padding-left:var(--wp--preset--spacing--30)\">\n<h3 class=\"wp-block-heading\" style=\"font-size:clamp(15.747px, 0.984rem + ((1vw - 3.2px) * 0.86), 24px);\">Le champs d&rsquo;action de SEAJA<\/h3>\n\n\n\n<p>Les villages \u00e9loign\u00e9s des principaux centres urbains <\/p>\n\n\n\n<ul class=\"wp-block-list\">\n<li>Construction de puits<\/li>\n\n\n\n<li>Achat d&rsquo;outils, de mat\u00e9riaux<\/li>\n\n\n\n<li>Construction ou r\u00e9novation d\u2019\u00e9coles et d\u2019orphelinats<\/li>\n\n\n\n<li>Aide au recrutement d\u2019enseignants qualifi\u00e9s<\/li>\n\n\n\n<li>Fourniture de mat\u00e9riel scolaire essentiel<\/li>\n\n\n\n<li>Aide m\u00e9dicale<\/li>\n\n\n\n<li>Support d&rsquo;ONG locales<\/li>\n<\/ul>\n<\/div>\n<\/div><\/div>\n\n\n\n<div class=\"wp-block-media-text alignfull is-stacked-on-mobile is-image-fill-element is-style-ext-preset--media-text--natural-1--card-1 has-tertiary-background-color has-background is-style-ext-preset--media-text--natural-1--card-1--3\" style=\"padding-top:0;padding-bottom:0;grid-template-columns:35% auto\"><figure class=\"wp-block-media-text__media\"><img decoding=\"async\" width=\"1024\" height=\"768\" src=\"https:\/\/seaja.org\/wp-content\/uploads\/2025\/09\/20190517_095634-edited-1-1024x768.jpg\" alt=\"\" class=\"wp-image-204 size-full\" style=\"object-position:50% 50%\" srcset=\"https:\/\/seaja.org\/wp-content\/uploads\/2025\/09\/20190517_095634-edited-1-1024x768.jpg 1024w, https:\/\/seaja.org\/wp-content\/uploads\/2025\/09\/20190517_095634-edited-1-300x225.jpg 300w, https:\/\/seaja.org\/wp-content\/uploads\/2025\/09\/20190517_095634-edited-1-768x576.jpg 768w, https:\/\/seaja.org\/wp-content\/uploads\/2025\/09\/20190517_095634-edited-1-1536x1152.jpg 1536w, https:\/\/seaja.org\/wp-content\/uploads\/2025\/09\/20190517_095634-edited-1-2048x1536.jpg 2048w\" sizes=\"(max-width: 1024px) 100vw, 1024px\" \/><\/figure><div class=\"wp-block-media-text__content\">\n<div class=\"wp-block-group is-style-default has-global-padding is-layout-constrained wp-container-core-group-is-layout-4fdaa807 wp-block-group-is-layout-constrained\" style=\"padding-top:var(--wp--preset--spacing--50);padding-right:var(--wp--preset--spacing--30);padding-bottom:var(--wp--preset--spacing--50);padding-left:var(--wp--preset--spacing--30)\">\n<h3 class=\"wp-block-heading\" style=\"font-size:clamp(15.747px, 0.984rem + ((1vw - 3.2px) * 0.86), 24px);\">L&rsquo;\u00e9thique et le credo de SEAJA<\/h3>\n\n\n\n<ul class=\"wp-block-list\">\n<li>Honorer et respecter la culture et les r\u00e8gles locales<\/li>\n\n\n\n<li>Humilit\u00e9 et altruisme : agir sans attendre de reconnaissance ni de r\u00e9compense<\/li>\n\n\n\n<li style=\"padding-top:0;padding-bottom:0\">Explorer avec nos b\u00e9n\u00e9ficiaires, les strat\u00e9gies pour atteindre l&rsquo;autonomie financi\u00e8re : comment devenir ind\u00e9pendants de notre soutien<\/li>\n\n\n\n<li>Agilit\u00e9 et r\u00e9activit\u00e9 en circuit court : \u00e9tat des lieux, \u00e9valuation, arbitrage et lancement<\/li>\n\n\n\n<li>Transparence et efficience dans l&rsquo;utilisation des dons. Dire ce qu&rsquo;on fait et faire ce qu&rsquo;on dit <\/li>\n\n\n\n<li>Des projets qui reposent sur des acteurs locaux et une confiance mutuelle durable<\/li>\n\n\n\n<li>Une approche de terrain qui exclut toute condescendance et \u00e9vite le mis\u00e9rabilisme<\/li>\n<\/ul>\n<\/div>\n<\/div><\/div>\n\n\n\n<div class=\"wp-block-media-text alignfull is-stacked-on-mobile is-image-fill-element is-style-ext-preset--media-text--natural-1--card-1 has-tertiary-background-color has-background is-style-ext-preset--media-text--natural-1--card-1--4\" style=\"grid-template-columns:35% auto\"><figure class=\"wp-block-media-text__media\"><img decoding=\"async\" width=\"775\" height=\"1024\" src=\"https:\/\/seaja.org\/wp-content\/uploads\/2025\/08\/logo-seaja-775x1024.png\" alt=\"\" class=\"wp-image-81 size-full\" style=\"object-position:50% 50%\" srcset=\"https:\/\/seaja.org\/wp-content\/uploads\/2025\/08\/logo-seaja-775x1024.png 775w, https:\/\/seaja.org\/wp-content\/uploads\/2025\/08\/logo-seaja-227x300.png 227w, https:\/\/seaja.org\/wp-content\/uploads\/2025\/08\/logo-seaja-768x1015.png 768w, https:\/\/seaja.org\/wp-content\/uploads\/2025\/08\/logo-seaja-1162x1536.png 1162w, https:\/\/seaja.org\/wp-content\/uploads\/2025\/08\/logo-seaja.png 1361w\" sizes=\"(max-width: 775px) 100vw, 775px\" \/><\/figure><div class=\"wp-block-media-text__content\">\n<div class=\"wp-block-group is-style-default has-global-padding is-layout-constrained wp-container-core-group-is-layout-4fdaa807 wp-block-group-is-layout-constrained\" style=\"padding-top:var(--wp--preset--spacing--50);padding-right:var(--wp--preset--spacing--30);padding-bottom:var(--wp--preset--spacing--50);padding-left:var(--wp--preset--spacing--30)\">\n<h3 class=\"wp-block-heading\" style=\"font-size:clamp(15.747px, 0.984rem + ((1vw - 3.2px) * 0.86), 24px);\">Le fonctionnement de SEAJA<\/h3>\n\n\n\n<p style=\"margin-top:var(--wp--preset--spacing--20)\">L&rsquo;association est compos\u00e9e d&rsquo;un bureau restreint, enti\u00e8rement b\u00e9n\u00e9vole pour  minimiser les frais de fonctionnement tout en garantissant agilit\u00e9 et r\u00e9activit\u00e9 en accord avec nos objectifs et projets.<\/p>\n\n\n\n<p>Notre mode de fonctionnement est avant tout participatif, ouvert aux meilleures id\u00e9es et propositions de collaboration. Les th\u00e8mes que nous abordons sont importants, mais nous les traitons autant que possible dans la bonne humeur et dans l&rsquo;esprit d&rsquo;un collectif sportif !<\/p>\n\n\n\n<p>Rencontrer, aider, s\u2019ouvrir, d\u00e9couvrir, apprendre : autant de sources de bonheur !<\/p>\n\n\n\n<p>Nous ne recevons aucun financement autre que les dons priv\u00e9s de particuliers et d&rsquo;entreprises.<\/p>\n<\/div>\n<\/div><\/div>\n<\/div>\n<\/div>\n\n\n\n<p><\/p>\n","protected":false},"excerpt":{"rendered":"<p>D\u00e9couvrez la structure et le fonctionnement de SEAJA, une organisation b\u00e9n\u00e9vole qui met l\u2019accent sur la transparence, la r\u00e9activit\u00e9 et la collaboration locale pour mener \u00e0 bien ses projets SEAJA est anim\u00e9e par des b\u00e9n\u00e9voles engag\u00e9s et repose sur des concepts alliant flexibilit\u00e9 et compl\u00e9mentarit\u00e9 avec des associations majeures actives au Cambodge et dans d&rsquo;autres [&hellip;]<\/p>\n","protected":false},"author":1,"featured_media":0,"parent":0,"menu_order":0,"comment_status":"closed","ping_status":"closed","template":"page-with-title","meta":{"give_campaign_id":0,"om_disable_all_campaigns":false,"_monsterinsights_skip_tracking":false,"_monsterinsights_sitenote_active":false,"_monsterinsights_sitenote_note":"","_monsterinsights_sitenote_category":0,"footnotes":""},"class_list":["post-1505","page","type-page","status-publish","hentry"],"aioseo_notices":[],"campaignId":"","_links":{"self":[{"href":"https:\/\/seaja.org\/fr\/wp-json\/wp\/v2\/pages\/1505","targetHints":{"allow":["GET"]}}],"collection":[{"href":"https:\/\/seaja.org\/fr\/wp-json\/wp\/v2\/pages"}],"about":[{"href":"https:\/\/seaja.org\/fr\/wp-json\/wp\/v2\/types\/page"}],"author":[{"embeddable":true,"href":"https:\/\/seaja.org\/fr\/wp-json\/wp\/v2\/users\/1"}],"replies":[{"embeddable":true,"href":"https:\/\/seaja.org\/fr\/wp-json\/wp\/v2\/comments?post=1505"}],"version-history":[{"count":36,"href":"https:\/\/seaja.org\/fr\/wp-json\/wp\/v2\/pages\/1505\/revisions"}],"predecessor-version":[{"id":1747,"href":"https:\/\/seaja.org\/fr\/wp-json\/wp\/v2\/pages\/1505\/revisions\/1747"}],"wp:attachment":[{"href":"https:\/\/seaja.org\/fr\/wp-json\/wp\/v2\/media?parent=1505"}],"curies":[{"name":"wp","href":"https:\/\/api.w.org\/{rel}","templated":true}]}}