{"id":1637,"date":"2026-03-23T15:53:18","date_gmt":"2026-03-23T14:53:18","guid":{"rendered":"https:\/\/seaja.org\/?page_id=1637"},"modified":"2026-03-31T14:37:39","modified_gmt":"2026-03-31T12:37:39","slug":"lhistoire-de-nos-fondateurs","status":"publish","type":"page","link":"https:\/\/seaja.org\/fr\/lhistoire-de-nos-fondateurs\/","title":{"rendered":"L&rsquo;histoire de nos fondateurs"},"content":{"rendered":"\n<div class=\"wp-block-columns alignwide has-tertiary-background-color has-background is-layout-flex wp-container-core-columns-is-layout-f654f1b8 wp-block-columns-is-layout-flex\" style=\"margin-top:var(--wp--preset--spacing--70);padding-top:var(--wp--preset--spacing--50);padding-right:var(--wp--preset--spacing--70);padding-bottom:var(--wp--preset--spacing--50);padding-left:var(--wp--preset--spacing--70)\">\n<div class=\"wp-block-column is-layout-flow wp-block-column-is-layout-flow\">\n<h3 class=\"wp-block-heading\">DEUX FONDATEURS amoureux de l\u2019Asie, une histoire d\u2019AMITI\u00c9\u2026<\/h3>\n\n\n\n<p>Tous deux originaires de Bretagne, leurs chemins se sont crois\u00e9s il y a 40 ans \u00e0 Lorient.<\/p>\n\n\n\n<p>En 2017, ils se retrouvent en Asie, une r\u00e9gion qui leur a tant offert et \u00e0 laquelle ils souhaitent d\u00e9sormais rendre. C\u2019est ainsi que l\u2019id\u00e9e de SEAJA prend forme. En 2025, ils d\u00e9cident de fonder SEAJA, une organisation destin\u00e9e \u00e0 ouvrir la voie \u00e0 ceux dont la vie d\u00e9bute dans des conditions difficiles.<\/p>\n<\/div>\n\n\n\n<div class=\"wp-block-column is-vertically-aligned-center is-layout-flow wp-block-column-is-layout-flow\">\n<div class=\"wp-block-columns are-vertically-aligned-center is-layout-flex wp-container-core-columns-is-layout-28f84493 wp-block-columns-is-layout-flex\">\n<div class=\"wp-block-column is-vertically-aligned-center is-layout-flow wp-block-column-is-layout-flow\">\n<figure class=\"wp-block-image alignright\"><img fetchpriority=\"high\" decoding=\"async\" width=\"811\" height=\"608\" src=\"https:\/\/seaja.org\/wp-content\/uploads\/2026\/03\/image-9-edited.jpg\" alt=\"\" class=\"wp-image-1878\" srcset=\"https:\/\/seaja.org\/wp-content\/uploads\/2026\/03\/image-9-edited.jpg 811w, https:\/\/seaja.org\/wp-content\/uploads\/2026\/03\/image-9-edited-300x225.jpg 300w, https:\/\/seaja.org\/wp-content\/uploads\/2026\/03\/image-9-edited-768x576.jpg 768w, https:\/\/seaja.org\/wp-content\/uploads\/2026\/03\/image-9-edited-16x12.jpg 16w\" sizes=\"(max-width: 811px) 100vw, 811px\" \/><\/figure>\n<\/div>\n<\/div>\n<\/div>\n<\/div>\n\n\n\n<div class=\"wp-block-columns alignwide is-layout-flex wp-container-core-columns-is-layout-88209179 wp-block-columns-is-layout-flex\" style=\"padding-top:var(--wp--preset--spacing--50);padding-bottom:0\">\n<div class=\"wp-block-column is-vertically-aligned-center is-layout-flow wp-block-column-is-layout-flow\">\n<figure class=\"wp-block-image is-resized\"><img decoding=\"async\" width=\"1024\" height=\"768\" src=\"https:\/\/seaja.org\/wp-content\/uploads\/2025\/09\/20250627_153059-1024x768.jpg\" alt=\"\" class=\"wp-image-1214\" style=\"width:651px;height:auto\" srcset=\"https:\/\/seaja.org\/wp-content\/uploads\/2025\/09\/20250627_153059-1024x768.jpg 1024w, https:\/\/seaja.org\/wp-content\/uploads\/2025\/09\/20250627_153059-300x225.jpg 300w, https:\/\/seaja.org\/wp-content\/uploads\/2025\/09\/20250627_153059-768x576.jpg 768w, https:\/\/seaja.org\/wp-content\/uploads\/2025\/09\/20250627_153059-1536x1152.jpg 1536w, https:\/\/seaja.org\/wp-content\/uploads\/2025\/09\/20250627_153059-2048x1536.jpg 2048w\" sizes=\"(max-width: 1024px) 100vw, 1024px\" \/><figcaption class=\"wp-element-caption\"><mark style=\"background-color:rgba(0, 0, 0, 0)\" class=\"has-inline-color has-foreground-color\">St\u00e9phane avec l&rsquo;oncle, la tante, et la cousine de sa fille, L\u00e9a<\/mark><\/figcaption><\/figure>\n<\/div>\n\n\n\n<div class=\"wp-block-column is-vertically-aligned-center is-layout-flow wp-block-column-is-layout-flow\">\n<h3 class=\"wp-block-heading\">St\u00e9phane S\u00e9lard<\/h3>\n\n\n\n<p>R\u00e9cemment retrait\u00e9, install\u00e9 \u00e0 Larmor-Plage et ancien dirigeant de filiales dans le secteur a\u00e9ronautique, il a pass\u00e9 11 ann\u00e9es de vie familiale en Asie. <\/p>\n\n\n\n<p>P\u00e8re d\u2019une jeune adulte adopt\u00e9e au Cambodge en 2002, il a d\u00e9velopp\u00e9&nbsp;un profond attachement pour ce pays,&nbsp;fruit de ses nombreux voyages. Il y a tiss\u00e9 des amiti\u00e9s solides et durables, notamment avec l\u2019orphelinat de Kampong Thom. <\/p>\n\n\n\n<p>Profond\u00e9ment touch\u00e9 par la situation sociale des enfants du village natal de sa fille, il est conscient que&nbsp;de nombreux villages vivent la m\u00eame pr\u00e9carit\u00e9 \u00e9ducative. Apr\u00e8s avoir men\u00e9 plusieurs projets simples, il d\u00e9cide de franchir une nouvelle \u00e9tape ! <\/p>\n<\/div>\n<\/div>\n\n\n\n<details class=\"wp-block-details alignwide is-layout-flow wp-block-details-is-layout-flow\" style=\"font-size:clamp(14px, 0.875rem + ((1vw - 3.2px) * 0.417), 18px);\"><summary> Plus d&rsquo;information sur les motivations de St\u00e9phane&#8230;<\/summary>\n<div class=\"wp-block-columns alignwide has-background is-layout-flex wp-container-core-columns-is-layout-7de28d07 wp-block-columns-is-layout-flex\" style=\"background-color:#333a6e;padding-top:var(--wp--preset--spacing--80);padding-right:var(--wp--preset--spacing--80);padding-bottom:var(--wp--preset--spacing--80);padding-left:var(--wp--preset--spacing--80)\">\n<div class=\"wp-block-column is-vertically-aligned-center is-layout-flow wp-block-column-is-layout-flow\">\n<p class=\"has-light-color has-text-color has-link-color has-slightly-large-font-size wp-elements-b828987f78bca7cb470ee1fc5b3b0fea\">En 2006, avec mon ami Jean-Marc, lui aussi p\u00e8re d\u2019une petite fille adopt\u00e9e au Cambodge, nous entreprenons un voyage pour d\u00e9couvrir les origines de nos enfants.<\/p>\n\n\n\n<h3 class=\"wp-block-heading has-light-color has-text-color has-link-color wp-elements-50c65c4cc37295d14cbb0ddf862492b8\">Un voyage riche en \u00e9motion<\/h3>\n\n\n\n<p class=\"has-light-color has-text-color has-link-color has-slightly-large-font-size wp-elements-722f1e85952596f85e87133a1f463c73\">Ce p\u00e9riple de deux semaines en sac \u00e0 dos nous m\u00e8ne \u00e0 travers la campagne, entre Kampong Cham et Kampong Thom.<\/p>\n\n\n\n<p class=\"has-light-color has-text-color has-link-color has-slightly-large-font-size wp-elements-e6174955610a9d7601341670554ac7d0\">Ce fut&nbsp;un choc \u00e9motionnel&nbsp;de constater la pr\u00e9carit\u00e9 des villages et les conditions de vie des familles, souvent priv\u00e9es d\u2019eau et d\u2019\u00e9lectricit\u00e9, o\u00f9 se nourrir repr\u00e9sente un d\u00e9fi quotidien.<\/p>\n<\/div>\n\n\n\n<div class=\"wp-block-column is-vertically-aligned-center is-layout-flow wp-block-column-is-layout-flow\">\n<figure class=\"wp-block-image size-large\"><img decoding=\"async\" width=\"1920\" height=\"1440\" src=\"https:\/\/seaja.org\/wp-content\/uploads\/2026\/03\/DSCN0414-edited-scaled-1-edited.jpg\" alt=\"\" class=\"wp-image-1634\" srcset=\"https:\/\/seaja.org\/wp-content\/uploads\/2026\/03\/DSCN0414-edited-scaled-1-edited.jpg 1920w, https:\/\/seaja.org\/wp-content\/uploads\/2026\/03\/DSCN0414-edited-scaled-1-edited-300x225.jpg 300w, https:\/\/seaja.org\/wp-content\/uploads\/2026\/03\/DSCN0414-edited-scaled-1-edited-1024x768.jpg 1024w, https:\/\/seaja.org\/wp-content\/uploads\/2026\/03\/DSCN0414-edited-scaled-1-edited-768x576.jpg 768w, https:\/\/seaja.org\/wp-content\/uploads\/2026\/03\/DSCN0414-edited-scaled-1-edited-1536x1152.jpg 1536w, https:\/\/seaja.org\/wp-content\/uploads\/2026\/03\/DSCN0414-edited-scaled-1-edited-16x12.jpg 16w\" sizes=\"(max-width: 1920px) 100vw, 1920px\" \/><figcaption class=\"wp-element-caption\"><mark style=\"background-color:rgba(0, 0, 0, 0)\" class=\"has-inline-color has-foreground-color\">St\u00e9phane avec Jean-Marc<\/mark><\/figcaption><\/figure>\n<\/div>\n<\/div>\n\n\n\n<div class=\"wp-block-columns alignwide is-layout-flex wp-container-core-columns-is-layout-1e297cbc wp-block-columns-is-layout-flex\" style=\"padding-top:var(--wp--preset--spacing--70);padding-bottom:var(--wp--preset--spacing--70)\">\n<div class=\"wp-block-column is-layout-flow wp-block-column-is-layout-flow\">\n<figure class=\"wp-block-image size-large\"><img loading=\"lazy\" decoding=\"async\" width=\"862\" height=\"1024\" src=\"https:\/\/seaja.org\/wp-content\/uploads\/2026\/03\/CHEA-1-862x1024.jpg\" alt=\"\" class=\"wp-image-1631\" srcset=\"https:\/\/seaja.org\/wp-content\/uploads\/2026\/03\/CHEA-1-862x1024.jpg 862w, https:\/\/seaja.org\/wp-content\/uploads\/2026\/03\/CHEA-1-253x300.jpg 253w, https:\/\/seaja.org\/wp-content\/uploads\/2026\/03\/CHEA-1-768x912.jpg 768w, https:\/\/seaja.org\/wp-content\/uploads\/2026\/03\/CHEA-1-1293x1536.jpg 1293w, https:\/\/seaja.org\/wp-content\/uploads\/2026\/03\/CHEA-1-1725x2048.jpg 1725w, https:\/\/seaja.org\/wp-content\/uploads\/2026\/03\/CHEA-1-10x12.jpg 10w\" sizes=\"(max-width: 862px) 100vw, 862px\" \/><figcaption class=\"wp-element-caption\"><mark style=\"background-color:rgba(0, 0, 0, 0)\" class=\"has-inline-color has-foreground-color\">Notre amie Sean Chea<\/mark><\/figcaption><\/figure>\n<\/div>\n\n\n\n<div class=\"wp-block-column is-layout-flow wp-block-column-is-layout-flow\">\n<h3 class=\"wp-block-heading\">Des amis qui s\u2019engagent<\/h3>\n\n\n\n<p class=\"has-light-color has-text-color has-link-color has-slightly-large-font-size wp-elements-f065733db4c6e7041d31256ef5b368b7\">Depuis 2006, nous faisons tout notre possible Jean-Marc et moi, pour rester en contact avec ces familles et l\u2019orphelinat de Kampong Thom. Gr\u00e2ce \u00e0 Sean Chea, notre correspondant sur place, nous apportons notre aide avec nos moyens.<\/p>\n\n\n\n<p class=\"has-light-color has-text-color has-link-color has-slightly-large-font-size wp-elements-bc65234c8e59dafa0c463d668316556a\">En 2010, une opportunit\u00e9 professionnelle me permet d\u2019installer ma famille en Asie, nous rapprochant ainsi du Cambodge et multipliant les voyages.<\/p>\n\n\n\n<h3 class=\"wp-block-heading has-light-color has-text-color has-link-color wp-elements-af6f30a0c527998fd4268969e1bc5099\">Seaja est n\u00e9e\u2026<\/h3>\n\n\n\n<p class=\"has-light-color has-text-color has-link-color has-slightly-large-font-size wp-elements-4fa3ec0e91e734e598de140b12623779\">C\u2019est de cette exp\u00e9rience qu\u2019est n\u00e9e l\u2019id\u00e9e de projets \u00ab&nbsp;Agiles&nbsp;\u00bb dans les villages, que SEAJA s\u2019engage d\u00e9sormais \u00e0 porter en m\u00e9moire de Jean-Marc et Sean Chea partis cette ann\u00e9e.<\/p>\n<\/div>\n<\/div>\n\n\n\n<p><\/p>\n\n\n\n<p><\/p>\n<\/details>\n\n\n\n<div class=\"wp-block-columns alignwide has-tertiary-background-color has-background is-layout-flex wp-container-core-columns-is-layout-3b064d15 wp-block-columns-is-layout-flex\" style=\"padding-top:var(--wp--preset--spacing--70);padding-right:var(--wp--preset--spacing--70);padding-bottom:var(--wp--preset--spacing--70);padding-left:var(--wp--preset--spacing--70)\">\n<div class=\"wp-block-column is-layout-flow wp-block-column-is-layout-flow\">\n<h3 class=\"wp-block-heading\">Patrice Landrein<\/h3>\n\n\n\n<p>Directeur d\u2019\u00e9tablissements h\u00f4teliers de luxe depuis 3 d\u00e9cennies. Il a pass\u00e9 dix ann\u00e9es entre le Vietnam et la Tha\u00eflande, et travaille actuellement sur l\u2019\u00eele Maurice.<\/p>\n\n\n\n<p>En 2017, en Tha\u00eflande,&nbsp;la d\u00e9couverte d\u2019une \u00e9cole abandonn\u00e9e portant le pr\u00e9nom de ses parents disparus (Agn\u00e8s et Joseph), marqu\u00e9s par une histoire douloureuse, lui a envoy\u00e9 un signe puissant. <\/p>\n\n\n\n<p>La renaissance de cette \u00e9cole est devenue pour lui une \u00e9vidence,&nbsp;un v\u00e9ritable phare guidant son avenir.<\/p>\n<\/div>\n\n\n\n<div class=\"wp-block-column is-layout-flow wp-block-column-is-layout-flow\">\n<figure class=\"wp-block-image size-full\"><img loading=\"lazy\" decoding=\"async\" width=\"874\" height=\"655\" src=\"https:\/\/seaja.org\/wp-content\/uploads\/2025\/09\/IMG-20250826-WA0003-edited-1.jpg\" alt=\"\" class=\"wp-image-1212\" srcset=\"https:\/\/seaja.org\/wp-content\/uploads\/2025\/09\/IMG-20250826-WA0003-edited-1.jpg 874w, https:\/\/seaja.org\/wp-content\/uploads\/2025\/09\/IMG-20250826-WA0003-edited-1-300x225.jpg 300w, https:\/\/seaja.org\/wp-content\/uploads\/2025\/09\/IMG-20250826-WA0003-edited-1-768x576.jpg 768w\" sizes=\"(max-width: 874px) 100vw, 874px\" \/><\/figure>\n<\/div>\n<\/div>\n\n\n\n<div class=\"wp-block-columns alignwide is-layout-flex wp-container-core-columns-is-layout-74cd4fb9 wp-block-columns-is-layout-flex\" style=\"padding-top:var(--wp--preset--spacing--40);padding-right:0rem;padding-bottom:0;padding-left:0rem\">\n<div class=\"wp-block-column is-vertically-aligned-center has-light-color has-text-color has-link-color wp-elements-0e0b2f96c853a759072c52e361d69b33 is-layout-flow wp-block-column-is-layout-flow\">\n<p class=\"has-slightly-large-font-size\">En 2016, ma vie professionnelle me m\u00e8ne en Tha\u00eflande et plus pr\u00e9cis\u00e9ment \u00e0 Krabi. D\u00e8s mon arriv\u00e9e, je visite les environs de mon lieu de r\u00e9sidence. <\/p>\n\n\n\n<p class=\"has-slightly-large-font-size\">Lors de cette balade, je d\u00e9couvre un grand b\u00e2timent abandonn\u00e9. Mon regard est interpell\u00e9 par deux pr\u00e9noms qui sont inscrits sur le fronton, Ste Agn\u00e8s et St Joseph. <\/p>\n\n\n\n<p class=\"has-slightly-large-font-size\">Il s\u2019agit des pr\u00e9noms de ma m\u00e8re et de mon p\u00e8re. A ce moment, j\u2019ai su que ce b\u00e2timent symbole devait renaitre pour&nbsp;offrir aux enfants d\u2019Asie un meilleur avenir.<\/p>\n\n\n\n<figure class=\"wp-block-image size-large\"><img loading=\"lazy\" decoding=\"async\" width=\"1238\" height=\"696\" src=\"https:\/\/seaja.org\/wp-content\/uploads\/2026\/03\/IMG-20250914-WA0009-edited.jpg\" alt=\"\" class=\"wp-image-1765\" srcset=\"https:\/\/seaja.org\/wp-content\/uploads\/2026\/03\/IMG-20250914-WA0009-edited.jpg 1238w, https:\/\/seaja.org\/wp-content\/uploads\/2026\/03\/IMG-20250914-WA0009-edited-300x169.jpg 300w, https:\/\/seaja.org\/wp-content\/uploads\/2026\/03\/IMG-20250914-WA0009-edited-1024x576.jpg 1024w, https:\/\/seaja.org\/wp-content\/uploads\/2026\/03\/IMG-20250914-WA0009-edited-768x432.jpg 768w, https:\/\/seaja.org\/wp-content\/uploads\/2026\/03\/IMG-20250914-WA0009-edited-18x10.jpg 18w\" sizes=\"(max-width: 1238px) 100vw, 1238px\" \/><\/figure>\n<\/div>\n\n\n\n<div class=\"wp-block-column is-layout-flow wp-block-column-is-layout-flow\">\n<figure class=\"wp-block-image size-large\"><img loading=\"lazy\" decoding=\"async\" width=\"1024\" height=\"626\" src=\"https:\/\/seaja.org\/wp-content\/uploads\/2025\/09\/ECOLE_KRABI-1024x626.jpg\" alt=\"\" class=\"wp-image-537\" srcset=\"https:\/\/seaja.org\/wp-content\/uploads\/2025\/09\/ECOLE_KRABI-1024x626.jpg 1024w, https:\/\/seaja.org\/wp-content\/uploads\/2025\/09\/ECOLE_KRABI-300x183.jpg 300w, https:\/\/seaja.org\/wp-content\/uploads\/2025\/09\/ECOLE_KRABI-768x469.jpg 768w, https:\/\/seaja.org\/wp-content\/uploads\/2025\/09\/ECOLE_KRABI-1536x939.jpg 1536w, https:\/\/seaja.org\/wp-content\/uploads\/2025\/09\/ECOLE_KRABI.jpg 1548w\" sizes=\"(max-width: 1024px) 100vw, 1024px\" \/><\/figure>\n\n\n\n<figure class=\"wp-block-image size-large\"><img loading=\"lazy\" decoding=\"async\" width=\"1024\" height=\"682\" src=\"https:\/\/seaja.org\/wp-content\/uploads\/2025\/09\/IMG-20250914-WA0002-1024x682.jpg\" alt=\"\" class=\"wp-image-907\" srcset=\"https:\/\/seaja.org\/wp-content\/uploads\/2025\/09\/IMG-20250914-WA0002-1024x682.jpg 1024w, https:\/\/seaja.org\/wp-content\/uploads\/2025\/09\/IMG-20250914-WA0002-300x200.jpg 300w, https:\/\/seaja.org\/wp-content\/uploads\/2025\/09\/IMG-20250914-WA0002-768x512.jpg 768w, https:\/\/seaja.org\/wp-content\/uploads\/2025\/09\/IMG-20250914-WA0002-1536x1023.jpg 1536w, https:\/\/seaja.org\/wp-content\/uploads\/2025\/09\/IMG-20250914-WA0002.jpg 1567w\" sizes=\"(max-width: 1024px) 100vw, 1024px\" \/><\/figure>\n<\/div>\n<\/div>\n","protected":false},"excerpt":{"rendered":"<p>DEUX FONDATEURS amoureux de l\u2019Asie, une histoire d\u2019AMITI\u00c9\u2026 Tous deux originaires de Bretagne, leurs chemins se sont crois\u00e9s il y a 40 ans \u00e0 Lorient. En 2017, ils se retrouvent en Asie, une r\u00e9gion qui leur a tant offert et \u00e0 laquelle ils souhaitent d\u00e9sormais rendre. C\u2019est ainsi que l\u2019id\u00e9e de SEAJA prend forme. En [&hellip;]<\/p>\n","protected":false},"author":1,"featured_media":0,"parent":0,"menu_order":0,"comment_status":"closed","ping_status":"closed","template":"page-with-title","meta":{"give_campaign_id":0,"om_disable_all_campaigns":false,"_monsterinsights_skip_tracking":false,"_monsterinsights_sitenote_active":false,"_monsterinsights_sitenote_note":"","_monsterinsights_sitenote_category":0,"footnotes":""},"class_list":["post-1637","page","type-page","status-publish","hentry"],"aioseo_notices":[],"campaignId":"","_links":{"self":[{"href":"https:\/\/seaja.org\/fr\/wp-json\/wp\/v2\/pages\/1637","targetHints":{"allow":["GET"]}}],"collection":[{"href":"https:\/\/seaja.org\/fr\/wp-json\/wp\/v2\/pages"}],"about":[{"href":"https:\/\/seaja.org\/fr\/wp-json\/wp\/v2\/types\/page"}],"author":[{"embeddable":true,"href":"https:\/\/seaja.org\/fr\/wp-json\/wp\/v2\/users\/1"}],"replies":[{"embeddable":true,"href":"https:\/\/seaja.org\/fr\/wp-json\/wp\/v2\/comments?post=1637"}],"version-history":[{"count":33,"href":"https:\/\/seaja.org\/fr\/wp-json\/wp\/v2\/pages\/1637\/revisions"}],"predecessor-version":[{"id":1879,"href":"https:\/\/seaja.org\/fr\/wp-json\/wp\/v2\/pages\/1637\/revisions\/1879"}],"wp:attachment":[{"href":"https:\/\/seaja.org\/fr\/wp-json\/wp\/v2\/media?parent=1637"}],"curies":[{"name":"wp","href":"https:\/\/api.w.org\/{rel}","templated":true}]}}