{"id":171,"date":"2025-09-03T09:52:02","date_gmt":"2025-09-03T09:52:02","guid":{"rendered":"https:\/\/seaja.org\/?page_id=171"},"modified":"2026-04-15T09:50:20","modified_gmt":"2026-04-15T07:50:20","slug":"education-a-chiro","status":"publish","type":"page","link":"https:\/\/seaja.org\/fr\/education-a-chiro\/","title":{"rendered":"Education au village de Chiro"},"content":{"rendered":"\n<figure class=\"wp-block-image alignfull size-large\"><img fetchpriority=\"high\" decoding=\"async\" width=\"1024\" height=\"682\" src=\"https:\/\/seaja.org\/wp-content\/uploads\/2025\/09\/IMG-20250404-WA0004-1024x682.jpg\" alt=\"\" class=\"wp-image-227\" srcset=\"https:\/\/seaja.org\/wp-content\/uploads\/2025\/09\/IMG-20250404-WA0004-1024x682.jpg 1024w, https:\/\/seaja.org\/wp-content\/uploads\/2025\/09\/IMG-20250404-WA0004-300x200.jpg 300w, https:\/\/seaja.org\/wp-content\/uploads\/2025\/09\/IMG-20250404-WA0004-768x512.jpg 768w, https:\/\/seaja.org\/wp-content\/uploads\/2025\/09\/IMG-20250404-WA0004.jpg 1280w\" sizes=\"(max-width: 1024px) 100vw, 1024px\" \/><\/figure>\n\n\n\n<div class=\"wp-block-group alignfull has-background-background-color has-background has-global-padding is-layout-constrained wp-container-core-group-is-layout-fb85e995 wp-block-group-is-layout-constrained\" style=\"margin-top:0;margin-bottom:0;padding-top:var(--wp--preset--spacing--60);padding-right:var(--wp--preset--spacing--30);padding-bottom:var(--wp--preset--spacing--60);padding-left:var(--wp--preset--spacing--30)\">\n<div class=\"wp-block-columns alignwide is-layout-flex wp-container-core-columns-is-layout-28f84493 wp-block-columns-is-layout-flex\">\n<div class=\"wp-block-column is-layout-flow wp-block-column-is-layout-flow\">\n<h1 class=\"wp-block-heading has-text-align-center has-large-font-size\">Le projet \u00e9ducatif de SEAJA peut transformer l&rsquo;avenir des enfants de Chiro<\/h1>\n\n\n\n<p class=\"has-text-align-center\" style=\"margin-top:16px\">Notre projet de cr\u00e9er une \u00e9cole primaire et secondaire dans le village cambodgien de Chiro s&rsquo;organise avec la communaut\u00e9 locale de l&rsquo;ONG cambodgienne OBT Chiro (\u00e0 proximit\u00e9 de Kampong Cham).<\/p>\n\n\n\n<figure class=\"wp-block-image aligncenter size-large is-style-default\"><img decoding=\"async\" width=\"1024\" height=\"683\" src=\"https:\/\/seaja.org\/wp-content\/uploads\/2025\/09\/IMG-20250826-WA0000-1024x683.jpg\" alt=\"\" class=\"wp-image-209\" style=\"aspect-ratio:16\/9;object-fit:cover\" srcset=\"https:\/\/seaja.org\/wp-content\/uploads\/2025\/09\/IMG-20250826-WA0000-1024x683.jpg 1024w, https:\/\/seaja.org\/wp-content\/uploads\/2025\/09\/IMG-20250826-WA0000-300x200.jpg 300w, https:\/\/seaja.org\/wp-content\/uploads\/2025\/09\/IMG-20250826-WA0000-768x512.jpg 768w, https:\/\/seaja.org\/wp-content\/uploads\/2025\/09\/IMG-20250826-WA0000.jpg 1280w\" sizes=\"(max-width: 1024px) 100vw, 1024px\" \/><\/figure>\n<\/div>\n\n\n\n<div class=\"wp-block-column is-vertically-aligned-center is-layout-flow wp-block-column-is-layout-flow\">\n<figure class=\"wp-block-image size-full\"><img decoding=\"async\" width=\"855\" height=\"674\" src=\"https:\/\/seaja.org\/wp-content\/uploads\/2025\/09\/carte-geographique-cambodge.jpg\" alt=\"\" class=\"wp-image-1219\" srcset=\"https:\/\/seaja.org\/wp-content\/uploads\/2025\/09\/carte-geographique-cambodge.jpg 855w, https:\/\/seaja.org\/wp-content\/uploads\/2025\/09\/carte-geographique-cambodge-300x236.jpg 300w, https:\/\/seaja.org\/wp-content\/uploads\/2025\/09\/carte-geographique-cambodge-768x605.jpg 768w\" sizes=\"(max-width: 855px) 100vw, 855px\" \/><\/figure>\n<\/div>\n<\/div>\n<\/div>\n\n\n\n<div class=\"wp-block-group alignfull has-tertiary-background-color has-background has-global-padding is-layout-constrained wp-container-core-group-is-layout-fb85e995 wp-block-group-is-layout-constrained\" style=\"margin-top:0;margin-bottom:0;padding-top:var(--wp--preset--spacing--60);padding-right:var(--wp--preset--spacing--30);padding-bottom:var(--wp--preset--spacing--60);padding-left:var(--wp--preset--spacing--30)\">\n<div class=\"wp-block-columns alignwide are-vertically-aligned-center is-layout-flex wp-container-core-columns-is-layout-cbe57604 wp-block-columns-is-layout-flex\">\n<div class=\"wp-block-column is-vertically-aligned-center is-layout-flow wp-block-column-is-layout-flow\">\n<h2 class=\"wp-block-heading has-large-font-size\">Construisons ensemble un avenir prometteur pour Chiro<\/h2>\n\n\n\n<p style=\"margin-top:16px\">OBT est une ONG locale dynamique offrant aujourd\u2019hui des cours de soutien aux enfants. Notre projet \u00e9ducatif avec OBT \u00e0 Chiro vise \u00e0 <mark style=\"background-color:rgba(0, 0, 0, 0)\" class=\"has-inline-color has-foreground-color\">cr\u00e9er des classes<\/mark> <mark style=\"background-color:rgba(0, 0, 0, 0);color:#FE8578\" class=\"has-inline-color\"><\/mark><mark style=\"background-color:rgba(0, 0, 0, 0)\" class=\"has-inline-color has-foreground-color\">pour l\u2019\u00e9cole primaire et secondaire<\/mark>, en partenariat avec la communaut\u00e9 locale.<\/p>\n\n\n\n<ul class=\"wp-block-list\">\n<li>Offrir un acc\u00e8s \u00e0 une \u00e9ducation primaire de qualit\u00e9.<\/li>\n\n\n\n<li>Cr\u00e9er des opportunit\u00e9s d&rsquo;apprentissage secondaires adapt\u00e9es.<\/li>\n\n\n\n<li>Collaborer avec les \u00e9quipes locales pour un impact durable.<\/li>\n\n\n\n<li>Favoriser l&rsquo;inclusion sociale des enfants d\u00e9favoris\u00e9s.<\/li>\n<\/ul>\n<\/div>\n\n\n\n<div class=\"wp-block-column is-vertically-aligned-center is-layout-flow wp-block-column-is-layout-flow\">\n<div class=\"wp-block-group alignwide has-global-padding is-content-justification-left is-layout-constrained wp-container-core-group-is-layout-9bb5df40 wp-block-group-is-layout-constrained\" style=\"margin-bottom:var(--wp--preset--spacing--40)\">\n<figure class=\"wp-block-image size-large\"><img loading=\"lazy\" decoding=\"async\" width=\"1536\" height=\"1536\" src=\"https:\/\/seaja.org\/wp-content\/uploads\/2026\/04\/IMG-20260410-WA0003-1-edited.jpg\" alt=\"\" class=\"wp-image-2106\" srcset=\"https:\/\/seaja.org\/wp-content\/uploads\/2026\/04\/IMG-20260410-WA0003-1-edited.jpg 1536w, https:\/\/seaja.org\/wp-content\/uploads\/2026\/04\/IMG-20260410-WA0003-1-edited-300x300.jpg 300w, https:\/\/seaja.org\/wp-content\/uploads\/2026\/04\/IMG-20260410-WA0003-1-edited-1024x1024.jpg 1024w, https:\/\/seaja.org\/wp-content\/uploads\/2026\/04\/IMG-20260410-WA0003-1-edited-150x150.jpg 150w, https:\/\/seaja.org\/wp-content\/uploads\/2026\/04\/IMG-20260410-WA0003-1-edited-768x768.jpg 768w, https:\/\/seaja.org\/wp-content\/uploads\/2026\/04\/IMG-20260410-WA0003-1-edited-12x12.jpg 12w\" sizes=\"(max-width: 1536px) 100vw, 1536px\" \/><\/figure>\n<\/div>\n<\/div>\n<\/div>\n<\/div>\n\n\n\n<div class=\"wp-block-group alignfull has-background-background-color has-background has-global-padding is-layout-constrained wp-container-core-group-is-layout-7276a2bb wp-block-group-is-layout-constrained\" style=\"margin-top:0;margin-bottom:0;padding-top:var(--wp--preset--spacing--60);padding-right:var(--wp--preset--spacing--30);padding-bottom:var(--wp--preset--spacing--60);padding-left:var(--wp--preset--spacing--30)\">\n<div class=\"wp-block-columns alignwide is-layout-flex wp-container-core-columns-is-layout-28f84493 wp-block-columns-is-layout-flex\">\n<div class=\"wp-block-column is-layout-flow wp-container-core-column-is-layout-119bc444 wp-block-column-is-layout-flow\">\n<figure class=\"wp-block-image size-large\"><img loading=\"lazy\" decoding=\"async\" width=\"768\" height=\"1024\" src=\"https:\/\/seaja.org\/wp-content\/uploads\/2026\/04\/IMG-20260410-WA0004-1-768x1024.jpg\" alt=\"\" class=\"wp-image-2107\" srcset=\"https:\/\/seaja.org\/wp-content\/uploads\/2026\/04\/IMG-20260410-WA0004-1-768x1024.jpg 768w, https:\/\/seaja.org\/wp-content\/uploads\/2026\/04\/IMG-20260410-WA0004-1-225x300.jpg 225w, https:\/\/seaja.org\/wp-content\/uploads\/2026\/04\/IMG-20260410-WA0004-1-1152x1536.jpg 1152w, https:\/\/seaja.org\/wp-content\/uploads\/2026\/04\/IMG-20260410-WA0004-1-9x12.jpg 9w, https:\/\/seaja.org\/wp-content\/uploads\/2026\/04\/IMG-20260410-WA0004-1.jpg 1536w\" sizes=\"(max-width: 768px) 100vw, 768px\" \/><\/figure>\n<\/div>\n\n\n\n<div class=\"wp-block-column is-vertically-aligned-center is-layout-flow wp-container-core-column-is-layout-8a368f38 wp-block-column-is-layout-flow\">\n<h2 class=\"wp-block-heading has-large-font-size\">Notre projet \u00e9ducatif<\/h2>\n\n\n\n<p style=\"margin-top:16px\">SEAJA collabore activement avec l&rsquo;ONG locale OBT (Organization for Basic Training) au village de Chiro \u00e0 proximit\u00e9 de Kampong Cham, pour cr\u00e9er une \u00e9cole primaire et secondaire, <mark style=\"background-color:rgba(0, 0, 0, 0)\" class=\"has-inline-color has-foreground-color\">offrant un acc\u00e8s concret \u00e0 l&rsquo;\u00e9ducation aux enfants d\u00e9favoris\u00e9s.<\/mark><\/p>\n\n\n\n<div style=\"height:43px\" aria-hidden=\"true\" class=\"wp-block-spacer\"><\/div>\n\n\n\n<div class=\"wp-block-columns is-layout-flex wp-container-core-columns-is-layout-28f84493 wp-block-columns-is-layout-flex\">\n<div class=\"wp-block-column is-vertically-aligned-stretch is-layout-flow wp-container-core-column-is-layout-8a368f38 wp-block-column-is-layout-flow\" style=\"flex-basis:48px\">\n<div class=\"wp-block-group has-global-padding is-layout-constrained wp-container-core-group-is-layout-4b2ef9fa wp-block-group-is-layout-constrained\">\n<div class=\"wp-block-group is-vertical is-content-justification-center is-nowrap is-layout-flex wp-container-core-group-is-layout-22bbd74c wp-block-group-is-layout-flex\" style=\"border-width:1px;border-radius:20rem;min-height:48px;padding-top:var(--wp--preset--spacing--20);padding-right:var(--wp--preset--spacing--20);padding-bottom:var(--wp--preset--spacing--20);padding-left:var(--wp--preset--spacing--20)\">\n<p class=\"has-small-font-size\" style=\"font-style:normal;font-weight:500;line-height:1\">1<\/p>\n<\/div>\n<\/div>\n<\/div>\n\n\n\n<div class=\"wp-block-column is-layout-flow wp-block-column-is-layout-flow\">\n<h3 class=\"wp-block-heading\" style=\"font-size:clamp(0.984rem, 0.984rem + ((1vw - 0.2rem) * 0.86), 1.5rem);line-height:1.5\">Premi\u00e8re \u00e9tape : Identification des besoins<\/h3>\n\n\n\n<p class=\"has-small-font-size\" style=\"margin-top:8px\">En collaboration avec l&rsquo;\u00e9quipe locale OBT Chiro,<mark style=\"background-color:rgba(0, 0, 0, 0)\" class=\"has-inline-color has-foreground-color\"> nous analysons les besoins sp\u00e9cifiques du village de Chiro afin de concevoir un projet \u00e9ducatif adapt\u00e9 et durable<\/mark>, organis\u00e9 selon une feuille de route \u00e9tal\u00e9e sur quatre ans.<\/p>\n\n\n\n<p><\/p>\n<\/div>\n<\/div>\n\n\n\n<div class=\"wp-block-columns is-layout-flex wp-container-core-columns-is-layout-28f84493 wp-block-columns-is-layout-flex\">\n<div class=\"wp-block-column is-vertically-aligned-stretch is-layout-flow wp-container-core-column-is-layout-8a368f38 wp-block-column-is-layout-flow\" style=\"flex-basis:48px\">\n<div class=\"wp-block-group has-global-padding is-layout-constrained wp-container-core-group-is-layout-4b2ef9fa wp-block-group-is-layout-constrained\">\n<div class=\"wp-block-group is-vertical is-content-justification-center is-nowrap is-layout-flex wp-container-core-group-is-layout-22bbd74c wp-block-group-is-layout-flex\" style=\"border-width:1px;border-radius:20rem;min-height:48px;padding-top:var(--wp--preset--spacing--20);padding-right:var(--wp--preset--spacing--20);padding-bottom:var(--wp--preset--spacing--20);padding-left:var(--wp--preset--spacing--20)\">\n<p class=\"has-small-font-size\" style=\"font-style:normal;font-weight:500;line-height:1\">2<\/p>\n<\/div>\n<\/div>\n<\/div>\n\n\n\n<div class=\"wp-block-column is-layout-flow wp-block-column-is-layout-flow\">\n<h3 class=\"wp-block-heading\" style=\"font-size:clamp(0.984rem, 0.984rem + ((1vw - 0.2rem) * 0.86), 1.5rem);line-height:1.5\">Deuxi\u00e8me \u00e9tape : Construction et formation<\/h3>\n\n\n\n<p class=\"has-small-font-size\" style=\"margin-top:8px\">Construction, am\u00e9lioration et r\u00e9novation d&rsquo;infrastructures scolaires, associ\u00e9es au maintien au village de l&rsquo;\u00e9quipe locale, pour <mark style=\"background-color:rgba(0, 0, 0, 0)\" class=\"has-inline-color has-foreground-color\">garantir une \u00e9ducation de qualit\u00e9 dans un cadre propice \u00e0 l\u2019apprentissage.<\/mark><\/p>\n\n\n\n<p><\/p>\n<\/div>\n<\/div>\n\n\n\n<div class=\"wp-block-columns is-layout-flex wp-container-core-columns-is-layout-28f84493 wp-block-columns-is-layout-flex\">\n<div class=\"wp-block-column is-vertically-aligned-stretch is-layout-flow wp-container-core-column-is-layout-8a368f38 wp-block-column-is-layout-flow\" style=\"flex-basis:48px\">\n<div class=\"wp-block-group has-global-padding is-layout-constrained wp-container-core-group-is-layout-4b2ef9fa wp-block-group-is-layout-constrained\">\n<div class=\"wp-block-group is-vertical is-content-justification-center is-nowrap is-layout-flex wp-container-core-group-is-layout-22bbd74c wp-block-group-is-layout-flex\" style=\"border-width:1px;border-radius:20rem;min-height:48px;padding-top:var(--wp--preset--spacing--20);padding-right:var(--wp--preset--spacing--20);padding-bottom:var(--wp--preset--spacing--20);padding-left:var(--wp--preset--spacing--20)\">\n<p class=\"has-small-font-size\" style=\"font-style:normal;font-weight:500;line-height:1\">3<\/p>\n<\/div>\n<\/div>\n<\/div>\n\n\n\n<div class=\"wp-block-column is-layout-flow wp-block-column-is-layout-flow\">\n<h3 class=\"wp-block-heading\" style=\"font-size:clamp(0.984rem, 0.984rem + ((1vw - 0.2rem) * 0.86), 1.5rem);line-height:1.5\">Troisi\u00e8me \u00e9tape : Accompagnement continu<\/h3>\n\n\n\n<p class=\"has-small-font-size\" style=\"margin-top:8px\">Suivi r\u00e9gulier et accompagnement de l&rsquo;\u00e9quipe locale pour garantir la p\u00e9rennit\u00e9 du projet, <mark style=\"background-color:rgba(0, 0, 0, 0)\" class=\"has-inline-color has-foreground-color\">les aider \u00e0 atteindre, autant que possible, l&rsquo;autonomie financi\u00e8re<\/mark> et permettre l&rsquo;\u00e9panouissement des enfants tout au long de leur parcours scolaire.<\/p>\n<\/div>\n<\/div>\n<\/div>\n<\/div>\n<\/div>\n\n\n\n<div class=\"wp-block-group alignfull has-tertiary-background-color has-background has-global-padding is-layout-constrained wp-container-core-group-is-layout-7276a2bb wp-block-group-is-layout-constrained\" style=\"margin-top:0;margin-bottom:0;padding-top:var(--wp--preset--spacing--60);padding-right:var(--wp--preset--spacing--30);padding-bottom:var(--wp--preset--spacing--60);padding-left:var(--wp--preset--spacing--30)\">\n<div class=\"wp-block-group alignwide has-global-padding is-content-justification-center is-layout-constrained wp-block-group-is-layout-constrained\">\n<h2 class=\"wp-block-heading has-text-align-center has-large-font-size\">Les chiffres cl\u00e9s du projet<\/h2>\n\n\n\n<p class=\"has-text-align-center\" style=\"margin-top:16px\">D\u00e9couvrez les chiffres essentiels illustrant l&rsquo;impact de notre initiative \u00e9ducative \u00e0 Chiro, mettant en lumi\u00e8re progr\u00e8s et succ\u00e8s.<\/p>\n<\/div>\n\n\n\n<div class=\"wp-block-columns alignwide is-layout-flex wp-container-core-columns-is-layout-643ced6b wp-block-columns-is-layout-flex\">\n<div class=\"wp-block-column is-layout-flow wp-block-column-is-layout-flow\">\n<h3 class=\"wp-block-heading has-text-align-center has-primary-color has-text-color has-x-large-font-size\" style=\"margin-bottom:16px\">3<\/h3>\n\n\n\n<h3 class=\"wp-block-heading has-text-align-center has-medium-font-size\" style=\"margin-top:16px\">Nombre de classes primaires<\/h3>\n\n\n\n<p class=\"has-text-align-center has-small-font-size\" style=\"margin-top:8px\">Nombre total de classes primaires \u00e0 ouvrir. <\/p>\n<\/div>\n\n\n\n<div class=\"wp-block-column is-layout-flow wp-block-column-is-layout-flow\">\n<h3 class=\"wp-block-heading has-text-align-center has-primary-color has-text-color has-x-large-font-size\">200<\/h3>\n\n\n\n<h3 class=\"wp-block-heading has-text-align-center has-medium-font-size\" style=\"margin-top:16px\">Enfants b\u00e9n\u00e9ficiaires<\/h3>\n\n\n\n<p class=\"has-text-align-center has-small-font-size\" style=\"margin-top:8px\">Nombre d&rsquo;enfants du village recevant \u00e0 ce jour une aide \u00e0 l&rsquo;\u00e9ducation gr\u00e2ce au projet OBT consistant \u00e0 donner des cours de support.<\/p>\n<\/div>\n\n\n\n<div class=\"wp-block-column is-layout-flow wp-block-column-is-layout-flow\">\n<h3 class=\"wp-block-heading has-text-align-center has-primary-color has-text-color has-x-large-font-size\">12<\/h3>\n\n\n\n<h3 class=\"wp-block-heading has-text-align-center has-medium-font-size\" style=\"margin-top:16px\">Membres de l&rsquo;\u00e9quipe locale<\/h3>\n\n\n\n<p class=\"has-text-align-center has-small-font-size\" style=\"margin-top:8px\">Membres de l&rsquo;\u00e9quipe locale impliqu\u00e9s pour assurer la p\u00e9rennit\u00e9 du projet.<\/p>\n<\/div>\n<\/div>\n<\/div>\n\n\n\n<div class=\"wp-block-group alignfull has-background-background-color has-background has-global-padding is-layout-constrained wp-container-core-group-is-layout-fb85e995 wp-block-group-is-layout-constrained\" style=\"margin-top:0;margin-bottom:0;padding-top:var(--wp--preset--spacing--60);padding-right:var(--wp--preset--spacing--30);padding-bottom:var(--wp--preset--spacing--60);padding-left:var(--wp--preset--spacing--30)\">\n<div class=\"wp-block-columns alignwide is-layout-flex wp-container-core-columns-is-layout-28f84493 wp-block-columns-is-layout-flex\">\n<div class=\"wp-block-column is-vertically-aligned-stretch is-layout-flow wp-container-core-column-is-layout-8a368f38 wp-block-column-is-layout-flow\" style=\"flex-basis:40%\">\n<p class=\"has-text-align-center\"><strong>Cours d&rsquo;Anglais \u00e0 OBT, Chiro<\/strong><\/p>\n\n\n\n<div style=\"height:15px\" aria-hidden=\"true\" class=\"wp-block-spacer\"><\/div>\n\n\n\n<figure class=\"wp-block-video\"><video height=\"850\" style=\"aspect-ratio: 478 \/ 850;\" width=\"478\" controls src=\"https:\/\/seaja.org\/wp-content\/uploads\/2025\/09\/VID-20250626-WA0036.mp4\"><\/video><\/figure>\n\n\n\n<div style=\"height:25px\" aria-hidden=\"true\" class=\"wp-block-spacer\"><\/div>\n\n\n\n<figure class=\"wp-block-image size-large\"><img loading=\"lazy\" decoding=\"async\" width=\"2560\" height=\"1440\" src=\"https:\/\/seaja.org\/wp-content\/uploads\/2025\/09\/20250625_104537-1-edited-scaled.jpg\" alt=\"\" class=\"wp-image-416\" srcset=\"https:\/\/seaja.org\/wp-content\/uploads\/2025\/09\/20250625_104537-1-edited-scaled.jpg 2560w, https:\/\/seaja.org\/wp-content\/uploads\/2025\/09\/20250625_104537-1-edited-300x169.jpg 300w, https:\/\/seaja.org\/wp-content\/uploads\/2025\/09\/20250625_104537-1-edited-1024x576.jpg 1024w, https:\/\/seaja.org\/wp-content\/uploads\/2025\/09\/20250625_104537-1-edited-768x432.jpg 768w, https:\/\/seaja.org\/wp-content\/uploads\/2025\/09\/20250625_104537-1-edited-1536x864.jpg 1536w, https:\/\/seaja.org\/wp-content\/uploads\/2025\/09\/20250625_104537-1-edited-2048x1152.jpg 2048w\" sizes=\"(max-width: 2560px) 100vw, 2560px\" \/><\/figure>\n<\/div>\n\n\n\n<div class=\"wp-block-column is-layout-flow wp-block-column-is-layout-flow\">\n<div class=\"wp-block-columns alignwide has-tertiary-background-color has-background is-layout-flex wp-container-core-columns-is-layout-28f84493 wp-block-columns-is-layout-flex\">\n<div class=\"wp-block-column is-layout-flow wp-block-column-is-layout-flow\" style=\"flex-basis:100%\">\n<div class=\"wp-block-group has-global-padding is-layout-constrained wp-block-group-is-layout-constrained\" style=\"padding-top:var(--wp--preset--spacing--40);padding-bottom:var(--wp--preset--spacing--40)\">\n<h3 class=\"wp-block-heading\" style=\"font-size:clamp(0.984rem, 0.984rem + ((1vw - 0.2rem) * 0.86), 1.5rem);\">L\u2019impact concret de SEAJA sur l\u2019\u00e9ducation avec OBT \u00e0 Chiro<\/h3>\n\n\n\n<p style=\"margin-top:16px\">Convaincus que seuls <mark style=\"background-color:rgba(0, 0, 0, 0)\" class=\"has-inline-color has-foreground-color\">des acteurs locaux engag\u00e9s<\/mark> peuvent mener \u00e0 bien les projets, nous collaborons \u00e9troitement avec eux pour identifier les besoins et \u00e9laborer des plans d&rsquo;action concrets, r\u00e9alisables et chiffr\u00e9s.<\/p>\n\n\n\n<figure class=\"wp-block-image aligncenter size-large\"><img loading=\"lazy\" decoding=\"async\" width=\"1024\" height=\"768\" src=\"https:\/\/seaja.org\/wp-content\/uploads\/2025\/09\/IMG-20250905-WA0002-1024x768.jpg\" alt=\"\" class=\"wp-image-469\" srcset=\"https:\/\/seaja.org\/wp-content\/uploads\/2025\/09\/IMG-20250905-WA0002-1024x768.jpg 1024w, https:\/\/seaja.org\/wp-content\/uploads\/2025\/09\/IMG-20250905-WA0002-300x225.jpg 300w, https:\/\/seaja.org\/wp-content\/uploads\/2025\/09\/IMG-20250905-WA0002-768x576.jpg 768w, https:\/\/seaja.org\/wp-content\/uploads\/2025\/09\/IMG-20250905-WA0002.jpg 1280w\" sizes=\"(max-width: 1024px) 100vw, 1024px\" \/><\/figure>\n<\/div>\n<\/div>\n<\/div>\n\n\n\n<div class=\"wp-block-columns alignwide has-tertiary-background-color has-background is-layout-flex wp-container-core-columns-is-layout-28f84493 wp-block-columns-is-layout-flex\">\n<div class=\"wp-block-column is-layout-flow wp-block-column-is-layout-flow\" style=\"flex-basis:100%\">\n<div class=\"wp-block-group has-global-padding is-layout-constrained wp-block-group-is-layout-constrained\" style=\"padding-top:var(--wp--preset--spacing--40);padding-bottom:var(--wp--preset--spacing--40)\">\n<h3 class=\"wp-block-heading\" style=\"font-size:clamp(0.984rem, 0.984rem + ((1vw - 0.2rem) * 0.86), 1.5rem);\">Offrir un avenir prometteur gr\u00e2ce \u00e0 l\u2019\u00e9ducation<\/h3>\n\n\n\n<p style=\"margin-top:16px\">Notre feuille de route inclut un projet fil rouge visant \u00e0 permettre \u00e0 l&rsquo;\u00e9quipe locale d&rsquo;<mark style=\"background-color:rgba(0, 0, 0, 0)\" class=\"has-inline-color has-foreground-color\">atteindre, \u00e0 moyen terme, l&rsquo;autonomie financi\u00e8re<\/mark><mark style=\"background-color:rgba(0, 0, 0, 0);color:#FE8578\" class=\"has-inline-color\"> <\/mark>n\u00e9cessaire pour poursuivre le d\u00e9veloppement de ses initiatives \u00e9ducatives au profit de la communaut\u00e9 locale.<\/p>\n\n\n\n<figure class=\"wp-block-video\"><video height=\"478\" style=\"aspect-ratio: 848 \/ 478;\" width=\"848\" controls src=\"https:\/\/seaja.org\/wp-content\/uploads\/2025\/09\/VID-20250626-WA0022.mp4\"><\/video><\/figure>\n<\/div>\n<\/div>\n<\/div>\n<\/div>\n<\/div>\n<\/div>\n\n\n\n<div class=\"wp-block-group alignfull has-background-background-color has-background has-global-padding is-layout-constrained wp-container-core-group-is-layout-9b19db8b wp-block-group-is-layout-constrained\" style=\"margin-top:0;margin-bottom:0;padding-top:var(--wp--preset--spacing--60);padding-right:var(--wp--preset--spacing--30);padding-bottom:var(--wp--preset--spacing--60);padding-left:var(--wp--preset--spacing--30)\">\n<div class=\"wp-block-media-text alignwide has-media-on-the-right is-stacked-on-mobile is-vertically-aligned-center is-image-fill-element\" style=\"padding-right:0;padding-left:0;grid-template-columns:auto 40%\"><div class=\"wp-block-media-text__content\">\n<div class=\"wp-block-group has-global-padding is-content-justification-left is-layout-constrained wp-container-core-group-is-layout-cdff7eec wp-block-group-is-layout-constrained\" style=\"padding-top:var(--wp--preset--spacing--30);padding-right:0;padding-bottom:var(--wp--preset--spacing--30);padding-left:0\">\n<h2 class=\"wp-block-heading has-large-font-size\">Soutenez l\u2019\u00e9ducation des enfants d\u00e9favoris\u00e9s en Asie<\/h2>\n\n\n\n<p style=\"margin-top:16px\">SEAJA PROJECTS s\u2019engage \u00e0 cr\u00e9er et g\u00e9rer des projets \u00e9ducatifs en Asie, apportant espoir et d\u00e9veloppement aux enfants et leurs familles dans le besoin.<\/p>\n\n\n\n<div class=\"wp-block-buttons is-layout-flex wp-container-core-buttons-is-layout-12dcd427 wp-block-buttons-is-layout-flex\" style=\"margin-top:var(--wp--preset--spacing--40)\">\n<div class=\"wp-block-button\"><a class=\"wp-block-button__link wp-element-button\" href=\"https:\/\/www.helloasso.com\/beta\/associations\/solidarite-enfants-d-asie-avec-joseph-et-agnes\/formulaires\/2\" target=\"_blank\" rel=\"noreferrer noopener\">Faire un don<\/a><\/div>\n<\/div>\n<\/div>\n<\/div><figure class=\"wp-block-media-text__media\"><img loading=\"lazy\" decoding=\"async\" width=\"1024\" height=\"768\" src=\"https:\/\/seaja.org\/wp-content\/uploads\/2025\/09\/DSCN1606-1024x768.jpg\" alt=\"\" class=\"wp-image-701 size-full\" style=\"object-position:50% 50%\" srcset=\"https:\/\/seaja.org\/wp-content\/uploads\/2025\/09\/DSCN1606-1024x768.jpg 1024w, https:\/\/seaja.org\/wp-content\/uploads\/2025\/09\/DSCN1606-300x225.jpg 300w, https:\/\/seaja.org\/wp-content\/uploads\/2025\/09\/DSCN1606-768x576.jpg 768w, https:\/\/seaja.org\/wp-content\/uploads\/2025\/09\/DSCN1606-1536x1152.jpg 1536w, https:\/\/seaja.org\/wp-content\/uploads\/2025\/09\/DSCN1606-2048x1536.jpg 2048w\" sizes=\"(max-width: 1024px) 100vw, 1024px\" \/><\/figure><\/div>\n<\/div>\n","protected":false},"excerpt":{"rendered":"<p>Le projet \u00e9ducatif de SEAJA peut transformer l&rsquo;avenir des enfants de Chiro Notre projet de cr\u00e9er une \u00e9cole primaire et secondaire dans le village cambodgien de Chiro s&rsquo;organise avec la communaut\u00e9 locale de l&rsquo;ONG cambodgienne OBT Chiro (\u00e0 proximit\u00e9 de Kampong Cham). Construisons ensemble un avenir prometteur pour Chiro OBT est une ONG locale dynamique [&hellip;]<\/p>\n","protected":false},"author":1,"featured_media":0,"parent":0,"menu_order":0,"comment_status":"closed","ping_status":"closed","template":"page-with-title","meta":{"give_campaign_id":0,"om_disable_all_campaigns":false,"_monsterinsights_skip_tracking":false,"_monsterinsights_sitenote_active":false,"_monsterinsights_sitenote_note":"","_monsterinsights_sitenote_category":0,"footnotes":""},"class_list":["post-171","page","type-page","status-publish","hentry"],"aioseo_notices":[],"campaignId":"","_links":{"self":[{"href":"https:\/\/seaja.org\/fr\/wp-json\/wp\/v2\/pages\/171","targetHints":{"allow":["GET"]}}],"collection":[{"href":"https:\/\/seaja.org\/fr\/wp-json\/wp\/v2\/pages"}],"about":[{"href":"https:\/\/seaja.org\/fr\/wp-json\/wp\/v2\/types\/page"}],"author":[{"embeddable":true,"href":"https:\/\/seaja.org\/fr\/wp-json\/wp\/v2\/users\/1"}],"replies":[{"embeddable":true,"href":"https:\/\/seaja.org\/fr\/wp-json\/wp\/v2\/comments?post=171"}],"version-history":[{"count":74,"href":"https:\/\/seaja.org\/fr\/wp-json\/wp\/v2\/pages\/171\/revisions"}],"predecessor-version":[{"id":2110,"href":"https:\/\/seaja.org\/fr\/wp-json\/wp\/v2\/pages\/171\/revisions\/2110"}],"wp:attachment":[{"href":"https:\/\/seaja.org\/fr\/wp-json\/wp\/v2\/media?parent=171"}],"curies":[{"name":"wp","href":"https:\/\/api.w.org\/{rel}","templated":true}]}}