{"id":1782,"date":"2026-04-02T16:33:16","date_gmt":"2026-04-02T14:33:16","guid":{"rendered":"https:\/\/seaja.org\/?page_id=1782"},"modified":"2026-04-02T16:54:00","modified_gmt":"2026-04-02T14:54:00","slug":"renovation-des-dortoirs-a-kampong-thom","status":"publish","type":"page","link":"https:\/\/seaja.org\/fr\/renovation-des-dortoirs-a-kampong-thom\/","title":{"rendered":"R\u00e9novation des dortoirs \u00e0 Kampong Thom"},"content":{"rendered":"\n<div class=\"wp-block-group alignfull is-style-ext-preset--group--natural-1--section has-background-background-color has-background has-global-padding is-layout-constrained wp-container-core-group-is-layout-e955bbaf wp-block-group-is-layout-constrained\" style=\"margin-top:0;margin-bottom:0;padding-top:var(--wp--preset--spacing--70);padding-bottom:var(--wp--preset--spacing--70)\">\n<div class=\"wp-block-columns alignwide is-layout-flex wp-container-core-columns-is-layout-28f84493 wp-block-columns-is-layout-flex\">\n<div class=\"wp-block-column is-vertically-aligned-center is-layout-flow wp-block-column-is-layout-flow\">\n<h2 class=\"wp-block-heading has-text-align-left ext-animate--on\">Am\u00e9liorer concr\u00e8tement le quotidien des enfants dans les dortoirs<\/h2>\n\n\n\n<p class=\"has-text-align-left ext-animate--on\" style=\"margin-top:1.5rem\">Apr\u00e8s avoir r\u00e9nov\u00e9 les toits pour mettre les dortoirs \u00e0 l&rsquo;abri des intemp\u00e9ries en 2025, SEAJA se consacre en 2026 \u00e0 mettre en \u0153uvre des projets visant \u00e0 am\u00e9liorer durablement le bien-\u00eatre des enfants.<\/p>\n\n\n\n<figure class=\"wp-block-image size-large\"><img fetchpriority=\"high\" decoding=\"async\" width=\"2560\" height=\"1440\" src=\"https:\/\/seaja.org\/wp-content\/uploads\/2026\/04\/20260129_105420-edited-scaled.jpg\" alt=\"\" class=\"wp-image-1934\" srcset=\"https:\/\/seaja.org\/wp-content\/uploads\/2026\/04\/20260129_105420-edited-scaled.jpg 2560w, https:\/\/seaja.org\/wp-content\/uploads\/2026\/04\/20260129_105420-edited-300x169.jpg 300w, https:\/\/seaja.org\/wp-content\/uploads\/2026\/04\/20260129_105420-edited-1024x576.jpg 1024w, https:\/\/seaja.org\/wp-content\/uploads\/2026\/04\/20260129_105420-edited-768x432.jpg 768w, https:\/\/seaja.org\/wp-content\/uploads\/2026\/04\/20260129_105420-edited-1536x864.jpg 1536w, https:\/\/seaja.org\/wp-content\/uploads\/2026\/04\/20260129_105420-edited-2048x1152.jpg 2048w, https:\/\/seaja.org\/wp-content\/uploads\/2026\/04\/20260129_105420-edited-18x10.jpg 18w\" sizes=\"(max-width: 2560px) 100vw, 2560px\" \/><\/figure>\n\n\n\n<div class=\"wp-block-group is-style-default has-global-padding is-layout-constrained wp-block-group-is-layout-constrained\">\n<figure class=\"wp-block-image aligncenter size-large ext-aspect-landscape wp-duotone-primary-foreground\"><img decoding=\"async\" src=\"data:image\/svg+xml;base64,PHN2ZyB4bWxucz0iaHR0cDovL3d3dy53My5vcmcvMjAwMC9zdmciIHdpZHRoPSI0OCIgaGVpZ2h0PSI0OCIgZmlsbD0iIzAwMDAwMCIgdmlld0JveD0iMCAwIDI1NiAyNTYiPjxwYXRoIGQ9Ik04MCw0MGE0MCw0MCwwLDEsMCw0MCw0MEE0MCw0MCwwLDAsMCw4MCw0MFptMCw2NGEyNCwyNCwwLDEsMSwyNC0yNEEyNCwyNCwwLDAsMSw4MCwxMDRabTk2LDE2YTQwLDQwLDAsMSwwLTQwLTQwQTQwLDQwLDAsMCwwLDE3NiwxMjBabTAtNjRhMjQsMjQsMCwxLDEtMjQsMjRBMjQsMjQsMCwwLDEsMTc2LDU2Wk04MCwxMzZhNDAsNDAsMCwxLDAsNDAsNDBBNDAsNDAsMCwwLDAsODAsMTM2Wm0wLDY0YTI0LDI0LDAsMSwxLDI0LTI0QTI0LDI0LDAsMCwxLDgwLDIwMFptOTYtNjRhNDAsNDAsMCwxLDAsNDAsNDBBNDAsNDAsMCwwLDAsMTc2LDEzNlptMCw2NGEyNCwyNCwwLDEsMSwyNC0yNEEyNCwyNCwwLDAsMSwxNzYsMjAwWiI+PC9wYXRoPjwvc3ZnPg==\" alt=\"\" style=\"object-fit:cover\"\/><\/figure>\n\n\n\n<h3 class=\"wp-block-heading has-text-align-center\">R\u00e9paration de l&rsquo;escalier principal<\/h3>\n\n\n\n<p class=\"has-text-align-center\">L&rsquo;escalier menant au dortoir des gar\u00e7ons mena\u00e7ait de s&rsquo;effondrer, repr\u00e9sentant un v\u00e9ritable danger. SEAJA s&rsquo;est imm\u00e9diatement mobilis\u00e9e pour le faire r\u00e9parer en priorit\u00e9 : la s\u00e9curit\u00e9 avant tout !<\/p>\n<\/div>\n\n\n\n<figure class=\"wp-block-image size-large\"><img decoding=\"async\" width=\"1024\" height=\"768\" src=\"https:\/\/seaja.org\/wp-content\/uploads\/2026\/04\/20260129_110518-1024x768.jpg\" alt=\"\" class=\"wp-image-1931\" srcset=\"https:\/\/seaja.org\/wp-content\/uploads\/2026\/04\/20260129_110518-1024x768.jpg 1024w, https:\/\/seaja.org\/wp-content\/uploads\/2026\/04\/20260129_110518-300x225.jpg 300w, https:\/\/seaja.org\/wp-content\/uploads\/2026\/04\/20260129_110518-768x576.jpg 768w, https:\/\/seaja.org\/wp-content\/uploads\/2026\/04\/20260129_110518-1536x1152.jpg 1536w, https:\/\/seaja.org\/wp-content\/uploads\/2026\/04\/20260129_110518-2048x1536.jpg 2048w, https:\/\/seaja.org\/wp-content\/uploads\/2026\/04\/20260129_110518-16x12.jpg 16w\" sizes=\"(max-width: 1024px) 100vw, 1024px\" \/><\/figure>\n<\/div>\n\n\n\n<div class=\"wp-block-column is-layout-flow wp-block-column-is-layout-flow\">\n<figure class=\"wp-block-image size-large\"><img decoding=\"async\" width=\"2560\" height=\"1440\" src=\"https:\/\/seaja.org\/wp-content\/uploads\/2026\/04\/20260129_105228-edited-scaled.jpg\" alt=\"\" class=\"wp-image-1933\" srcset=\"https:\/\/seaja.org\/wp-content\/uploads\/2026\/04\/20260129_105228-edited-scaled.jpg 2560w, https:\/\/seaja.org\/wp-content\/uploads\/2026\/04\/20260129_105228-edited-300x169.jpg 300w, https:\/\/seaja.org\/wp-content\/uploads\/2026\/04\/20260129_105228-edited-1024x576.jpg 1024w, https:\/\/seaja.org\/wp-content\/uploads\/2026\/04\/20260129_105228-edited-768x432.jpg 768w, https:\/\/seaja.org\/wp-content\/uploads\/2026\/04\/20260129_105228-edited-1536x864.jpg 1536w, https:\/\/seaja.org\/wp-content\/uploads\/2026\/04\/20260129_105228-edited-2048x1152.jpg 2048w, https:\/\/seaja.org\/wp-content\/uploads\/2026\/04\/20260129_105228-edited-18x10.jpg 18w\" sizes=\"(max-width: 2560px) 100vw, 2560px\" \/><\/figure>\n\n\n\n<div class=\"wp-block-group is-style-default has-global-padding is-layout-constrained wp-block-group-is-layout-constrained\">\n<figure class=\"wp-block-image aligncenter size-large ext-aspect-landscape wp-duotone-primary-foreground\"><img decoding=\"async\" src=\"data:image\/svg+xml;base64,PHN2ZyB4bWxucz0iaHR0cDovL3d3dy53My5vcmcvMjAwMC9zdmciIHdpZHRoPSI0OCIgaGVpZ2h0PSI0OCIgZmlsbD0iIzAwMDAwMCIgdmlld0JveD0iMCAwIDI1NiAyNTYiPjxwYXRoIGQ9Ik0xNzIsNzZhNDQsNDQsMCwxLDAtNDQsNDRBNDQuMDUsNDQuMDUsMCwwLDAsMTcyLDc2Wm0tNDQsMjhhMjgsMjgsMCwxLDEsMjgtMjhBMjgsMjgsMCwwLDEsMTI4LDEwNFptNjAsMjRhNDQsNDQsMCwxLDAsNDQsNDRBNDQuMDUsNDQuMDUsMCwwLDAsMTg4LDEyOFptMCw3MmEyOCwyOCwwLDEsMSwyOC0yOEEyOCwyOCwwLDAsMSwxODgsMjAwWk02OCwxMjhhNDQsNDQsMCwxLDAsNDQsNDRBNDQuMDUsNDQuMDUsMCwwLDAsNjgsMTI4Wm0wLDcyYTI4LDI4LDAsMSwxLDI4LTI4QTI4LDI4LDAsMCwxLDY4LDIwMFoiPjwvcGF0aD48L3N2Zz4=\" alt=\"\" style=\"object-fit:cover\"\/><\/figure>\n\n\n\n<h3 class=\"wp-block-heading has-text-align-center\">Modernisation des installations \u00e9lectriques<\/h3>\n\n\n\n<p class=\"has-text-align-center\">L&rsquo;installation \u00e9lectrique du dortoir des filles, totalement obsol\u00e8te et pr\u00e9sentant un danger, a \u00e9t\u00e9 prioris\u00e9e par SEAJA : la s\u00e9curit\u00e9 avant tout !<\/p>\n<\/div>\n\n\n\n<figure class=\"wp-block-image size-large\"><img loading=\"lazy\" decoding=\"async\" width=\"1024\" height=\"768\" src=\"https:\/\/seaja.org\/wp-content\/uploads\/2026\/04\/20260129_105209-1024x768.jpg\" alt=\"\" class=\"wp-image-1923\" srcset=\"https:\/\/seaja.org\/wp-content\/uploads\/2026\/04\/20260129_105209-1024x768.jpg 1024w, https:\/\/seaja.org\/wp-content\/uploads\/2026\/04\/20260129_105209-300x225.jpg 300w, https:\/\/seaja.org\/wp-content\/uploads\/2026\/04\/20260129_105209-768x576.jpg 768w, https:\/\/seaja.org\/wp-content\/uploads\/2026\/04\/20260129_105209-1536x1152.jpg 1536w, https:\/\/seaja.org\/wp-content\/uploads\/2026\/04\/20260129_105209-2048x1536.jpg 2048w, https:\/\/seaja.org\/wp-content\/uploads\/2026\/04\/20260129_105209-16x12.jpg 16w\" sizes=\"(max-width: 1024px) 100vw, 1024px\" \/><\/figure>\n\n\n\n<div class=\"wp-block-group is-style-default has-global-padding is-layout-constrained wp-block-group-is-layout-constrained\">\n<figure class=\"wp-block-image aligncenter size-large ext-aspect-landscape wp-duotone-primary-foreground\"><img decoding=\"async\" src=\"data:image\/svg+xml;base64,PHN2ZyB4bWxucz0iaHR0cDovL3d3dy53My5vcmcvMjAwMC9zdmciIHdpZHRoPSI0OCIgaGVpZ2h0PSI0OCIgZmlsbD0iIzAwMDAwMCIgdmlld0JveD0iMCAwIDI1NiAyNTYiPjxwYXRoIGQ9Ik04MCw0MGE0MCw0MCwwLDEsMCw0MCw0MEE0MCw0MCwwLDAsMCw4MCw0MFptMCw2NGEyNCwyNCwwLDEsMSwyNC0yNEEyNCwyNCwwLDAsMSw4MCwxMDRabTk2LDE2YTQwLDQwLDAsMSwwLTQwLTQwQTQwLDQwLDAsMCwwLDE3NiwxMjBabTAtNjRhMjQsMjQsMCwxLDEtMjQsMjRBMjQsMjQsMCwwLDEsMTc2LDU2Wk04MCwxMzZhNDAsNDAsMCwxLDAsNDAsNDBBNDAsNDAsMCwwLDAsODAsMTM2Wm0wLDY0YTI0LDI0LDAsMSwxLDI0LTI0QTI0LDI0LDAsMCwxLDgwLDIwMFptMTM2LTI0YTgsOCwwLDAsMS04LDhIMTg0djI0YTgsOCwwLDAsMS0xNiwwVjE4NEgxNDRhOCw4LDAsMCwxLDAtMTZoMjRWMTQ0YTgsOCwwLDAsMSwxNiwwdjI0aDI0QTgsOCwwLDAsMSwyMTYsMTc2WiI+PC9wYXRoPjwvc3ZnPg==\" alt=\"\" style=\"object-fit:cover\"\/><\/figure>\n\n\n\n<h3 class=\"wp-block-heading has-text-align-center\">Modernisation des lits<\/h3>\n\n\n\n<p class=\"has-text-align-center\">\u00c0 l&rsquo;unanimit\u00e9, les filles ont demand\u00e9 \u00e0 SEAJA de remplacer leurs lits v\u00e9tustes. SEAJA prendra en charge cette demande apr\u00e8s l&rsquo;\u00e9tat des lieux pr\u00e9vu d\u00e9but juin.<\/p>\n<\/div>\n<\/div>\n<\/div>\n<\/div>\n\n\n\n<div class=\"wp-block-group alignfull is-style-ext-preset--group--natural-1--section has-tertiary-background-color has-background has-global-padding is-layout-constrained wp-container-core-group-is-layout-f72f1611 wp-block-group-is-layout-constrained\" style=\"margin-top:0;margin-bottom:0;padding-top:var(--wp--preset--spacing--70);padding-bottom:var(--wp--preset--spacing--70)\">\n<div class=\"wp-block-columns alignwide is-layout-flex wp-container-core-columns-is-layout-28f84493 wp-block-columns-is-layout-flex\">\n<div class=\"wp-block-column is-layout-flow wp-block-column-is-layout-flow\">\n<h2 class=\"wp-block-heading ext-animate--on\">L&rsquo;hygi\u00e8ne, c&rsquo;est essentiels ! La salle de bain des gar\u00e7ons<\/h2>\n\n\n\n<p class=\"has-text-align-left ext-animate--on\">Apr\u00e8s la r\u00e9novation des toilettes en 2025, il est maintenant n\u00e9cessaire de r\u00e9nover la salle de bain des gar\u00e7ons, qui est reli\u00e9e \u00e0 une fosse septique \u00e0 reconstruire enti\u00e8rement. Ces travaux, qui doivent imp\u00e9rativement \u00eatre achev\u00e9s avant le d\u00e9but de la saison des pluies fin juin, ont r\u00e9cemment \u00e9t\u00e9 lanc\u00e9s par SEAJA.<\/p>\n\n\n\n<figure class=\"wp-block-image size-large\"><img loading=\"lazy\" decoding=\"async\" width=\"1024\" height=\"768\" src=\"https:\/\/seaja.org\/wp-content\/uploads\/2026\/03\/IMG-20260109-WA0002-1024x768.jpg\" alt=\"\" class=\"wp-image-1900\" srcset=\"https:\/\/seaja.org\/wp-content\/uploads\/2026\/03\/IMG-20260109-WA0002-1024x768.jpg 1024w, https:\/\/seaja.org\/wp-content\/uploads\/2026\/03\/IMG-20260109-WA0002-300x225.jpg 300w, https:\/\/seaja.org\/wp-content\/uploads\/2026\/03\/IMG-20260109-WA0002-768x576.jpg 768w, https:\/\/seaja.org\/wp-content\/uploads\/2026\/03\/IMG-20260109-WA0002-1536x1152.jpg 1536w, https:\/\/seaja.org\/wp-content\/uploads\/2026\/03\/IMG-20260109-WA0002-16x12.jpg 16w, https:\/\/seaja.org\/wp-content\/uploads\/2026\/03\/IMG-20260109-WA0002.jpg 1600w\" sizes=\"(max-width: 1024px) 100vw, 1024px\" \/><\/figure>\n<\/div>\n\n\n\n<div class=\"wp-block-column is-layout-flow wp-block-column-is-layout-flow\">\n<figure class=\"wp-block-image size-large\"><img loading=\"lazy\" decoding=\"async\" width=\"1024\" height=\"576\" src=\"https:\/\/seaja.org\/wp-content\/uploads\/2026\/04\/SalledeBain-1024x576.jpg\" alt=\"\" class=\"wp-image-1937\" srcset=\"https:\/\/seaja.org\/wp-content\/uploads\/2026\/04\/SalledeBain-1024x576.jpg 1024w, https:\/\/seaja.org\/wp-content\/uploads\/2026\/04\/SalledeBain-300x169.jpg 300w, https:\/\/seaja.org\/wp-content\/uploads\/2026\/04\/SalledeBain-768x432.jpg 768w, https:\/\/seaja.org\/wp-content\/uploads\/2026\/04\/SalledeBain-1536x864.jpg 1536w, https:\/\/seaja.org\/wp-content\/uploads\/2026\/04\/SalledeBain-18x10.jpg 18w, https:\/\/seaja.org\/wp-content\/uploads\/2026\/04\/SalledeBain.jpg 1599w\" sizes=\"(max-width: 1024px) 100vw, 1024px\" \/><\/figure>\n\n\n\n<figure class=\"wp-block-video\"><video height=\"478\" style=\"aspect-ratio: 848 \/ 478;\" width=\"848\" controls src=\"https:\/\/seaja.org\/wp-content\/uploads\/2026\/04\/videoSDB.mp4\"><\/video><figcaption class=\"wp-element-caption\"><mark style=\"background-color:rgba(0, 0, 0, 0)\" class=\"has-inline-color has-foreground-color\">La d\u00e9molition de l&rsquo;anciennes salle de bain<\/mark><\/figcaption><\/figure>\n<\/div>\n<\/div>\n<\/div>\n\n\n\n<div class=\"wp-block-columns alignwide is-layout-flex wp-container-core-columns-is-layout-7abde1fe wp-block-columns-is-layout-flex\" style=\"padding-top:var(--wp--preset--spacing--40);padding-bottom:var(--wp--preset--spacing--40)\">\n<div class=\"wp-block-column is-vertically-aligned-center is-layout-flow wp-block-column-is-layout-flow\" style=\"flex-basis:25%\">\n<div class=\"wp-block-group has-global-padding is-layout-constrained wp-block-group-is-layout-constrained\">\n<h2 class=\"wp-block-heading has-text-align-center ext-animate--on\">Les chiffres cl\u00e9s de ces projets<\/h2>\n\n\n\n<div class=\"wp-block-buttons is-content-justification-center is-layout-flex wp-container-core-buttons-is-layout-a89b3969 wp-block-buttons-is-layout-flex\">\n<div class=\"wp-block-button\"><a class=\"wp-block-button__link wp-element-button\" href=\"https:\/\/www.helloasso.com\/associations\/solidarite-enfants-d-asie-avec-joseph-et-agnes\/formulaires\/2\" target=\"_blank\" rel=\"noreferrer noopener\">Faire un don<\/a><\/div>\n<\/div>\n<\/div>\n<\/div>\n\n\n\n<div class=\"wp-block-column is-vertically-aligned-center has-tertiary-background-color has-background is-layout-flow wp-block-column-is-layout-flow\" style=\"flex-basis:50%\">\n<div class=\"wp-block-group is-style-default has-tertiary-background-color has-background has-global-padding is-layout-constrained wp-block-group-is-layout-constrained\">\n<h3 class=\"wp-block-heading has-text-align-center has-primary-color has-text-color has-link-color has-x-large-font-size wp-elements-65248f7ab82fa9ad118f2f2c39fbb124\">76<\/h3>\n\n\n\n<h3 class=\"wp-block-heading has-text-align-center\">Enfants b\u00e9n\u00e9ficiaires<\/h3>\n\n\n\n<p class=\"has-text-align-center has-small-font-size\" style=\"padding-right:var(--wp--preset--spacing--50);padding-left:var(--wp--preset--spacing--50)\">Nombre d&rsquo;enfants accueillis dans les dortoirs r\u00e9nov\u00e9s garantissant un meilleur confort.<\/p>\n<\/div>\n<\/div>\n\n\n\n<div class=\"wp-block-column is-vertically-aligned-center has-tertiary-background-color has-background is-layout-flow wp-block-column-is-layout-flow\" style=\"flex-basis:25%\">\n<div class=\"wp-block-group is-style-default has-tertiary-background-color has-background has-global-padding is-layout-constrained wp-block-group-is-layout-constrained\" style=\"padding-top:43px;padding-bottom:43px\">\n<h3 class=\"wp-block-heading has-text-align-center has-primary-color has-text-color has-link-color has-x-large-font-size wp-elements-58985940b549fac9d830f379903a8b16\">7 600 euros<\/h3>\n\n\n\n<h3 class=\"wp-block-heading has-text-align-center\">Le co\u00fbt estim\u00e9 de ces projets<\/h3>\n<\/div>\n<\/div>\n<\/div>\n","protected":false},"excerpt":{"rendered":"<p>Am\u00e9liorer concr\u00e8tement le quotidien des enfants dans les dortoirs Apr\u00e8s avoir r\u00e9nov\u00e9 les toits pour mettre les dortoirs \u00e0 l&rsquo;abri des intemp\u00e9ries en 2025, SEAJA se consacre en 2026 \u00e0 mettre en \u0153uvre des projets visant \u00e0 am\u00e9liorer durablement le bien-\u00eatre des enfants. R\u00e9paration de l&rsquo;escalier principal L&rsquo;escalier menant au dortoir des gar\u00e7ons mena\u00e7ait de [&hellip;]<\/p>\n","protected":false},"author":1,"featured_media":0,"parent":0,"menu_order":0,"comment_status":"closed","ping_status":"closed","template":"page-with-title","meta":{"give_campaign_id":0,"om_disable_all_campaigns":false,"_monsterinsights_skip_tracking":false,"_monsterinsights_sitenote_active":false,"_monsterinsights_sitenote_note":"","_monsterinsights_sitenote_category":0,"footnotes":""},"class_list":["post-1782","page","type-page","status-publish","hentry"],"aioseo_notices":[],"campaignId":"","_links":{"self":[{"href":"https:\/\/seaja.org\/fr\/wp-json\/wp\/v2\/pages\/1782","targetHints":{"allow":["GET"]}}],"collection":[{"href":"https:\/\/seaja.org\/fr\/wp-json\/wp\/v2\/pages"}],"about":[{"href":"https:\/\/seaja.org\/fr\/wp-json\/wp\/v2\/types\/page"}],"author":[{"embeddable":true,"href":"https:\/\/seaja.org\/fr\/wp-json\/wp\/v2\/users\/1"}],"replies":[{"embeddable":true,"href":"https:\/\/seaja.org\/fr\/wp-json\/wp\/v2\/comments?post=1782"}],"version-history":[{"count":18,"href":"https:\/\/seaja.org\/fr\/wp-json\/wp\/v2\/pages\/1782\/revisions"}],"predecessor-version":[{"id":1960,"href":"https:\/\/seaja.org\/fr\/wp-json\/wp\/v2\/pages\/1782\/revisions\/1960"}],"wp:attachment":[{"href":"https:\/\/seaja.org\/fr\/wp-json\/wp\/v2\/media?parent=1782"}],"curies":[{"name":"wp","href":"https:\/\/api.w.org\/{rel}","templated":true}]}}