{"id":1784,"date":"2026-04-03T16:14:32","date_gmt":"2026-04-03T14:14:32","guid":{"rendered":"https:\/\/seaja.org\/?page_id=1784"},"modified":"2026-04-03T16:21:42","modified_gmt":"2026-04-03T14:21:42","slug":"la-cuisine-de-lorphelinat","status":"publish","type":"page","link":"https:\/\/seaja.org\/fr\/la-cuisine-de-lorphelinat\/","title":{"rendered":"La cuisine de l&rsquo;orphelinat"},"content":{"rendered":"\n<div class=\"wp-block-group alignfull is-style-ext-preset--group--natural-1--section has-background-background-color has-background has-global-padding is-layout-constrained wp-block-group-is-layout-constrained\" style=\"margin-top:0;margin-bottom:0;padding-top:var(--wp--preset--spacing--70);padding-bottom:var(--wp--preset--spacing--70)\">\n<div class=\"wp-block-columns alignwide are-vertically-aligned-center is-layout-flex wp-container-core-columns-is-layout-174606dc wp-block-columns-is-layout-flex\">\n<div class=\"wp-block-column is-vertically-aligned-center is-layout-flow wp-block-column-is-layout-flow\"><\/div>\n\n\n\n<div class=\"wp-block-column is-vertically-aligned-center is-layout-flow wp-block-column-is-layout-flow\"><\/div>\n<\/div>\n\n\n\n<div class=\"wp-block-columns alignwide is-layout-flex wp-container-core-columns-is-layout-28f84493 wp-block-columns-is-layout-flex\">\n<div class=\"wp-block-column is-layout-flow wp-block-column-is-layout-flow\">\n<figure class=\"wp-block-image size-large is-style-ext-preset--image--natural-1--image-1--content-right ext-animate--on is-style-ext-preset--image--natural-1--image-1--content-right--2\"><img fetchpriority=\"high\" decoding=\"async\" width=\"1024\" height=\"768\" src=\"https:\/\/seaja.org\/wp-content\/uploads\/2026\/04\/20260129_110136-1-1024x768.jpg\" alt=\"\" class=\"wp-image-1985\" style=\"aspect-ratio:1;object-fit:cover\" srcset=\"https:\/\/seaja.org\/wp-content\/uploads\/2026\/04\/20260129_110136-1-1024x768.jpg 1024w, https:\/\/seaja.org\/wp-content\/uploads\/2026\/04\/20260129_110136-1-300x225.jpg 300w, https:\/\/seaja.org\/wp-content\/uploads\/2026\/04\/20260129_110136-1-768x576.jpg 768w, https:\/\/seaja.org\/wp-content\/uploads\/2026\/04\/20260129_110136-1-1536x1152.jpg 1536w, https:\/\/seaja.org\/wp-content\/uploads\/2026\/04\/20260129_110136-1-2048x1536.jpg 2048w, https:\/\/seaja.org\/wp-content\/uploads\/2026\/04\/20260129_110136-1-16x12.jpg 16w\" sizes=\"(max-width: 1024px) 100vw, 1024px\" \/><\/figure>\n\n\n\n<figure class=\"wp-block-image size-large\"><img decoding=\"async\" width=\"1024\" height=\"768\" src=\"https:\/\/seaja.org\/wp-content\/uploads\/2026\/04\/20250627_105059-1024x768.jpg\" alt=\"\" class=\"wp-image-2002\" srcset=\"https:\/\/seaja.org\/wp-content\/uploads\/2026\/04\/20250627_105059-1024x768.jpg 1024w, https:\/\/seaja.org\/wp-content\/uploads\/2026\/04\/20250627_105059-300x225.jpg 300w, https:\/\/seaja.org\/wp-content\/uploads\/2026\/04\/20250627_105059-768x576.jpg 768w, https:\/\/seaja.org\/wp-content\/uploads\/2026\/04\/20250627_105059-1536x1152.jpg 1536w, https:\/\/seaja.org\/wp-content\/uploads\/2026\/04\/20250627_105059-2048x1536.jpg 2048w, https:\/\/seaja.org\/wp-content\/uploads\/2026\/04\/20250627_105059-16x12.jpg 16w\" sizes=\"(max-width: 1024px) 100vw, 1024px\" \/><\/figure>\n<\/div>\n\n\n\n<div class=\"wp-block-column is-vertically-aligned-center is-layout-flow wp-block-column-is-layout-flow\">\n<h2 class=\"wp-block-heading ext-animate--on\">Construire une cuisine hors de port\u00e9e des inondations<\/h2>\n\n\n\n<p class=\"ext-animate--on\" style=\"margin-top:1.5rem\">L&rsquo;orphelinat dispose aujourd&rsquo;hui de deux cuisines et deux services. Ces cuisines, situ\u00e9es en ext\u00e9rieur, fonctionnent au feu de bois. Cependant, le bois est co\u00fbteux et son approvisionnement demande des corv\u00e9es de coupe.<\/p>\n\n\n\n<p>Cependant, pendant la mousson, ces cuisines sont inond\u00e9es, ce qui accro\u00eet consid\u00e9rablement l&rsquo;inconfort de cette p\u00e9riode.<\/p>\n\n\n\n<p>SEAJA fera un point avec Ramine en juin prochain pour \u00e9valuer la localisation id\u00e9ale et le format optimal d\u2019une cuisine unique et fonctionnelle. Cette cuisine sera pleinement op\u00e9rationnelle en toutes saisons et aliment\u00e9e en gaz&#8230;<\/p>\n\n\n\n<figure class=\"wp-block-image size-large\"><img decoding=\"async\" width=\"1024\" height=\"768\" src=\"https:\/\/seaja.org\/wp-content\/uploads\/2026\/04\/20260129_105942-1-1024x768.jpg\" alt=\"\" class=\"wp-image-1986\" srcset=\"https:\/\/seaja.org\/wp-content\/uploads\/2026\/04\/20260129_105942-1-1024x768.jpg 1024w, https:\/\/seaja.org\/wp-content\/uploads\/2026\/04\/20260129_105942-1-300x225.jpg 300w, https:\/\/seaja.org\/wp-content\/uploads\/2026\/04\/20260129_105942-1-768x576.jpg 768w, https:\/\/seaja.org\/wp-content\/uploads\/2026\/04\/20260129_105942-1-1536x1152.jpg 1536w, https:\/\/seaja.org\/wp-content\/uploads\/2026\/04\/20260129_105942-1-2048x1536.jpg 2048w, https:\/\/seaja.org\/wp-content\/uploads\/2026\/04\/20260129_105942-1-16x12.jpg 16w\" sizes=\"(max-width: 1024px) 100vw, 1024px\" \/><figcaption class=\"wp-element-caption\"><mark style=\"background-color:rgba(0, 0, 0, 0)\" class=\"has-inline-color has-foreground-color\">La cuisine de l&rsquo;orphelinat de Kampong Thom dans son \u00e9tat actuel<\/mark><\/figcaption><\/figure>\n<\/div>\n<\/div>\n<\/div>\n\n\n\n<div class=\"wp-block-group alignfull is-style-ext-preset--group--natural-1--section has-tertiary-background-color has-background has-global-padding is-layout-constrained wp-container-core-group-is-layout-e955bbaf wp-block-group-is-layout-constrained\" style=\"margin-top:0;margin-bottom:0;padding-top:var(--wp--preset--spacing--70);padding-bottom:var(--wp--preset--spacing--70)\">\n<div class=\"wp-block-columns alignwide is-layout-flex wp-container-core-columns-is-layout-28f84493 wp-block-columns-is-layout-flex\">\n<div class=\"wp-block-column is-layout-flow wp-block-column-is-layout-flow\">\n<h2 class=\"wp-block-heading has-text-align-center ext-animate--on\">La nouvelle cuisine en chiffres<\/h2>\n\n\n\n<div class=\"wp-block-group is-style-default has-background-background-color has-background has-global-padding is-layout-constrained wp-container-core-group-is-layout-11c1ca01 wp-block-group-is-layout-constrained\" style=\"padding-right:var(--wp--preset--spacing--50);padding-left:var(--wp--preset--spacing--50)\">\n<h3 class=\"wp-block-heading has-text-align-center has-primary-color has-text-color has-link-color has-x-large-font-size wp-elements-65248f7ab82fa9ad118f2f2c39fbb124\">76<\/h3>\n\n\n\n<h3 class=\"wp-block-heading has-text-align-center\">Nombre d&rsquo;enfants b\u00e9n\u00e9ficiaires<\/h3>\n\n\n\n<p class=\"has-text-align-center\">Ce chiffre repr\u00e9sente les enfants dont la qualit\u00e9 de vie sera am\u00e9lior\u00e9e gr\u00e2ce \u00e0 ce projet.<\/p>\n<\/div>\n\n\n\n<div class=\"wp-block-buttons is-content-justification-center is-layout-flex wp-container-core-buttons-is-layout-a89b3969 wp-block-buttons-is-layout-flex\">\n<div class=\"wp-block-button\"><a class=\"wp-block-button__link wp-element-button\" href=\"https:\/\/www.helloasso.com\/beta\/associations\/solidarite-enfants-d-asie-avec-joseph-et-agnes\/formulaires\/2\" target=\"_blank\" rel=\"noreferrer noopener\">Faire un don<\/a><\/div>\n<\/div>\n<\/div>\n\n\n\n<div class=\"wp-block-column is-layout-flow wp-block-column-is-layout-flow\">\n<div class=\"wp-block-group is-style-default has-background-background-color has-background has-global-padding is-layout-constrained wp-container-core-group-is-layout-11c1ca01 wp-block-group-is-layout-constrained\" style=\"padding-right:var(--wp--preset--spacing--50);padding-left:var(--wp--preset--spacing--50)\">\n<h3 class=\"wp-block-heading has-text-align-center has-primary-color has-text-color has-link-color has-x-large-font-size wp-elements-bbbde404a550be5a7162e47326f68185\">5 000 Euros<\/h3>\n\n\n\n<h3 class=\"wp-block-heading has-text-align-center\">Co\u00fbt de la nouvelle cuisine<\/h3>\n<\/div>\n\n\n\n<div class=\"wp-block-group is-style-default has-background-background-color has-background has-global-padding is-layout-constrained wp-container-core-group-is-layout-11c1ca01 wp-block-group-is-layout-constrained\" style=\"padding-right:var(--wp--preset--spacing--50);padding-left:var(--wp--preset--spacing--50)\">\n<h3 class=\"wp-block-heading has-text-align-center has-primary-color has-text-color has-link-color has-x-large-font-size wp-elements-828852861adc25bcba13e044efe0219e\">160<\/h3>\n\n\n\n<h3 class=\"wp-block-heading has-text-align-center\">Repas pr\u00e9par\u00e9s quotidiennement<\/h3>\n\n\n\n<p class=\"has-text-align-center\">Nombre moyen de repas nutritifs servis chaque jour dans la nouvelle cuisine.<\/p>\n<\/div>\n<\/div>\n<\/div>\n<\/div>\n","protected":false},"excerpt":{"rendered":"<p>Construire une cuisine hors de port\u00e9e des inondations L&rsquo;orphelinat dispose aujourd&rsquo;hui de deux cuisines et deux services. Ces cuisines, situ\u00e9es en ext\u00e9rieur, fonctionnent au feu de bois. Cependant, le bois est co\u00fbteux et son approvisionnement demande des corv\u00e9es de coupe. Cependant, pendant la mousson, ces cuisines sont inond\u00e9es, ce qui accro\u00eet consid\u00e9rablement l&rsquo;inconfort de cette [&hellip;]<\/p>\n","protected":false},"author":1,"featured_media":0,"parent":0,"menu_order":0,"comment_status":"closed","ping_status":"closed","template":"page-with-title","meta":{"give_campaign_id":0,"om_disable_all_campaigns":false,"_monsterinsights_skip_tracking":false,"_monsterinsights_sitenote_active":false,"_monsterinsights_sitenote_note":"","_monsterinsights_sitenote_category":0,"footnotes":""},"class_list":["post-1784","page","type-page","status-publish","hentry"],"aioseo_notices":[],"campaignId":"","_links":{"self":[{"href":"https:\/\/seaja.org\/fr\/wp-json\/wp\/v2\/pages\/1784","targetHints":{"allow":["GET"]}}],"collection":[{"href":"https:\/\/seaja.org\/fr\/wp-json\/wp\/v2\/pages"}],"about":[{"href":"https:\/\/seaja.org\/fr\/wp-json\/wp\/v2\/types\/page"}],"author":[{"embeddable":true,"href":"https:\/\/seaja.org\/fr\/wp-json\/wp\/v2\/users\/1"}],"replies":[{"embeddable":true,"href":"https:\/\/seaja.org\/fr\/wp-json\/wp\/v2\/comments?post=1784"}],"version-history":[{"count":11,"href":"https:\/\/seaja.org\/fr\/wp-json\/wp\/v2\/pages\/1784\/revisions"}],"predecessor-version":[{"id":2005,"href":"https:\/\/seaja.org\/fr\/wp-json\/wp\/v2\/pages\/1784\/revisions\/2005"}],"wp:attachment":[{"href":"https:\/\/seaja.org\/fr\/wp-json\/wp\/v2\/media?parent=1784"}],"curies":[{"name":"wp","href":"https:\/\/api.w.org\/{rel}","templated":true}]}}