{"id":2018,"date":"2026-04-09T09:37:34","date_gmt":"2026-04-09T07:37:34","guid":{"rendered":"https:\/\/seaja.org\/?page_id=2018"},"modified":"2026-04-09T09:40:22","modified_gmt":"2026-04-09T07:40:22","slug":"la-visite-medicale-a-chiro","status":"publish","type":"page","link":"https:\/\/seaja.org\/fr\/la-visite-medicale-a-chiro\/","title":{"rendered":"La visite m\u00e9dicale \u00e0 Chiro"},"content":{"rendered":"\n<div class=\"wp-block-group alignfull is-style-ext-preset--group--natural-1--section has-background-background-color has-background has-global-padding is-layout-constrained wp-block-group-is-layout-constrained\" style=\"margin-top:0;margin-bottom:0;padding-top:var(--wp--preset--spacing--70);padding-bottom:0\">\n<div class=\"wp-block-media-text alignwide is-stacked-on-mobile is-image-fill-element is-style-ext-preset--media-text--natural-1--card-1 ext-animate--on has-tertiary-background-color has-background is-style-ext-preset--media-text--natural-1--card-1--2\"><figure class=\"wp-block-media-text__media\"><img fetchpriority=\"high\" decoding=\"async\" width=\"768\" height=\"1024\" src=\"https:\/\/seaja.org\/wp-content\/uploads\/2026\/04\/20260128_102935-768x1024.jpg\" alt=\"\" class=\"wp-image-2036 size-full\" style=\"object-position:50% 50%\" srcset=\"https:\/\/seaja.org\/wp-content\/uploads\/2026\/04\/20260128_102935-768x1024.jpg 768w, https:\/\/seaja.org\/wp-content\/uploads\/2026\/04\/20260128_102935-225x300.jpg 225w, https:\/\/seaja.org\/wp-content\/uploads\/2026\/04\/20260128_102935-1152x1536.jpg 1152w, https:\/\/seaja.org\/wp-content\/uploads\/2026\/04\/20260128_102935-1536x2048.jpg 1536w, https:\/\/seaja.org\/wp-content\/uploads\/2026\/04\/20260128_102935-9x12.jpg 9w, https:\/\/seaja.org\/wp-content\/uploads\/2026\/04\/20260128_102935-scaled.jpg 1920w\" sizes=\"(max-width: 768px) 100vw, 768px\" \/><\/figure><div class=\"wp-block-media-text__content\">\n<div class=\"wp-block-group alignwide is-vertical is-layout-flex wp-container-core-group-is-layout-53474e87 wp-block-group-is-layout-flex\" style=\"padding-top:var(--wp--preset--spacing--60);padding-bottom:var(--wp--preset--spacing--60)\">\n<div class=\"wp-block-group has-global-padding is-layout-constrained wp-container-core-group-is-layout-812d5580 wp-block-group-is-layout-constrained\" style=\"padding-top:0;padding-right:0;padding-bottom:0;padding-left:0\">\n<h2 class=\"wp-block-heading\">Le dermatologue \u00e0 Chiro !<\/h2>\n\n\n\n<p>Gr\u00e2ce au pr\u00e9cieux soutien de Mintha Care, SEAJA a organis\u00e9 en f\u00e9vrier (pendant notre mission l\u00e0-bas), une consultation dermatologique \u00e0 OBT Chiro.<\/p>\n\n\n\n<p>Il s&rsquo;agissait dans un premier temps d&rsquo;identifier les enfants et les personnes \u00e2g\u00e9es pr\u00e9sentant des probl\u00e8mes dermatologiques, de les examiner attentivement et d&rsquo;\u00e9tablir des prescriptions adapt\u00e9es.<\/p>\n\n\n\n<p>Dans un second temps, Mintha Care a pris en charge la fourniture gratuite des traitements adapt\u00e9s et leur acheminement vers Chiro.<\/p>\n\n\n\n<p>Pour chaque patient, un livret personnalis\u00e9 a \u00e9t\u00e9 cr\u00e9\u00e9, et la planification de la prochaine visite de suivi est d\u00e9j\u00e0 en cours !<\/p>\n\n\n\n<p>Un immense merci \u00e0 Sarah et Cassandre de Mintha Care pour leur soutien pr\u00e9cieux !<\/p>\n<\/div>\n\n\n\n<div class=\"wp-block-buttons is-layout-flex wp-block-buttons-is-layout-flex\">\n<div class=\"wp-block-button\"><a class=\"wp-block-button__link wp-element-button\" href=\"https:\/\/minthacare.group\/\" target=\"_blank\" rel=\"noreferrer noopener\">En savoir plus sur Mintha Care&#8230;<\/a><\/div>\n<\/div>\n<\/div>\n<\/div><\/div>\n<\/div>\n\n\n\n<div class=\"wp-block-group alignfull is-style-ext-preset--group--natural-1--section has-background-background-color has-background has-global-padding is-layout-constrained wp-container-core-group-is-layout-f72f1611 wp-block-group-is-layout-constrained\" style=\"margin-top:0;margin-bottom:0;padding-top:var(--wp--preset--spacing--70);padding-bottom:var(--wp--preset--spacing--70)\">\n<div class=\"wp-block-group alignwide ext-is-logical-start has-global-padding is-content-justification-left is-layout-constrained wp-container-core-group-is-layout-6729bdbe wp-block-group-is-layout-constrained\">\n<h2 class=\"wp-block-heading ext-animate--on\">La matin\u00e9e m\u00e9dicale dans l&rsquo;\u00e9cole de Chiro <\/h2>\n<\/div>\n\n\n\n<div class=\"wp-block-columns alignwide are-vertically-aligned-top is-layout-flex wp-container-core-columns-is-layout-87beb0d0 wp-block-columns-is-layout-flex\">\n<div class=\"wp-block-column is-vertically-aligned-top ext-animate--on is-layout-flow wp-container-core-column-is-layout-f5bb311e wp-block-column-is-layout-flow\">\n<figure class=\"wp-block-image size-large is-style-ext-preset--image--natural-1--image-1--content-bottom is-style-ext-preset--image--natural-1--image-1--content-bottom--4\"><img decoding=\"async\" width=\"768\" height=\"1024\" src=\"https:\/\/seaja.org\/wp-content\/uploads\/2026\/04\/20260128_104111-768x1024.jpg\" alt=\"\" class=\"wp-image-2037\" style=\"aspect-ratio:1;object-fit:cover\" srcset=\"https:\/\/seaja.org\/wp-content\/uploads\/2026\/04\/20260128_104111-768x1024.jpg 768w, https:\/\/seaja.org\/wp-content\/uploads\/2026\/04\/20260128_104111-225x300.jpg 225w, https:\/\/seaja.org\/wp-content\/uploads\/2026\/04\/20260128_104111-1152x1536.jpg 1152w, https:\/\/seaja.org\/wp-content\/uploads\/2026\/04\/20260128_104111-1536x2048.jpg 1536w, https:\/\/seaja.org\/wp-content\/uploads\/2026\/04\/20260128_104111-9x12.jpg 9w, https:\/\/seaja.org\/wp-content\/uploads\/2026\/04\/20260128_104111-scaled.jpg 1920w\" sizes=\"(max-width: 768px) 100vw, 768px\" \/><\/figure>\n\n\n\n<figure class=\"wp-block-image size-large is-style-ext-preset--image--natural-1--image-1--content-bottom is-style-ext-preset--image--natural-1--image-1--content-bottom--5\"><img decoding=\"async\" width=\"768\" height=\"1024\" src=\"https:\/\/seaja.org\/wp-content\/uploads\/2026\/04\/20260128_104730-768x1024.jpg\" alt=\"\" class=\"wp-image-2040\" style=\"aspect-ratio:1;object-fit:cover\" srcset=\"https:\/\/seaja.org\/wp-content\/uploads\/2026\/04\/20260128_104730-768x1024.jpg 768w, https:\/\/seaja.org\/wp-content\/uploads\/2026\/04\/20260128_104730-225x300.jpg 225w, https:\/\/seaja.org\/wp-content\/uploads\/2026\/04\/20260128_104730-1152x1536.jpg 1152w, https:\/\/seaja.org\/wp-content\/uploads\/2026\/04\/20260128_104730-1536x2048.jpg 1536w, https:\/\/seaja.org\/wp-content\/uploads\/2026\/04\/20260128_104730-9x12.jpg 9w, https:\/\/seaja.org\/wp-content\/uploads\/2026\/04\/20260128_104730-scaled.jpg 1920w\" sizes=\"(max-width: 768px) 100vw, 768px\" \/><\/figure>\n<\/div>\n\n\n\n<div class=\"wp-block-column is-vertically-aligned-top ext-animate--on is-layout-flow wp-container-core-column-is-layout-f5bb311e wp-block-column-is-layout-flow\">\n<figure class=\"wp-block-image size-large is-style-ext-preset--image--natural-1--image-1--content-bottom is-style-ext-preset--image--natural-1--image-1--content-bottom--6\"><img loading=\"lazy\" decoding=\"async\" width=\"768\" height=\"1024\" src=\"https:\/\/seaja.org\/wp-content\/uploads\/2026\/04\/20260128_104226-768x1024.jpg\" alt=\"\" class=\"wp-image-2038\" style=\"aspect-ratio:1;object-fit:cover\" srcset=\"https:\/\/seaja.org\/wp-content\/uploads\/2026\/04\/20260128_104226-768x1024.jpg 768w, https:\/\/seaja.org\/wp-content\/uploads\/2026\/04\/20260128_104226-225x300.jpg 225w, https:\/\/seaja.org\/wp-content\/uploads\/2026\/04\/20260128_104226-1152x1536.jpg 1152w, https:\/\/seaja.org\/wp-content\/uploads\/2026\/04\/20260128_104226-1536x2048.jpg 1536w, https:\/\/seaja.org\/wp-content\/uploads\/2026\/04\/20260128_104226-9x12.jpg 9w, https:\/\/seaja.org\/wp-content\/uploads\/2026\/04\/20260128_104226-scaled.jpg 1920w\" sizes=\"(max-width: 768px) 100vw, 768px\" \/><\/figure>\n\n\n\n<figure class=\"wp-block-image size-large is-style-ext-preset--image--natural-1--image-1--content-bottom is-style-ext-preset--image--natural-1--image-1--content-bottom--7\"><img loading=\"lazy\" decoding=\"async\" width=\"768\" height=\"1024\" src=\"https:\/\/seaja.org\/wp-content\/uploads\/2026\/04\/20260128_105957-768x1024.jpg\" alt=\"\" class=\"wp-image-2041\" style=\"aspect-ratio:1;object-fit:cover\" srcset=\"https:\/\/seaja.org\/wp-content\/uploads\/2026\/04\/20260128_105957-768x1024.jpg 768w, https:\/\/seaja.org\/wp-content\/uploads\/2026\/04\/20260128_105957-225x300.jpg 225w, https:\/\/seaja.org\/wp-content\/uploads\/2026\/04\/20260128_105957-1152x1536.jpg 1152w, https:\/\/seaja.org\/wp-content\/uploads\/2026\/04\/20260128_105957-1536x2048.jpg 1536w, https:\/\/seaja.org\/wp-content\/uploads\/2026\/04\/20260128_105957-9x12.jpg 9w, https:\/\/seaja.org\/wp-content\/uploads\/2026\/04\/20260128_105957-scaled.jpg 1920w\" sizes=\"(max-width: 768px) 100vw, 768px\" \/><\/figure>\n<\/div>\n\n\n\n<div class=\"wp-block-column is-vertically-aligned-top ext-animate--on is-layout-flow wp-container-core-column-is-layout-f5bb311e wp-block-column-is-layout-flow\">\n<figure class=\"wp-block-image size-large is-style-ext-preset--image--natural-1--image-1--content-bottom is-style-ext-preset--image--natural-1--image-1--content-bottom--8\"><img loading=\"lazy\" decoding=\"async\" width=\"768\" height=\"1024\" src=\"https:\/\/seaja.org\/wp-content\/uploads\/2026\/04\/20260128_104829-768x1024.jpg\" alt=\"\" class=\"wp-image-2039\" style=\"aspect-ratio:1;object-fit:cover\" srcset=\"https:\/\/seaja.org\/wp-content\/uploads\/2026\/04\/20260128_104829-768x1024.jpg 768w, https:\/\/seaja.org\/wp-content\/uploads\/2026\/04\/20260128_104829-225x300.jpg 225w, https:\/\/seaja.org\/wp-content\/uploads\/2026\/04\/20260128_104829-1152x1536.jpg 1152w, https:\/\/seaja.org\/wp-content\/uploads\/2026\/04\/20260128_104829-1536x2048.jpg 1536w, https:\/\/seaja.org\/wp-content\/uploads\/2026\/04\/20260128_104829-9x12.jpg 9w, https:\/\/seaja.org\/wp-content\/uploads\/2026\/04\/20260128_104829-scaled.jpg 1920w\" sizes=\"(max-width: 768px) 100vw, 768px\" \/><\/figure>\n\n\n\n<figure class=\"wp-block-image size-large is-style-ext-preset--image--natural-1--image-1--content-bottom is-style-ext-preset--image--natural-1--image-1--content-bottom--9\"><img loading=\"lazy\" decoding=\"async\" width=\"768\" height=\"1024\" src=\"https:\/\/seaja.org\/wp-content\/uploads\/2026\/04\/20260128_123023-768x1024.jpg\" alt=\"\" class=\"wp-image-2042\" style=\"aspect-ratio:1;object-fit:cover\" srcset=\"https:\/\/seaja.org\/wp-content\/uploads\/2026\/04\/20260128_123023-768x1024.jpg 768w, https:\/\/seaja.org\/wp-content\/uploads\/2026\/04\/20260128_123023-225x300.jpg 225w, https:\/\/seaja.org\/wp-content\/uploads\/2026\/04\/20260128_123023-1152x1536.jpg 1152w, https:\/\/seaja.org\/wp-content\/uploads\/2026\/04\/20260128_123023-1536x2048.jpg 1536w, https:\/\/seaja.org\/wp-content\/uploads\/2026\/04\/20260128_123023-9x12.jpg 9w, https:\/\/seaja.org\/wp-content\/uploads\/2026\/04\/20260128_123023-scaled.jpg 1920w\" sizes=\"(max-width: 768px) 100vw, 768px\" \/><\/figure>\n<\/div>\n<\/div>\n<\/div>\n","protected":false},"excerpt":{"rendered":"<p>Le dermatologue \u00e0 Chiro ! Gr\u00e2ce au pr\u00e9cieux soutien de Mintha Care, SEAJA a organis\u00e9 en f\u00e9vrier (pendant notre mission l\u00e0-bas), une consultation dermatologique \u00e0 OBT Chiro. Il s&rsquo;agissait dans un premier temps d&rsquo;identifier les enfants et les personnes \u00e2g\u00e9es pr\u00e9sentant des probl\u00e8mes dermatologiques, de les examiner attentivement et d&rsquo;\u00e9tablir des prescriptions adapt\u00e9es. Dans un [&hellip;]<\/p>\n","protected":false},"author":1,"featured_media":0,"parent":0,"menu_order":0,"comment_status":"closed","ping_status":"closed","template":"page-with-title","meta":{"give_campaign_id":0,"om_disable_all_campaigns":false,"_monsterinsights_skip_tracking":false,"_monsterinsights_sitenote_active":false,"_monsterinsights_sitenote_note":"","_monsterinsights_sitenote_category":0,"footnotes":""},"class_list":["post-2018","page","type-page","status-publish","hentry"],"aioseo_notices":[],"campaignId":"","_links":{"self":[{"href":"https:\/\/seaja.org\/fr\/wp-json\/wp\/v2\/pages\/2018","targetHints":{"allow":["GET"]}}],"collection":[{"href":"https:\/\/seaja.org\/fr\/wp-json\/wp\/v2\/pages"}],"about":[{"href":"https:\/\/seaja.org\/fr\/wp-json\/wp\/v2\/types\/page"}],"author":[{"embeddable":true,"href":"https:\/\/seaja.org\/fr\/wp-json\/wp\/v2\/users\/1"}],"replies":[{"embeddable":true,"href":"https:\/\/seaja.org\/fr\/wp-json\/wp\/v2\/comments?post=2018"}],"version-history":[{"count":13,"href":"https:\/\/seaja.org\/fr\/wp-json\/wp\/v2\/pages\/2018\/revisions"}],"predecessor-version":[{"id":2052,"href":"https:\/\/seaja.org\/fr\/wp-json\/wp\/v2\/pages\/2018\/revisions\/2052"}],"wp:attachment":[{"href":"https:\/\/seaja.org\/fr\/wp-json\/wp\/v2\/media?parent=2018"}],"curies":[{"name":"wp","href":"https:\/\/api.w.org\/{rel}","templated":true}]}}