{"id":2061,"date":"2026-04-09T14:19:05","date_gmt":"2026-04-09T12:19:05","guid":{"rendered":"https:\/\/seaja.org\/?page_id=2061"},"modified":"2026-04-10T11:34:37","modified_gmt":"2026-04-10T09:34:37","slug":"lecole-de-smey-au-ratanakiri","status":"publish","type":"page","link":"https:\/\/seaja.org\/fr\/lecole-de-smey-au-ratanakiri\/","title":{"rendered":"L&rsquo;\u00e9cole de Smey au Ratanakiri"},"content":{"rendered":"\n<div class=\"wp-block-columns alignwide is-layout-flex wp-container-core-columns-is-layout-28f84493 wp-block-columns-is-layout-flex\">\n<div class=\"wp-block-column is-vertically-aligned-top is-layout-flow wp-block-column-is-layout-flow\"><\/div>\n\n\n\n<div class=\"wp-block-column is-vertically-aligned-center is-layout-flow wp-block-column-is-layout-flow\"><\/div>\n<\/div>\n\n\n\n<div class=\"wp-block-media-text alignwide is-stacked-on-mobile is-image-fill-element is-style-ext-preset--media-text--natural-1--card-1 ext-animate--on has-tertiary-background-color has-background is-style-ext-preset--media-text--natural-1--card-1--1\" style=\"margin-top:var(--wp--preset--spacing--70);margin-bottom:0;padding-top:0;padding-bottom:0;grid-template-columns:39% auto\"><figure class=\"wp-block-media-text__media\"><img fetchpriority=\"high\" decoding=\"async\" width=\"1024\" height=\"1024\" src=\"https:\/\/seaja.org\/wp-content\/uploads\/2026\/03\/image.jpg\" alt=\"\" class=\"wp-image-1660 size-full\" style=\"object-position:50% 50%\" srcset=\"https:\/\/seaja.org\/wp-content\/uploads\/2026\/03\/image.jpg 1024w, https:\/\/seaja.org\/wp-content\/uploads\/2026\/03\/image-300x300.jpg 300w, https:\/\/seaja.org\/wp-content\/uploads\/2026\/03\/image-150x150.jpg 150w, https:\/\/seaja.org\/wp-content\/uploads\/2026\/03\/image-768x768.jpg 768w, https:\/\/seaja.org\/wp-content\/uploads\/2026\/03\/image-12x12.jpg 12w\" sizes=\"(max-width: 1024px) 100vw, 1024px\" \/><\/figure><div class=\"wp-block-media-text__content\">\n<div class=\"wp-block-group is-style-default has-global-padding is-layout-constrained wp-container-core-group-is-layout-d94e4266 wp-block-group-is-layout-constrained\" style=\"margin-top:0;margin-bottom:0;padding-top:var(--wp--preset--spacing--40);padding-right:var(--wp--preset--spacing--30);padding-bottom:var(--wp--preset--spacing--40);padding-left:var(--wp--preset--spacing--30)\">\n<p>Le Ratanakiri, situ\u00e9 \u00e0 l&rsquo;extr\u00eame nord-est du Cambodge, partage ses fronti\u00e8res avec le Vietnam et le Laos. Cette province est \u00e0 une distance d&rsquo;environ 600 kilom\u00e8tres de la capitale Phnom Penh, accessible via Kampong Cham et Kratie en bus.<\/p>\n\n\n\n<p style=\"margin-top:var(--wp--preset--spacing--20)\">Banlung, c\u2019est aussi la porte d\u2019entr\u00e9e au parc national Virachey, v\u00e9ritable sanctuaire pour les amoureux de la nature et de trekking.<\/p>\n\n\n\n<p>Website : www.Ratanakiri-smilingtours.com<\/p>\n\n\n\n<p>E-mail : smeyadventure@gmail.com<\/p>\n<\/div>\n<\/div><\/div>\n\n\n\n<div class=\"wp-block-columns alignwide is-layout-flex wp-container-core-columns-is-layout-e5ca2138 wp-block-columns-is-layout-flex\" style=\"padding-top:var(--wp--preset--spacing--40);padding-bottom:var(--wp--preset--spacing--30)\">\n<div class=\"wp-block-column is-vertically-aligned-center is-layout-flow wp-block-column-is-layout-flow\">\n<figure class=\"wp-block-video\"><video height=\"478\" style=\"aspect-ratio: 848 \/ 478;\" width=\"848\" controls src=\"https:\/\/seaja.org\/wp-content\/uploads\/2026\/03\/bungalows.mp4\"><\/video><\/figure>\n\n\n\n<p>\u00c0 47 ans, Smey est un autodidacte dont l\u2019excellent niveau d\u2019anglais lui permet de proposer ses services en tant que guide touristique et, surtout, d\u2019enseigner cette langue.<\/p>\n<\/div>\n\n\n\n<div class=\"wp-block-column is-layout-flow wp-block-column-is-layout-flow\">\n<p>Pour subvenir aux besoins de sa famille et financer son projet \u00e9ducatif, il loue des bungalows et organise des treks.<\/p>\n\n\n\n<p>Il offre des cours d\u2019anglais gratuits \u00e0 60 enfants \u00e2g\u00e9s de 11 \u00e0 17 ans, r\u00e9partis en 3 groupes d\u2019une heure, dans un local semi-ouvert, mal \u00e9quip\u00e9 et inadapt\u00e9. Smey est profond\u00e9ment engag\u00e9 et motiv\u00e9 pour soutenir sa communaut\u00e9 : \u00ab <em>je suis convaincu que chaque enfant, quelle que soit son origine sociale, doit avoir acc\u00e8s \u00e0 une \u00e9ducation de qualit\u00e9 ! <\/em>\u00bb<\/p>\n\n\n\n<p>Dans sa d\u00e9marche, Smey consid\u00e8re comme une \u00e9vidence que l\u2019acc\u00e8s \u00e0 l\u2019\u00e9ducation soit gratuit, avec l\u2019anglais comme mati\u00e8re essentielle.<\/p>\n\n\n\n<p>Il souhaite, \u00e0 travers ce projet, accueillir un plus grand nombre d\u2019\u00e9l\u00e8ves et offrir davantage d\u2019heures d\u2019enseignement. L\u2019apprentissage de l\u2019anglais ouvre les enfants au monde et leur donne acc\u00e8s \u00e0 des emplois n\u00e9cessitant cette langue, notamment dans le secteur du tourisme, que le Cambodge s\u2019efforce de d\u00e9velopper.<\/p>\n<\/div>\n<\/div>\n\n\n\n<div class=\"wp-block-media-text alignwide is-stacked-on-mobile is-image-fill-element is-style-ext-preset--media-text--natural-1--card-1 ext-animate--on has-tertiary-background-color has-background is-style-ext-preset--media-text--natural-1--card-1--2\" style=\"padding-top:0;padding-bottom:0;grid-template-columns:32% auto\"><figure class=\"wp-block-media-text__media\"><img decoding=\"async\" width=\"384\" height=\"654\" src=\"https:\/\/seaja.org\/wp-content\/uploads\/2026\/03\/Smey2.png\" alt=\"\" class=\"wp-image-1666 size-full\" style=\"object-position:50% 50%\" srcset=\"https:\/\/seaja.org\/wp-content\/uploads\/2026\/03\/Smey2.png 384w, https:\/\/seaja.org\/wp-content\/uploads\/2026\/03\/Smey2-176x300.png 176w, https:\/\/seaja.org\/wp-content\/uploads\/2026\/03\/Smey2-7x12.png 7w\" sizes=\"(max-width: 384px) 100vw, 384px\" \/><\/figure><div class=\"wp-block-media-text__content\">\n<div class=\"wp-block-group is-style-default has-global-padding is-layout-constrained wp-container-core-group-is-layout-a35945ca wp-block-group-is-layout-constrained\" style=\"padding-top:var(--wp--preset--spacing--30);padding-right:var(--wp--preset--spacing--30);padding-bottom:var(--wp--preset--spacing--30);padding-left:var(--wp--preset--spacing--30)\">\n<p>Smey est un homme passionn\u00e9 par son pays, engag\u00e9 envers sa jeunesse avec une \u00e9nergie, une volont\u00e9 et une d\u00e9termination contagieuses qui entra\u00eenent tous ceux qui le rencontrent dans ce projet crucial pour l\u2019avenir des enfants de la r\u00e9gion isol\u00e9e et peu d\u00e9velopp\u00e9e du Ratanakiri.<\/p>\n<\/div>\n<\/div><\/div>\n\n\n\n<div class=\"wp-block-media-text alignwide is-stacked-on-mobile is-image-fill-element is-style-ext-preset--media-text--natural-1--card-1 ext-animate--on has-tertiary-background-color has-background is-style-ext-preset--media-text--natural-1--card-1--3\" style=\"grid-template-columns:34% auto\"><figure class=\"wp-block-media-text__media\"><img decoding=\"async\" width=\"707\" height=\"604\" src=\"https:\/\/seaja.org\/wp-content\/uploads\/2026\/03\/Picture1.jpg\" alt=\"\" class=\"wp-image-1668 size-full\" style=\"object-position:50% 50%\" srcset=\"https:\/\/seaja.org\/wp-content\/uploads\/2026\/03\/Picture1.jpg 707w, https:\/\/seaja.org\/wp-content\/uploads\/2026\/03\/Picture1-300x256.jpg 300w, https:\/\/seaja.org\/wp-content\/uploads\/2026\/03\/Picture1-14x12.jpg 14w\" sizes=\"(max-width: 707px) 100vw, 707px\" \/><\/figure><div class=\"wp-block-media-text__content\">\n<div class=\"wp-block-group is-style-default has-global-padding is-layout-constrained wp-container-core-group-is-layout-e6f5721e wp-block-group-is-layout-constrained\" style=\"padding-top:var(--wp--preset--spacing--55);padding-right:var(--wp--preset--spacing--30);padding-bottom:var(--wp--preset--spacing--55);padding-left:var(--wp--preset--spacing--30)\">\n<h3 class=\"wp-block-heading\" style=\"font-size:clamp(15.747px, 0.984rem + ((1vw - 3.2px) * 0.86), 24px);\">Soutenons la construction de son \u00e9cole !<\/h3>\n\n\n\n<p style=\"margin-top:var(--wp--preset--spacing--20)\">Apr\u00e8s la construction de l\u2019\u00e9cole, SEAJA accompagnera Smey dans le d\u00e9veloppement de son activit\u00e9 touristique, un levier cl\u00e9 pour assurer son autonomie financi\u00e8re.<\/p>\n\n\n\n<p style=\"margin-top:var(--wp--preset--spacing--20)\">SEAJA entend financer la prise en charge des professeurs, la premi\u00e8re ann\u00e9e de mise en route de l\u2019\u00e9cole et accompagnera Smey dans la poursuite du d\u00e9veloppement de l\u2019\u00e9cole.<\/p>\n<\/div>\n<\/div><\/div>\n\n\n\n<div class=\"wp-block-columns alignwide is-layout-flex wp-container-core-columns-is-layout-7abde1fe wp-block-columns-is-layout-flex\" style=\"padding-top:var(--wp--preset--spacing--40);padding-bottom:var(--wp--preset--spacing--40)\">\n<div class=\"wp-block-column is-vertically-aligned-center is-layout-flow wp-block-column-is-layout-flow\">\n<h3 class=\"wp-block-heading\"><mark style=\"background-color:rgba(0, 0, 0, 0)\" class=\"has-inline-color has-primary-color\"><strong>Pour r\u00e9aliser ce projet : 35 000 dollars<\/strong><\/mark><\/h3>\n\n\n\n<p>Tranformer ces classes outdoor en une vraie \u00e9cole !<\/p>\n\n\n\n<p>La visite de SEAJA pr\u00e9vue pour juin prochain doit permettre de qualifier ce projet de mani\u00e8re d\u00e9finitive.<\/p>\n\n\n\n<div class=\"wp-block-buttons is-layout-flex wp-block-buttons-is-layout-flex\">\n<div class=\"wp-block-button\"><a class=\"wp-block-button__link wp-element-button\" href=\"https:\/\/www.helloasso.com\/associations\/solidarite-enfants-d-asie-avec-joseph-et-agnes\/formulaires\/2\">Faire un don<\/a><\/div>\n<\/div>\n<\/div>\n\n\n\n<div class=\"wp-block-column is-layout-flow wp-block-column-is-layout-flow\">\n<figure class=\"wp-block-video\"><video height=\"478\" style=\"aspect-ratio: 848 \/ 478;\" width=\"848\" controls src=\"https:\/\/seaja.org\/wp-content\/uploads\/2026\/04\/ourdoor_school3.mp4\"><\/video><\/figure>\n<\/div>\n<\/div>\n","protected":false},"excerpt":{"rendered":"<p>\u00c0 47 ans, Smey est un autodidacte dont l\u2019excellent niveau d\u2019anglais lui permet de proposer ses services en tant que guide touristique et, surtout, d\u2019enseigner cette langue. Pour subvenir aux besoins de sa famille et financer son projet \u00e9ducatif, il loue des bungalows et organise des treks. Il offre des cours d\u2019anglais gratuits \u00e0 60 [&hellip;]<\/p>\n","protected":false},"author":1,"featured_media":0,"parent":0,"menu_order":0,"comment_status":"closed","ping_status":"closed","template":"page-with-title","meta":{"give_campaign_id":0,"om_disable_all_campaigns":false,"_monsterinsights_skip_tracking":false,"_monsterinsights_sitenote_active":false,"_monsterinsights_sitenote_note":"","_monsterinsights_sitenote_category":0,"footnotes":""},"class_list":["post-2061","page","type-page","status-publish","hentry"],"aioseo_notices":[],"campaignId":"","_links":{"self":[{"href":"https:\/\/seaja.org\/fr\/wp-json\/wp\/v2\/pages\/2061","targetHints":{"allow":["GET"]}}],"collection":[{"href":"https:\/\/seaja.org\/fr\/wp-json\/wp\/v2\/pages"}],"about":[{"href":"https:\/\/seaja.org\/fr\/wp-json\/wp\/v2\/types\/page"}],"author":[{"embeddable":true,"href":"https:\/\/seaja.org\/fr\/wp-json\/wp\/v2\/users\/1"}],"replies":[{"embeddable":true,"href":"https:\/\/seaja.org\/fr\/wp-json\/wp\/v2\/comments?post=2061"}],"version-history":[{"count":11,"href":"https:\/\/seaja.org\/fr\/wp-json\/wp\/v2\/pages\/2061\/revisions"}],"predecessor-version":[{"id":2077,"href":"https:\/\/seaja.org\/fr\/wp-json\/wp\/v2\/pages\/2061\/revisions\/2077"}],"wp:attachment":[{"href":"https:\/\/seaja.org\/fr\/wp-json\/wp\/v2\/media?parent=2061"}],"curies":[{"name":"wp","href":"https:\/\/api.w.org\/{rel}","templated":true}]}}