{"id":457,"date":"2025-09-08T16:27:25","date_gmt":"2025-09-08T16:27:25","guid":{"rendered":"https:\/\/seaja.org\/?page_id=457"},"modified":"2026-03-23T16:09:10","modified_gmt":"2026-03-23T15:09:10","slug":"nos-missions","status":"publish","type":"page","link":"https:\/\/seaja.org\/fr\/nos-missions\/","title":{"rendered":"Nos missions"},"content":{"rendered":"\n<div class=\"wp-block-columns alignwide is-layout-flex wp-container-core-columns-is-layout-eae17e81 wp-block-columns-is-layout-flex\" style=\"margin-top:var(--wp--preset--spacing--70);margin-bottom:var(--wp--preset--spacing--70)\">\n<div class=\"wp-block-column is-layout-flow wp-block-column-is-layout-flow\">\n<h2 class=\"wp-block-heading has-large-font-size\">Notre engagement pour l&rsquo;\u00e9ducation des enfants d\u00e9favoris\u00e9s en Asie.<\/h2>\n\n\n\n<p style=\"margin-top:16px\">SEAJA est une association <mark style=\"background-color:rgba(0, 0, 0, 0)\" class=\"has-inline-color has-foreground-color\">apolitique et non confessionnelle <\/mark>d\u00e9di\u00e9e \u00e0 soutenir des projets \u00e9ducatifs dans les zones isol\u00e9es d&rsquo;Asie, offrant ainsi aux enfants moins favoris\u00e9s des chances r\u00e9elles d&rsquo;apprentissage et d&rsquo;\u00e9panouissement personnel.<\/p>\n\n\n\n<h3 class=\"wp-block-heading\">Des projets simples mais impactants !<\/h3>\n\n\n\n<p>SEAJA intervient sur deux types de projets : des projets simples de type Agile, permettant d\u2019obtenir des r\u00e9sultats rapides et significatifs dans les villages \u00e9loign\u00e9s des capitales. Convaincus que soutenir les familles favorise l\u2019\u00e9ducation des enfants, ces projets simples requi\u00e8rent des fonds modestes. Le second type de projet demande un investissement humain et financier plus important sur le moyen terme : la renaissance de l&rsquo;\u00e9cole Agn\u00e8s et Joseph.<\/p>\n\n\n\n<figure class=\"wp-block-image size-large\"><img fetchpriority=\"high\" decoding=\"async\" width=\"1024\" height=\"768\" src=\"https:\/\/seaja.org\/wp-content\/uploads\/2026\/03\/IMG-20251210-WA0013-1024x768.jpg\" alt=\"\" class=\"wp-image-1648\" srcset=\"https:\/\/seaja.org\/wp-content\/uploads\/2026\/03\/IMG-20251210-WA0013-1024x768.jpg 1024w, https:\/\/seaja.org\/wp-content\/uploads\/2026\/03\/IMG-20251210-WA0013-300x225.jpg 300w, https:\/\/seaja.org\/wp-content\/uploads\/2026\/03\/IMG-20251210-WA0013-768x576.jpg 768w, https:\/\/seaja.org\/wp-content\/uploads\/2026\/03\/IMG-20251210-WA0013-16x12.jpg 16w, https:\/\/seaja.org\/wp-content\/uploads\/2026\/03\/IMG-20251210-WA0013.jpg 1280w\" sizes=\"(max-width: 1024px) 100vw, 1024px\" \/><\/figure>\n<\/div>\n\n\n\n<div class=\"wp-block-column is-vertically-aligned-center is-layout-flow wp-block-column-is-layout-flow\">\n<figure class=\"wp-block-image size-large\"><img decoding=\"async\" width=\"1024\" height=\"768\" src=\"https:\/\/seaja.org\/wp-content\/uploads\/2026\/03\/IMG-20251127-WA0003-1024x768.jpg\" alt=\"\" class=\"wp-image-1646\" srcset=\"https:\/\/seaja.org\/wp-content\/uploads\/2026\/03\/IMG-20251127-WA0003-1024x768.jpg 1024w, https:\/\/seaja.org\/wp-content\/uploads\/2026\/03\/IMG-20251127-WA0003-300x225.jpg 300w, https:\/\/seaja.org\/wp-content\/uploads\/2026\/03\/IMG-20251127-WA0003-768x576.jpg 768w, https:\/\/seaja.org\/wp-content\/uploads\/2026\/03\/IMG-20251127-WA0003-16x12.jpg 16w, https:\/\/seaja.org\/wp-content\/uploads\/2026\/03\/IMG-20251127-WA0003.jpg 1280w\" sizes=\"(max-width: 1024px) 100vw, 1024px\" \/><\/figure>\n\n\n\n<h3 class=\"wp-block-heading\">Des \u00e9quipes locales impliqu\u00e9es !<\/h3>\n\n\n\n<p>Impliquant la concertation des villageois, ils sont l&rsquo;occasion de sensibiliser \u00e0 l\u2019importance de l\u2019\u00e9ducation et d&rsquo;envisager de nouveaux projets. Parall\u00e8lement, SEAJA soutient des projets moyen et long terme <mark style=\"background-color:rgba(0, 0, 0, 0)\" class=\"has-inline-color has-foreground-color\">port\u00e9s par des \u00e9quipes locales, <\/mark>comme la cr\u00e9ation d\u2019\u00e9coles primaires.<\/p>\n\n\n\n<h3 class=\"wp-block-heading\">Un projet phare ambitieux !<\/h3>\n\n\n\n<p>Son projet phare est la cr\u00e9ation d\u2019une \u00e9cole Agn\u00e8s et Joseph dans une localit\u00e9 en grande n\u00e9cessit\u00e9. L\u2019objectif commun \u00e0 tous ces projets est d\u2019<mark style=\"background-color:rgba(0, 0, 0, 0)\" class=\"has-inline-color has-foreground-color\">am\u00e9liorer les conditions de vie dans les villages ruraux<\/mark>, avec l\u2019ambition d\u2019offrir un niveau d\u2019\u00e9ducation minimal \u00e0 tous les enfants.<\/p>\n<\/div>\n<\/div>\n\n\n\n<div class=\"wp-block-columns alignwide has-tertiary-background-color has-background is-layout-flex wp-container-core-columns-is-layout-1e297cbc wp-block-columns-is-layout-flex\" style=\"padding-top:var(--wp--preset--spacing--70);padding-bottom:var(--wp--preset--spacing--70)\">\n<div class=\"wp-block-column is-layout-flow wp-block-column-is-layout-flow\">\n<figure class=\"wp-block-image\"><img decoding=\"async\" width=\"1920\" height=\"2560\" src=\"https:\/\/seaja.org\/wp-content\/uploads\/2025\/09\/DSC04568-scaled.jpg\" alt=\"\" class=\"wp-image-841\" srcset=\"https:\/\/seaja.org\/wp-content\/uploads\/2025\/09\/DSC04568-scaled.jpg 1920w, https:\/\/seaja.org\/wp-content\/uploads\/2025\/09\/DSC04568-225x300.jpg 225w, https:\/\/seaja.org\/wp-content\/uploads\/2025\/09\/DSC04568-768x1024.jpg 768w, https:\/\/seaja.org\/wp-content\/uploads\/2025\/09\/DSC04568-1152x1536.jpg 1152w, https:\/\/seaja.org\/wp-content\/uploads\/2025\/09\/DSC04568-1536x2048.jpg 1536w\" sizes=\"(max-width: 1920px) 100vw, 1920px\" \/><\/figure>\n<\/div>\n\n\n\n<div class=\"wp-block-column is-layout-flow wp-block-column-is-layout-flow\">\n<h2 class=\"wp-block-heading\">Les missions de SEAJA :<\/h2>\n\n\n\n<p class=\"has-slightly-large-font-size\">SEAJA s\u2019engage \u00e0 identifier et qualifier des projets visant \u00e0&nbsp;am\u00e9liorer la vie quotidienne&nbsp;au Cambodge, en particulier dans les zones \u00e9loign\u00e9es de Phnom Penh et Siem Reap, souvent per\u00e7ues comme mieux \u00e9quip\u00e9es.<\/p>\n\n\n\n<h3 class=\"wp-block-heading\">Des projets simples, une m\u00e9thode efficace<\/h3>\n\n\n\n<p class=\"has-slightly-large-font-size\">Adoptant une d\u00e9marche Agile, elle soutient, \u00e0 travers des projets simples, le d\u00e9veloppement des conditions de vie et surtout&nbsp;l\u2019\u00e9ducation des enfants dans de nombreux villages.<\/p>\n\n\n\n<h3 class=\"wp-block-heading\">L\u2019appui des \u00e9quipes locales<\/h3>\n\n\n\n<p class=\"has-slightly-large-font-size\">SEAJA s\u2019appuie sur&nbsp;des \u00e9quipes et des acteurs locaux&nbsp;capables d\u2019assurer une coordination efficace pour la r\u00e9alisation des projets. Dans chaque village, une r\u00e9flexion approfondie est men\u00e9e pour imaginer et mettre en \u0153uvre des solutions permettant d\u2019atteindre une autonomie financi\u00e8re minimale.<\/p>\n<\/div>\n<\/div>\n\n\n\n<div class=\"wp-block-group alignfull has-background-background-color has-background has-global-padding is-layout-constrained wp-container-core-group-is-layout-fb85e995 wp-block-group-is-layout-constrained\" style=\"margin-top:0;margin-bottom:0;padding-top:var(--wp--preset--spacing--60);padding-right:var(--wp--preset--spacing--30);padding-bottom:var(--wp--preset--spacing--60);padding-left:var(--wp--preset--spacing--30)\">\n<div class=\"wp-block-group alignwide has-global-padding is-content-justification-center is-layout-constrained wp-block-group-is-layout-constrained\">\n<h2 class=\"wp-block-heading has-text-align-center has-large-font-size\">T\u00e9moignages inspirants de jeunes adultes concern\u00e9s par SEAJA PROJECTS<\/h2>\n<\/div>\n\n\n\n<div class=\"wp-block-columns alignwide is-layout-flex wp-container-core-columns-is-layout-28f84493 wp-block-columns-is-layout-flex\">\n<div class=\"wp-block-column is-vertically-aligned-stretch has-tertiary-background-color has-background is-layout-flow wp-container-core-column-is-layout-8a368f38 wp-block-column-is-layout-flow\" style=\"flex-basis:40%\">\n<div class=\"wp-block-group has-tertiary-background-color has-background has-global-padding is-content-justification-center is-layout-constrained wp-container-core-group-is-layout-450fa432 wp-block-group-is-layout-constrained\" style=\"padding-top:var(--wp--preset--spacing--40);padding-right:var(--wp--preset--spacing--30);padding-bottom:var(--wp--preset--spacing--40);padding-left:var(--wp--preset--spacing--30)\">\n<h3 class=\"wp-block-heading\" style=\"font-size:clamp(1.188rem, 1.188rem + ((1vw - 0.2rem) * 1.153), 1.88rem);\">Offrir des opportunit\u00e9s d\u2019apprentissage aux enfants dans le besoin. L\u00e9a Ph\u00e2l\u00e9ap nous explique&#8230;(le 08\/09\/2025)<\/h3>\n\n\n\n<p style=\"margin-top:16px\">Comme Pramat Dey, mon village d&rsquo;origine, de nombreux villages vivent dans des conditions de vie pr\u00e9caires. Soutenir SEAJA, <mark style=\"background-color:rgba(0, 0, 0, 0)\" class=\"has-inline-color has-foreground-color\">c\u2019est aider les familles \u00e0 am\u00e9liorer leur quotidien<\/mark> et permettre aux enfants l\u2019acc\u00e8s \u00e0 l\u2019\u00e9cole primaire.<\/p>\n\n\n\n<p>L\u00e9a Ph\u00e2l\u00e9ap, adopt\u00e9e en 2002<\/p>\n<\/div>\n\n\n\n<figure class=\"wp-block-image size-large\"><img loading=\"lazy\" decoding=\"async\" width=\"1024\" height=\"768\" src=\"https:\/\/seaja.org\/wp-content\/uploads\/2025\/09\/20190517_101129-1024x768.jpg\" alt=\"\" class=\"wp-image-512\" srcset=\"https:\/\/seaja.org\/wp-content\/uploads\/2025\/09\/20190517_101129-1024x768.jpg 1024w, https:\/\/seaja.org\/wp-content\/uploads\/2025\/09\/20190517_101129-300x225.jpg 300w, https:\/\/seaja.org\/wp-content\/uploads\/2025\/09\/20190517_101129-768x576.jpg 768w, https:\/\/seaja.org\/wp-content\/uploads\/2025\/09\/20190517_101129-1536x1152.jpg 1536w, https:\/\/seaja.org\/wp-content\/uploads\/2025\/09\/20190517_101129-2048x1536.jpg 2048w\" sizes=\"(max-width: 1024px) 100vw, 1024px\" \/><\/figure>\n\n\n\n<div style=\"height:38px\" aria-hidden=\"true\" class=\"wp-block-spacer\"><\/div>\n\n\n\n<figure class=\"wp-block-gallery has-nested-images columns-default is-cropped wp-block-gallery-1 is-layout-flex wp-block-gallery-is-layout-flex\">\n<figure class=\"wp-block-image size-large\"><img loading=\"lazy\" decoding=\"async\" width=\"1024\" height=\"768\" data-id=\"510\" src=\"https:\/\/seaja.org\/wp-content\/uploads\/2025\/09\/20190517_101025-1024x768.jpg\" alt=\"\" class=\"wp-image-510\" srcset=\"https:\/\/seaja.org\/wp-content\/uploads\/2025\/09\/20190517_101025-1024x768.jpg 1024w, https:\/\/seaja.org\/wp-content\/uploads\/2025\/09\/20190517_101025-300x225.jpg 300w, https:\/\/seaja.org\/wp-content\/uploads\/2025\/09\/20190517_101025-768x576.jpg 768w, https:\/\/seaja.org\/wp-content\/uploads\/2025\/09\/20190517_101025-1536x1152.jpg 1536w, https:\/\/seaja.org\/wp-content\/uploads\/2025\/09\/20190517_101025-2048x1536.jpg 2048w\" sizes=\"(max-width: 1024px) 100vw, 1024px\" \/><\/figure>\n<\/figure>\n<\/div>\n\n\n\n<div class=\"wp-block-column is-layout-flow wp-block-column-is-layout-flow\">\n<div class=\"wp-block-media-text alignwide has-media-on-the-right is-stacked-on-mobile is-image-fill-element has-tertiary-background-color has-background\" style=\"grid-template-columns:auto 40%\"><div class=\"wp-block-media-text__content\">\n<div class=\"wp-block-group has-global-padding is-content-justification-center is-layout-constrained wp-block-group-is-layout-constrained\" style=\"padding-top:var(--wp--preset--spacing--40);padding-bottom:var(--wp--preset--spacing--40)\">\n<h3 class=\"wp-block-heading\" style=\"font-size:clamp(0.984rem, 0.984rem + ((1vw - 0.2rem) * 0.86), 1.5rem);\">Soutenir l\u2019\u00e9ducation pour un impact durable et significatif. Thida t\u00e9moigne&#8230;(le 08\/09\/2025)<\/h3>\n\n\n\n<p style=\"margin-top:16px\">Notre orphelinat de Kampong Thom, autrefois dynamique et proposant des cours de renforcement essentiels, s&rsquo;est malheureusement beaucoup d\u00e9grad\u00e9 depuis la pand\u00e9mie de Covid. <mark style=\"background-color:rgba(0, 0, 0, 0)\" class=\"has-inline-color has-foreground-color\">Soutenir SEAJA, c&rsquo;est offrir un cadre de vie digne aux enfants<\/mark><mark style=\"background-color:rgba(0, 0, 0, 0);color:#FE8578\" class=\"has-inline-color\"> <\/mark>et permettre la reprise des cours de soutien indispensables.<\/p>\n\n\n\n<p>Thida, arriv\u00e9e en France de Kampong Thom \u00e0 l&rsquo;\u00e2ge de 4 ans.<\/p>\n<\/div>\n<\/div><figure class=\"wp-block-media-text__media\"><img loading=\"lazy\" decoding=\"async\" width=\"768\" height=\"1024\" src=\"https:\/\/seaja.org\/wp-content\/uploads\/2025\/09\/THIDA-768x1024.jpg\" alt=\"\" class=\"wp-image-798 size-full\" style=\"object-position:50% 50%\" srcset=\"https:\/\/seaja.org\/wp-content\/uploads\/2025\/09\/THIDA-768x1024.jpg 768w, https:\/\/seaja.org\/wp-content\/uploads\/2025\/09\/THIDA-225x300.jpg 225w, https:\/\/seaja.org\/wp-content\/uploads\/2025\/09\/THIDA-1152x1536.jpg 1152w, https:\/\/seaja.org\/wp-content\/uploads\/2025\/09\/THIDA.jpg 1536w\" sizes=\"(max-width: 768px) 100vw, 768px\" \/><\/figure><\/div>\n\n\n\n<div class=\"wp-block-media-text alignwide is-stacked-on-mobile is-image-fill-element has-tertiary-background-color has-background\" style=\"grid-template-columns:53% auto\"><figure class=\"wp-block-media-text__media\"><img loading=\"lazy\" decoding=\"async\" width=\"402\" height=\"508\" src=\"https:\/\/seaja.org\/wp-content\/uploads\/2025\/09\/JulieKoliane.jpg\" alt=\"\" class=\"wp-image-800 size-full\" style=\"object-position:50% 50%\" srcset=\"https:\/\/seaja.org\/wp-content\/uploads\/2025\/09\/JulieKoliane.jpg 402w, https:\/\/seaja.org\/wp-content\/uploads\/2025\/09\/JulieKoliane-237x300.jpg 237w\" sizes=\"(max-width: 402px) 100vw, 402px\" \/><\/figure><div class=\"wp-block-media-text__content\">\n<div class=\"wp-block-group has-global-padding is-layout-constrained wp-block-group-is-layout-constrained\" style=\"padding-top:var(--wp--preset--spacing--40);padding-bottom:var(--wp--preset--spacing--40)\">\n<h3 class=\"wp-block-heading\" style=\"font-size:clamp(0.984rem, 0.984rem + ((1vw - 0.2rem) * 0.86), 1.5rem);\">Julie Koliane : pourquoi l&rsquo;orphelinat de Kampong Thom est important pour moi (le 08\/09\/2025)<\/h3>\n\n\n\n<p style=\"margin-top:16px\">L&rsquo;orphelinat de Kampong Thom repr\u00e9sente <mark style=\"background-color:rgba(0, 0, 0, 0)\" class=\"has-inline-color has-foreground-color\">une v\u00e9ritable chance d&rsquo;acc\u00e8s \u00e0 l&rsquo;\u00e9ducation pour de nombreux enfants des villages<\/mark> voisins, confront\u00e9s \u00e0 des difficult\u00e9s et des histoires souvent douloureuses. Il leur ouvre la porte vers un avenir meilleur. Soutenir SEAJA est indispensable pour pr\u00e9server cet espoir \u00e0 Kampong Thom.<\/p>\n\n\n\n<p>Julie Koliane, arriv\u00e9e en France de Kampong Thom \u00e0 l&rsquo;\u00e2ge de 6 ans.<\/p>\n<\/div>\n<\/div><\/div>\n<\/div>\n<\/div>\n<\/div>\n","protected":false},"excerpt":{"rendered":"<p>Notre engagement pour l&rsquo;\u00e9ducation des enfants d\u00e9favoris\u00e9s en Asie. SEAJA est une association apolitique et non confessionnelle d\u00e9di\u00e9e \u00e0 soutenir des projets \u00e9ducatifs dans les zones isol\u00e9es d&rsquo;Asie, offrant ainsi aux enfants moins favoris\u00e9s des chances r\u00e9elles d&rsquo;apprentissage et d&rsquo;\u00e9panouissement personnel. Des projets simples mais impactants ! SEAJA intervient sur deux types de projets : [&hellip;]<\/p>\n","protected":false},"author":1,"featured_media":0,"parent":0,"menu_order":0,"comment_status":"closed","ping_status":"closed","template":"page-with-title","meta":{"give_campaign_id":0,"om_disable_all_campaigns":false,"_monsterinsights_skip_tracking":false,"_monsterinsights_sitenote_active":false,"_monsterinsights_sitenote_note":"","_monsterinsights_sitenote_category":0,"footnotes":""},"class_list":["post-457","page","type-page","status-publish","hentry"],"aioseo_notices":[],"campaignId":"","_links":{"self":[{"href":"https:\/\/seaja.org\/fr\/wp-json\/wp\/v2\/pages\/457","targetHints":{"allow":["GET"]}}],"collection":[{"href":"https:\/\/seaja.org\/fr\/wp-json\/wp\/v2\/pages"}],"about":[{"href":"https:\/\/seaja.org\/fr\/wp-json\/wp\/v2\/types\/page"}],"author":[{"embeddable":true,"href":"https:\/\/seaja.org\/fr\/wp-json\/wp\/v2\/users\/1"}],"replies":[{"embeddable":true,"href":"https:\/\/seaja.org\/fr\/wp-json\/wp\/v2\/comments?post=457"}],"version-history":[{"count":74,"href":"https:\/\/seaja.org\/fr\/wp-json\/wp\/v2\/pages\/457\/revisions"}],"predecessor-version":[{"id":1655,"href":"https:\/\/seaja.org\/fr\/wp-json\/wp\/v2\/pages\/457\/revisions\/1655"}],"wp:attachment":[{"href":"https:\/\/seaja.org\/fr\/wp-json\/wp\/v2\/media?parent=457"}],"curies":[{"name":"wp","href":"https:\/\/api.w.org\/{rel}","templated":true}]}}