{"id":670,"date":"2025-09-10T15:53:04","date_gmt":"2025-09-10T15:53:04","guid":{"rendered":"https:\/\/seaja.org\/?page_id=670"},"modified":"2026-03-31T14:54:31","modified_gmt":"2026-03-31T12:54:31","slug":"parrains-seaja","status":"publish","type":"page","link":"https:\/\/seaja.org\/fr\/parrains-seaja\/","title":{"rendered":"Nos Parrains"},"content":{"rendered":"\n<div class=\"wp-block-group alignfull has-background-background-color has-background has-global-padding is-layout-constrained wp-container-core-group-is-layout-fb85e995 wp-block-group-is-layout-constrained\" style=\"margin-top:0;margin-bottom:0;padding-top:var(--wp--preset--spacing--60);padding-right:var(--wp--preset--spacing--30);padding-bottom:var(--wp--preset--spacing--60);padding-left:var(--wp--preset--spacing--30)\">\n<div class=\"wp-block-columns alignwide is-layout-flex wp-container-core-columns-is-layout-28f84493 wp-block-columns-is-layout-flex\">\n<div class=\"wp-block-column is-layout-flow wp-block-column-is-layout-flow\">\n<h2 class=\"wp-block-heading\">Le parcours engag\u00e9 d&rsquo;Anne Le Nen et de Muriel Robin pour l\u2019\u00e9ducation en Asie<\/h2>\n\n\n\n<p style=\"margin-top:16px\">Des millions d\u2019enfants en Asie n\u2019ont pas acc\u00e8s \u00e0 l\u2019\u00e9ducation. SEAJA existe pour leur donner cette chance et agit concr\u00e8tement pour changer cette r\u00e9alit\u00e9.<\/p>\n\n\n\n<p>De l\u2019\u00e9cole aux usines&nbsp;: voil\u00e0 le destin de trop d\u2019enfants dans les villages recul\u00e9s d\u2019Asie. En d\u00e9veloppant ces infrastructures \u00e9ducatives, Seaja brise ce cycle pour offrir aux enfants et \u00e0 leur famille une chance de futur.<\/p>\n\n\n\n<p>En soutenant les projets de SEAJA vous ne soutenez pas seulement des projets \u00e9ducatifs, vous offrez l\u2019espoir d\u2019un avenir digne pour ces enfants. Chaque don, petit ou grand se transforme en livre, en classe, en opportunit\u00e9s qui changent des vies\u2026<\/p>\n\n\n\n<div class=\"wp-block-columns alignwide are-vertically-aligned-center has-tertiary-background-color has-background is-layout-flex wp-container-core-columns-is-layout-7d6f5627 wp-block-columns-is-layout-flex\" style=\"padding-bottom:var(--wp--preset--spacing--30)\">\n<div class=\"wp-block-column is-vertically-aligned-center is-layout-flow wp-block-column-is-layout-flow\" style=\"flex-basis:25%\">\n<figure class=\"wp-block-image aligncenter size-full is-style-rounded\"><img fetchpriority=\"high\" decoding=\"async\" width=\"580\" height=\"397\" src=\"https:\/\/seaja.org\/wp-content\/uploads\/2025\/09\/MRV2.webp\" alt=\"\" class=\"wp-image-1108\" style=\"aspect-ratio:1;object-fit:cover\" srcset=\"https:\/\/seaja.org\/wp-content\/uploads\/2025\/09\/MRV2.webp 580w, https:\/\/seaja.org\/wp-content\/uploads\/2025\/09\/MRV2-300x205.webp 300w\" sizes=\"(max-width: 580px) 100vw, 580px\" \/><\/figure>\n<\/div>\n\n\n\n<div class=\"wp-block-column is-vertically-aligned-center is-layout-flow wp-block-column-is-layout-flow\" style=\"flex-basis:66.66%\">\n<div class=\"wp-block-group has-global-padding is-layout-constrained wp-block-group-is-layout-constrained\">\n<h4 class=\"wp-block-heading\" style=\"margin-top:18px;font-size:clamp(14px, 0.875rem + ((1vw - 3.2px) * 0.417), 18px);\">Anne et Muriel<\/h4>\n\n\n\n<p class=\"has-small-font-size\" style=\"margin-top:4px\">Marraines engag\u00e9es pour l&rsquo;\u00e9ducation<\/p>\n\n\n\n<p class=\"has-small-font-size\">Notre engagement avec SEAJA est une aventure humaine pour transformer des vies en Asie.<\/p>\n<\/div>\n<\/div>\n<\/div>\n<\/div>\n\n\n\n<div class=\"wp-block-column is-vertically-aligned-center is-layout-flow wp-block-column-is-layout-flow\">\n<figure class=\"wp-block-image\"><img decoding=\"async\" width=\"627\" height=\"679\" src=\"https:\/\/seaja.org\/wp-content\/uploads\/2025\/09\/robin.jpg\" alt=\"\" class=\"wp-image-965\" srcset=\"https:\/\/seaja.org\/wp-content\/uploads\/2025\/09\/robin.jpg 627w, https:\/\/seaja.org\/wp-content\/uploads\/2025\/09\/robin-277x300.jpg 277w\" sizes=\"(max-width: 627px) 100vw, 627px\" \/><\/figure>\n<\/div>\n<\/div>\n\n\n\n<div class=\"wp-block-columns alignwide is-layout-flex wp-container-core-columns-is-layout-28f84493 wp-block-columns-is-layout-flex\">\n<div class=\"wp-block-column is-layout-flow wp-block-column-is-layout-flow\">\n<div class=\"wp-block-group is-nowrap is-layout-flex wp-container-core-group-is-layout-6c531013 wp-block-group-is-layout-flex\">\n<div class=\"wp-block-columns alignwide has-tertiary-background-color has-background is-layout-flex wp-container-core-columns-is-layout-85ecde33 wp-block-columns-is-layout-flex\" style=\"margin-top:0;margin-bottom:0;padding-top:var(--wp--preset--spacing--70);padding-right:var(--wp--preset--spacing--70);padding-bottom:var(--wp--preset--spacing--70);padding-left:var(--wp--preset--spacing--70)\">\n<div class=\"wp-block-column is-layout-flow wp-block-column-is-layout-flow\" style=\"flex-basis:53%\">\n<div class=\"wp-block-group has-global-padding is-layout-constrained wp-block-group-is-layout-constrained\" style=\"padding-top:var(--wp--preset--spacing--40);padding-bottom:var(--wp--preset--spacing--40)\">\n<h2 class=\"wp-block-heading\">St\u00e9phane De Groodt : Soutenir l\u2019\u00e9ducation en Asie, un engagement de coeur !<\/h2>\n\n\n\n<figure class=\"wp-block-audio\"><audio controls src=\"https:\/\/seaja.org\/wp-content\/uploads\/2025\/10\/AUDIO-STEPHANE-DE-GROODT-online-audio-converter.com_.mp3\"><\/audio><figcaption class=\"wp-element-caption\"><strong><mark style=\"background-color:rgba(0, 0, 0, 0)\" class=\"has-inline-color has-primary-color\">LE MESSAGE DE NOTRE PARRAIN<\/mark><\/strong><\/figcaption><\/figure>\n\n\n\n<p style=\"margin-top:16px\">En Thailande, une \u00e9cole abandonn\u00e9e portait un nom familier&nbsp;: Agn\u00e8s et Joseph, les parents d\u00e9c\u00e9d\u00e9s de Patrice, l\u2019un des fondateurs de SEAJA. Ce n\u2019\u00e9tait pas un hasard, mais un appel clair \u00e0 r\u00e9agir&nbsp;! SEAJA a d\u00e9cid\u00e9 de la relever, pierre apr\u00e8s pierre et d\u2019en faire un de ses projets majeur. Restaurer cette \u00e9cole, c\u2019est transformer un abandon en espoir et offrir aux enfants d\u00e9favoris\u00e9s un lieu d\u2019avenir. C\u2019est transformer une histoire personnelle en espoir collectif.<\/p>\n\n\n\n<p style=\"margin-top:16px\">Chaque don compte pour redonner sa chance \u00e0 l\u2019oubli.<\/p>\n<\/div>\n<\/div>\n\n\n\n<div class=\"wp-block-column is-layout-flow wp-block-column-is-layout-flow\"><\/div>\n\n\n\n<div class=\"wp-block-column is-vertically-aligned-center is-layout-flow wp-block-column-is-layout-flow\" style=\"flex-basis:47%\">\n<figure class=\"wp-block-image\"><img decoding=\"async\" width=\"682\" height=\"1024\" src=\"https:\/\/seaja.org\/wp-content\/uploads\/2025\/09\/DEGROOT-682x1024.jpg\" alt=\"\" class=\"wp-image-1092\" srcset=\"https:\/\/seaja.org\/wp-content\/uploads\/2025\/09\/DEGROOT-682x1024.jpg 682w, https:\/\/seaja.org\/wp-content\/uploads\/2025\/09\/DEGROOT-200x300.jpg 200w, https:\/\/seaja.org\/wp-content\/uploads\/2025\/09\/DEGROOT-768x1153.jpg 768w, https:\/\/seaja.org\/wp-content\/uploads\/2025\/09\/DEGROOT-1023x1536.jpg 1023w, https:\/\/seaja.org\/wp-content\/uploads\/2025\/09\/DEGROOT.jpg 1066w\" sizes=\"(max-width: 682px) 100vw, 682px\" \/><\/figure>\n<\/div>\n<\/div>\n<\/div>\n<\/div>\n<\/div>\n<\/div>\n","protected":false},"excerpt":{"rendered":"<p>Le parcours engag\u00e9 d&rsquo;Anne Le Nen et de Muriel Robin pour l\u2019\u00e9ducation en Asie Des millions d\u2019enfants en Asie n\u2019ont pas acc\u00e8s \u00e0 l\u2019\u00e9ducation. SEAJA existe pour leur donner cette chance et agit concr\u00e8tement pour changer cette r\u00e9alit\u00e9. De l\u2019\u00e9cole aux usines&nbsp;: voil\u00e0 le destin de trop d\u2019enfants dans les villages recul\u00e9s d\u2019Asie. En d\u00e9veloppant [&hellip;]<\/p>\n","protected":false},"author":1,"featured_media":0,"parent":0,"menu_order":0,"comment_status":"closed","ping_status":"closed","template":"page-with-title","meta":{"give_campaign_id":0,"om_disable_all_campaigns":false,"_monsterinsights_skip_tracking":false,"_monsterinsights_sitenote_active":false,"_monsterinsights_sitenote_note":"","_monsterinsights_sitenote_category":0,"footnotes":""},"class_list":["post-670","page","type-page","status-publish","hentry"],"aioseo_notices":[],"campaignId":"","_links":{"self":[{"href":"https:\/\/seaja.org\/fr\/wp-json\/wp\/v2\/pages\/670","targetHints":{"allow":["GET"]}}],"collection":[{"href":"https:\/\/seaja.org\/fr\/wp-json\/wp\/v2\/pages"}],"about":[{"href":"https:\/\/seaja.org\/fr\/wp-json\/wp\/v2\/types\/page"}],"author":[{"embeddable":true,"href":"https:\/\/seaja.org\/fr\/wp-json\/wp\/v2\/users\/1"}],"replies":[{"embeddable":true,"href":"https:\/\/seaja.org\/fr\/wp-json\/wp\/v2\/comments?post=670"}],"version-history":[{"count":56,"href":"https:\/\/seaja.org\/fr\/wp-json\/wp\/v2\/pages\/670\/revisions"}],"predecessor-version":[{"id":1892,"href":"https:\/\/seaja.org\/fr\/wp-json\/wp\/v2\/pages\/670\/revisions\/1892"}],"wp:attachment":[{"href":"https:\/\/seaja.org\/fr\/wp-json\/wp\/v2\/media?parent=670"}],"curies":[{"name":"wp","href":"https:\/\/api.w.org\/{rel}","templated":true}]}}